{"id":33260,"date":"2025-02-20T22:35:06","date_gmt":"2025-02-20T22:35:06","guid":{"rendered":"http:\/\/olemosaic.com\/producto\/funda-de-telefono-para-iphone-12-tpu-mosaico-blanco\/"},"modified":"2025-07-25T20:17:03","modified_gmt":"2025-07-25T18:17:03","slug":"coque-de-telephone-pour-iphone-12-tpu-mosaique-blanc","status":"publish","type":"product","link":"https:\/\/olemosaic.com\/fr\/produit\/coque-de-telephone-pour-iphone-12-tpu-mosaique-blanc\/","title":{"rendered":"Coque de t\u00e9l\u00e9phone pour iPhone 12 (TPU). Mosa\u00efque. Blanc"},"content":{"rendered":"<p>Coque pour iPhone 12 avec un design de mosa\u00efque espagnole, id\u00e9ale pour ceux qui recherchent un souvenir authentique et fonctionnel capturant l&rsquo;essence de l&rsquo;art populaire espagnol. Fabriqu\u00e9e en TPU, cette coque offre une protection robuste et l\u00e9g\u00e8re, parfaite pour le quotidien. Le design vibrant de mosa\u00efque \u00e9voque la riche tradition de la c\u00e9ramique espagnole, pr\u00e9sentant une explosion de couleurs telles que le rouge, le bleu et le jaune. Chaque motif floral et g\u00e9om\u00e9trique est soigneusement dispos\u00e9, cr\u00e9ant une \u0153uvre d&rsquo;art qui non seulement prot\u00e8ge votre appareil, mais ajoute \u00e9galement une touche distinctive et artistique \u00e0 votre style personnel.<\/p>\n<p>La connexion culturelle de cette coque r\u00e9side dans l&rsquo;h\u00e9ritage de la c\u00e9ramique espagnole, une tradition qui a embelli les espaces et les objets pendant des si\u00e8cles, et qui est maintenant c\u00e9l\u00e9br\u00e9e \u00e0 travers cet accessoire sophistiqu\u00e9. Chez Ol\u00e9 Mosaic, nous comprenons l&rsquo;importance d&rsquo;offrir des souvenirs repr\u00e9sentatifs et authentiques. Cet article n&rsquo;est pas seulement un excellent souvenir pour les touristes visitant l&rsquo;Espagne, mais aussi une merveilleuse option pour les magasins de cadeaux touristiques souhaitant proposer des produits de qualit\u00e9. En tant que grossistes de coques, nous garantissons que chaque pi\u00e8ce se distingue par son design attrayant et sa pertinence culturelle, ce qui en fait le choix parfait pour ceux qui recherchent des souvenirs en c\u00e9ramique authentiques et fonctionnels.<\/p>\n","protected":false},"excerpt":{"rendered":"<p>Coque pour iPhone 12 fabriqu\u00e9e en TPU, d\u00e9cor\u00e9e d&rsquo;un design vibrant de mosa\u00efque qui \u00e9voque la riche tradition c\u00e9ramique espagnole. Elle pr\u00e9sente une combinaison de couleurs \u00e9clatantes, comme le rouge, le bleu et le jaune, organis\u00e9es en motifs floraux et g\u00e9om\u00e9triques qui refl\u00e8tent l&rsquo;art populaire. Cette coque ne prot\u00e8ge pas seulement votre appareil, elle ajoute \u00e9galement une touche artistique et distinctive, id\u00e9ale pour les amateurs de design.<\/p>\n","protected":false},"featured_media":12997,"template":"","meta":{"_acf_changed":false},"product_brand":[],"product_cat":[674],"product_tag":[],"class_list":{"0":"post-33260","1":"product","2":"type-product","3":"status-publish","4":"has-post-thumbnail","6":"product_cat-etuis-pour-telephones-portables","7":"pa_motivo-mosaique","9":"first","10":"instock","11":"shipping-taxable","12":"product-type-simple"},"acf":[],"_links":{"self":[{"href":"https:\/\/olemosaic.com\/fr\/wp-json\/wp\/v2\/product\/33260","targetHints":{"allow":["GET"]}}],"collection":[{"href":"https:\/\/olemosaic.com\/fr\/wp-json\/wp\/v2\/product"}],"about":[{"href":"https:\/\/olemosaic.com\/fr\/wp-json\/wp\/v2\/types\/product"}],"wp:featuredmedia":[{"embeddable":true,"href":"https:\/\/olemosaic.com\/fr\/wp-json\/wp\/v2\/media\/12997"}],"wp:attachment":[{"href":"https:\/\/olemosaic.com\/fr\/wp-json\/wp\/v2\/media?parent=33260"}],"wp:term":[{"taxonomy":"product_brand","embeddable":true,"href":"https:\/\/olemosaic.com\/fr\/wp-json\/wp\/v2\/product_brand?post=33260"},{"taxonomy":"product_cat","embeddable":true,"href":"https:\/\/olemosaic.com\/fr\/wp-json\/wp\/v2\/product_cat?post=33260"},{"taxonomy":"product_tag","embeddable":true,"href":"https:\/\/olemosaic.com\/fr\/wp-json\/wp\/v2\/product_tag?post=33260"}],"curies":[{"name":"wp","href":"https:\/\/api.w.org\/{rel}","templated":true}]}}