{"id":33259,"date":"2025-02-20T22:35:06","date_gmt":"2025-02-20T22:35:06","guid":{"rendered":"http:\/\/olemosaic.com\/producto\/funda-de-telefono-para-iphone-12-tpu-gato-mallorca-blanco\/"},"modified":"2025-07-25T20:28:20","modified_gmt":"2025-07-25T18:28:20","slug":"coque-de-telephone-pour-iphone-12-tpu-chat-majorque-blanc","status":"publish","type":"product","link":"https:\/\/olemosaic.com\/fr\/produit\/coque-de-telephone-pour-iphone-12-tpu-chat-majorque-blanc\/","title":{"rendered":"Coque de t\u00e9l\u00e9phone pour iPhone 12 (TPU). Chat. Majorque. Blanc"},"content":{"rendered":"<p>Coque pour iPhone 12 avec un design de chat stylis\u00e9, inspir\u00e9e de l&rsquo;\u00eele vibrante de Majorque. Cette coque est fabriqu\u00e9e en TPU de haute qualit\u00e9, ce qui assure non seulement une protection optimale pour votre appareil, mais aussi un ajustement parfait et une sensation agr\u00e9able au toucher. Le design pr\u00e9sente une mosa\u00efque color\u00e9e repr\u00e9sentant un adorable chat, orn\u00e9 d&rsquo;une vari\u00e9t\u00e9 de papillons dans des tons rouges, bleus et verts. Cet art \u00e9voque la riche tradition artistique de Majorque, o\u00f9 la couleur et la cr\u00e9ativit\u00e9 s&rsquo;entrelacent dans chaque coin. Le fond blanc fait ressortir la vivacit\u00e9 du motif, apportant une touche de fra\u00eecheur et de modernit\u00e9. Dans la partie inf\u00e9rieure, le mot \u00ab\u00a0Majorque\u00a0\u00bb est \u00e9l\u00e9gamment imprim\u00e9, ajoutant une touche d&rsquo;identification qui c\u00e9l\u00e8bre la culture locale.<\/p>\n<p>Cet accessoire n&rsquo;est pas seulement fonctionnel, il sert \u00e9galement de magnifique souvenir de Majorque, id\u00e9al pour les touristes qui souhaitent emporter un petit morceau de l&rsquo;\u00eele dans leur quotidien. Chez Ol\u00e9 Mosaic, nous nous sp\u00e9cialisons dans la distribution de souvenirs en gros, et cette coque est une excellente option pour les magasins de cadeaux touristiques qui cherchent \u00e0 offrir des produits authentiques et repr\u00e9sentatifs de la r\u00e9gion. Avec cette coque de chat stylis\u00e9, les touristes pourront se souvenir du charme de Majorque tout en prenant soin de leur t\u00e9l\u00e9phone.<\/p>\n","protected":false},"excerpt":{"rendered":"<p>Coque pour iPhone 12 fabriqu\u00e9e en TPU, d\u00e9cor\u00e9e d&rsquo;un design color\u00e9 d&rsquo;un chat stylis\u00e9. Inspir\u00e9e de la magnifique Majorque, cette coque combine des tons vibrants comme le rouge, le bleu et le vert, dans un style de mosa\u00efque qui \u00e9voque l&rsquo;art local. Le design inclut \u00e9galement des papillons de diverses couleurs, le tout sur un fond blanc qui rehausse la beaut\u00e9 du motif. Avec le mot \u00ab\u00a0Majorque\u00a0\u00bb imprim\u00e9, c&rsquo;est un accessoire fonctionnel et \u00e9l\u00e9gant.<\/p>\n","protected":false},"featured_media":12909,"template":"","meta":{"_acf_changed":false},"product_brand":[],"product_cat":[674],"product_tag":[530],"class_list":{"0":"post-33259","1":"product","2":"type-product","3":"status-publish","4":"has-post-thumbnail","6":"product_cat-etuis-pour-telephones-portables","7":"product_tag-animaux","8":"pa_ciudad-mallorca","9":"pa_motivo-chats","10":"pa_pais-espana","12":"first","13":"instock","14":"shipping-taxable","15":"product-type-simple"},"acf":[],"_links":{"self":[{"href":"https:\/\/olemosaic.com\/fr\/wp-json\/wp\/v2\/product\/33259","targetHints":{"allow":["GET"]}}],"collection":[{"href":"https:\/\/olemosaic.com\/fr\/wp-json\/wp\/v2\/product"}],"about":[{"href":"https:\/\/olemosaic.com\/fr\/wp-json\/wp\/v2\/types\/product"}],"wp:featuredmedia":[{"embeddable":true,"href":"https:\/\/olemosaic.com\/fr\/wp-json\/wp\/v2\/media\/12909"}],"wp:attachment":[{"href":"https:\/\/olemosaic.com\/fr\/wp-json\/wp\/v2\/media?parent=33259"}],"wp:term":[{"taxonomy":"product_brand","embeddable":true,"href":"https:\/\/olemosaic.com\/fr\/wp-json\/wp\/v2\/product_brand?post=33259"},{"taxonomy":"product_cat","embeddable":true,"href":"https:\/\/olemosaic.com\/fr\/wp-json\/wp\/v2\/product_cat?post=33259"},{"taxonomy":"product_tag","embeddable":true,"href":"https:\/\/olemosaic.com\/fr\/wp-json\/wp\/v2\/product_tag?post=33259"}],"curies":[{"name":"wp","href":"https:\/\/api.w.org\/{rel}","templated":true}]}}