{"id":33258,"date":"2025-02-20T22:35:06","date_gmt":"2025-02-20T22:35:06","guid":{"rendered":"http:\/\/olemosaic.com\/producto\/funda-de-telefono-para-iphone-12-tpu-gato-barcelona-negro\/"},"modified":"2025-07-25T18:36:44","modified_gmt":"2025-07-25T16:36:44","slug":"coque-de-telephone-pour-iphone-12-tpu-chat-barcelone-noir","status":"publish","type":"product","link":"https:\/\/olemosaic.com\/fr\/produit\/coque-de-telephone-pour-iphone-12-tpu-chat-barcelone-noir\/","title":{"rendered":"Coque de t\u00e9l\u00e9phone pour iPhone 12 (TPU). Chat. Barcelone. Noir"},"content":{"rendered":"<p>Coque de t\u00e9l\u00e9phone pour iPhone 12 avec un design de chat color\u00e9 de Barcelone<\/p>\n<p>D\u00e9couvrez notre coque pour iPhone 12, un souvenir vibrant qui capture l&rsquo;essence de la cit\u00e9 comtale. Fabriqu\u00e9e en TPU de haute qualit\u00e9, cette coque offre non seulement une protection efficace, mais ajoute \u00e9galement une touche artistique \u00e0 votre appareil. Le fond noir intensifie la luminosit\u00e9 du design, montrant un chat stylis\u00e9 avec un motif de mosa\u00efque frappant dans des tons bleus, rouges, jaunes et verts. Ce chat, symbole de la culture populaire barcelonaise, est entour\u00e9 de papillons aux tons chauds qui compl\u00e8tent sa joie et son dynamisme.<\/p>\n<p>Le mot \u00ab\u00a0Barcelone\u00a0\u00bb est pr\u00e9sent\u00e9 dans une typographie \u00e9l\u00e9gante, faisant de cette coque un souvenir m\u00e9morable et id\u00e9al pour ceux qui souhaitent emporter un morceau de la culture catalane dans leur quotidien. C&rsquo;est un exemple parfait de la fa\u00e7on dont l&rsquo;art et la fonctionnalit\u00e9 s&rsquo;unissent, ce qui en fait un cadeau id\u00e9al pour les touristes et les amoureux de la ville.<\/p>\n<p>Chez Ol\u00e9 Mosaic, en tant que distributeurs de souvenirs, nous proposons des produits authentiques que c\u00e9l\u00e8brent la richesse culturelle de l&rsquo;Espagne. Cette coque de chat color\u00e9 est une excellente option pour les magasins de cadeaux touristiques \u00e0 la recherche d&rsquo;articles uniques et repr\u00e9sentatifs. Donnez \u00e0 votre t\u00e9l\u00e9phone un style barcelonais et emportez avec vous la magie de cette ville merveilleuse !<\/p>\n","protected":false},"excerpt":{"rendered":"<p>Coque pour iPhone 12 fabriqu\u00e9e en TPU, avec un design vibrant d&rsquo;un chat color\u00e9 inspir\u00e9 de l&rsquo;art barcelonais. Le fond noir fait ressortir les couleurs vives du chat, qui arbore un style mosa\u00efque avec des formes g\u00e9om\u00e9triques. Accompagn\u00e9 de papillons dans des tons jaunes et rouges, cet article inclut \u00e9galement le mot \u00ab\u00a0Barcelone\u00a0\u00bb dans une typographie \u00e9l\u00e9gante, ce qui en fait un souvenir id\u00e9al pour ceux qui souhaitent emporter un morceau de la culture catalane avec eux.<\/p>\n","protected":false},"featured_media":12233,"template":"","meta":{"_acf_changed":false},"product_brand":[],"product_cat":[674],"product_tag":[530],"class_list":{"0":"post-33258","1":"product","2":"type-product","3":"status-publish","4":"has-post-thumbnail","6":"product_cat-etuis-pour-telephones-portables","7":"product_tag-animaux","8":"pa_ciudad-barcelona","9":"pa_motivo-chats","10":"pa_pais-espana","12":"first","13":"instock","14":"shipping-taxable","15":"product-type-simple"},"acf":[],"_links":{"self":[{"href":"https:\/\/olemosaic.com\/fr\/wp-json\/wp\/v2\/product\/33258","targetHints":{"allow":["GET"]}}],"collection":[{"href":"https:\/\/olemosaic.com\/fr\/wp-json\/wp\/v2\/product"}],"about":[{"href":"https:\/\/olemosaic.com\/fr\/wp-json\/wp\/v2\/types\/product"}],"wp:featuredmedia":[{"embeddable":true,"href":"https:\/\/olemosaic.com\/fr\/wp-json\/wp\/v2\/media\/12233"}],"wp:attachment":[{"href":"https:\/\/olemosaic.com\/fr\/wp-json\/wp\/v2\/media?parent=33258"}],"wp:term":[{"taxonomy":"product_brand","embeddable":true,"href":"https:\/\/olemosaic.com\/fr\/wp-json\/wp\/v2\/product_brand?post=33258"},{"taxonomy":"product_cat","embeddable":true,"href":"https:\/\/olemosaic.com\/fr\/wp-json\/wp\/v2\/product_cat?post=33258"},{"taxonomy":"product_tag","embeddable":true,"href":"https:\/\/olemosaic.com\/fr\/wp-json\/wp\/v2\/product_tag?post=33258"}],"curies":[{"name":"wp","href":"https:\/\/api.w.org\/{rel}","templated":true}]}}