{"id":33257,"date":"2025-02-20T22:35:06","date_gmt":"2025-02-20T22:35:06","guid":{"rendered":"http:\/\/olemosaic.com\/producto\/funda-de-telefono-para-iphone-11-pro-tpu-salamandra-barcelona-blanco\/"},"modified":"2025-07-25T18:54:26","modified_gmt":"2025-07-25T16:54:26","slug":"coque-de-telephone-pour-iphone-11-pro-tpu-salamandre-barcelone-blanc","status":"publish","type":"product","link":"https:\/\/olemosaic.com\/fr\/produit\/coque-de-telephone-pour-iphone-11-pro-tpu-salamandre-barcelone-blanc\/","title":{"rendered":"Coque de t\u00e9l\u00e9phone pour iPhone 11 Pro (TPU). Salamandre. Barcelone. Blanc"},"content":{"rendered":"<p>Coque pour iPhone 11 Pro d\u00e9cor\u00e9e d&rsquo;un design vibrant de salamandre, inspir\u00e9 de la c\u00e9l\u00e8bre mosa\u00efque d&rsquo;Antoni Gaud\u00ed. C&rsquo;est l&rsquo;accessoire parfait pour ceux qui souhaitent emporter avec eux un petit morceau de Barcelone. Cette coque, \u00e9labor\u00e9e en TPU de haute qualit\u00e9, garantit une protection efficace contre les chocs et les rayures, pr\u00e9servant l&rsquo;int\u00e9grit\u00e9 de votre appareil. Le fond blanc fait ressortir la salamandre color\u00e9e, entour\u00e9e d&rsquo;\u00e9l\u00e9ments floraux exub\u00e9rants qui \u00e9voquent la cr\u00e9ativit\u00e9 et l&rsquo;imagination de l&rsquo;iconique architecte catalan, refl\u00e9tant l&rsquo;essence du modernisme qui d\u00e9finit la ville.<\/p>\n<p>Le design color\u00e9 captive instantan\u00e9ment, tandis que le texte \u00ab\u00a0Barcelone\u00a0\u00bb, imprim\u00e9 dans des tons vibrants, ajoute une touche de joie et de caract\u00e8re \u00e0 l&rsquo;ensemble. Ce motif n&rsquo;orne pas seulement la coque, il se connecte \u00e9galement au riche h\u00e9ritage culturel de la ville, o\u00f9 chaque mosa\u00efque raconte une histoire. En tant que souvenir repr\u00e9sentatif, cette coque transcende le simple aspect fonctionnel pour devenir un symbole du style de vie barcelonais.<\/p>\n<p>Chez Ol\u00e9 Mosaic, nous proposons cette coque comme une excellente option pour les magasins de cadeaux touristiques, car c&rsquo;est un souvenir authentique et attrayant qui souligne la beaut\u00e9 et la singularit\u00e9 de Barcelone. Ces souvenirs technologiques sont id\u00e9aux pour les touristes \u00e0 la recherche de plus qu&rsquo;un simple cadeau ; ils cherchent une pi\u00e8ce d&rsquo;art qui leur rappelle la magie de la ville.<\/p>\n","protected":false},"excerpt":{"rendered":"<p>Coque pour iPhone 11 Pro en TPU, d\u00e9cor\u00e9e d&rsquo;un design vibrant de salamandre inspir\u00e9 de la c\u00e9l\u00e8bre mosa\u00efque d&rsquo;Antoni Gaud\u00ed. Le fond blanc rehausse les \u00e9l\u00e9ments floraux color\u00e9s et la salamandre, cr\u00e9ant un contraste attrayant. Le texte \u00ab\u00a0Barcelone\u00a0\u00bb est imprim\u00e9 avec des couleurs vives, \u00e9voquant l&rsquo;esprit de cette ville embl\u00e9matique. Cette coque ne prot\u00e8ge pas seulement votre appareil, elle c\u00e9l\u00e8bre \u00e9galement la riche culture et l&rsquo;art barcelonais.<\/p>\n","protected":false},"featured_media":12155,"template":"","meta":{"_acf_changed":false},"product_brand":[],"product_cat":[674],"product_tag":[530],"class_list":{"0":"post-33257","1":"product","2":"type-product","3":"status-publish","4":"has-post-thumbnail","6":"product_cat-etuis-pour-telephones-portables","7":"product_tag-animaux","8":"pa_ciudad-barcelona","9":"pa_motivo-salamandres","10":"pa_pais-espana","12":"first","13":"instock","14":"shipping-taxable","15":"product-type-simple"},"acf":[],"_links":{"self":[{"href":"https:\/\/olemosaic.com\/fr\/wp-json\/wp\/v2\/product\/33257","targetHints":{"allow":["GET"]}}],"collection":[{"href":"https:\/\/olemosaic.com\/fr\/wp-json\/wp\/v2\/product"}],"about":[{"href":"https:\/\/olemosaic.com\/fr\/wp-json\/wp\/v2\/types\/product"}],"wp:featuredmedia":[{"embeddable":true,"href":"https:\/\/olemosaic.com\/fr\/wp-json\/wp\/v2\/media\/12155"}],"wp:attachment":[{"href":"https:\/\/olemosaic.com\/fr\/wp-json\/wp\/v2\/media?parent=33257"}],"wp:term":[{"taxonomy":"product_brand","embeddable":true,"href":"https:\/\/olemosaic.com\/fr\/wp-json\/wp\/v2\/product_brand?post=33257"},{"taxonomy":"product_cat","embeddable":true,"href":"https:\/\/olemosaic.com\/fr\/wp-json\/wp\/v2\/product_cat?post=33257"},{"taxonomy":"product_tag","embeddable":true,"href":"https:\/\/olemosaic.com\/fr\/wp-json\/wp\/v2\/product_tag?post=33257"}],"curies":[{"name":"wp","href":"https:\/\/api.w.org\/{rel}","templated":true}]}}