{"id":33256,"date":"2025-02-20T22:35:06","date_gmt":"2025-02-20T22:35:06","guid":{"rendered":"http:\/\/olemosaic.com\/producto\/funda-de-telefono-para-iphone-11-promax-tpu-abstracto-negro\/"},"modified":"2025-07-25T19:14:07","modified_gmt":"2025-07-25T17:14:07","slug":"coque-de-telephone-pour-iphone-11-pro-max-tpu-abstrait-noir","status":"publish","type":"product","link":"https:\/\/olemosaic.com\/fr\/produit\/coque-de-telephone-pour-iphone-11-pro-max-tpu-abstrait-noir\/","title":{"rendered":"Coque de t\u00e9l\u00e9phone pour iPhone 11 Pro Max (TPU). Abstrait. Noir"},"content":{"rendered":"<p>Coque de t\u00e9l\u00e9phone pour iPhone 11 Pro Max avec un design abstrait et des tons vibrants.<\/p>\n<p>Cette coque pour iPhone 11 Pro Max est le compl\u00e9ment id\u00e9al pour ceux qui recherchent protection et style. Fabriqu\u00e9e en TPU de haute qualit\u00e9, elle offre une r\u00e9sistance exceptionnelle contre les chocs et les chutes, assurant l&rsquo;int\u00e9grit\u00e9 de votre appareil. Son design abstrait attrayant pr\u00e9sente un motif color\u00e9 de lignes ondul\u00e9es en n\u00e9on sur un fond noir sophistiqu\u00e9, cr\u00e9ant un effet visuel dynamique et contemporain.<\/p>\n<p>Chaque ligne de n\u00e9on danse avec une intensit\u00e9 vibrante, transformant votre t\u00e9l\u00e9phone en une \u0153uvre d&rsquo;art portable. Ce design n&rsquo;est pas seulement accrocheur, il refl\u00e8te \u00e9galement les tendances actuelles, faisant de la coque un accessoire essentiel pour ceux qui appr\u00e9cient la fusion entre technologie et esth\u00e9tique.<\/p>\n<p>Id\u00e9ale pour les touristes ou les r\u00e9sidents \u00e0 la recherche d&rsquo;un souvenir alliant fonctionnalit\u00e9 et cr\u00e9ativit\u00e9, cette coque repr\u00e9sente une option unique comme souvenir de leur visite dans des lieux \u00e0 la riche culture artistique. Chez Ol\u00e9 Mosaic, nous nous consacrons \u00e0 offrir des produits authentiques et de qualit\u00e9. Cette coque de t\u00e9l\u00e9phone est une excellente alternative pour les magasins souhaitant attirer des consommateurs \u00e0 la recherche de souvenirs innovants et repr\u00e9sentatifs. Avec nous, vous obtiendrez des coques de qualit\u00e9 en gros, parfaites pour vos clients.<\/p>\n","protected":false},"excerpt":{"rendered":"<p>Coque pour iPhone 11 Pro Max fabriqu\u00e9e en TPU avec un design abstrait dans des tons vibrants. Cet article se distingue par son motif color\u00e9 de lignes ondul\u00e9es en n\u00e9on sur un fond noir, apportant une touche moderne et dynamique. Son mat\u00e9riau TPU assure une protection efficace contre les chocs et les chutes, et son design exclusif en fait un accessoire accrocheur et contemporain pour tout amateur de technologie et d&rsquo;art.<\/p>\n","protected":false},"featured_media":12214,"template":"","meta":{"_acf_changed":false},"product_brand":[],"product_cat":[674],"product_tag":[],"class_list":{"0":"post-33256","1":"product","2":"type-product","3":"status-publish","4":"has-post-thumbnail","6":"product_cat-etuis-pour-telephones-portables","7":"pa_motivo-resume","9":"first","10":"instock","11":"shipping-taxable","12":"product-type-simple"},"acf":[],"_links":{"self":[{"href":"https:\/\/olemosaic.com\/fr\/wp-json\/wp\/v2\/product\/33256","targetHints":{"allow":["GET"]}}],"collection":[{"href":"https:\/\/olemosaic.com\/fr\/wp-json\/wp\/v2\/product"}],"about":[{"href":"https:\/\/olemosaic.com\/fr\/wp-json\/wp\/v2\/types\/product"}],"wp:featuredmedia":[{"embeddable":true,"href":"https:\/\/olemosaic.com\/fr\/wp-json\/wp\/v2\/media\/12214"}],"wp:attachment":[{"href":"https:\/\/olemosaic.com\/fr\/wp-json\/wp\/v2\/media?parent=33256"}],"wp:term":[{"taxonomy":"product_brand","embeddable":true,"href":"https:\/\/olemosaic.com\/fr\/wp-json\/wp\/v2\/product_brand?post=33256"},{"taxonomy":"product_cat","embeddable":true,"href":"https:\/\/olemosaic.com\/fr\/wp-json\/wp\/v2\/product_cat?post=33256"},{"taxonomy":"product_tag","embeddable":true,"href":"https:\/\/olemosaic.com\/fr\/wp-json\/wp\/v2\/product_tag?post=33256"}],"curies":[{"name":"wp","href":"https:\/\/api.w.org\/{rel}","templated":true}]}}