{"id":33250,"date":"2025-02-20T23:35:05","date_gmt":"2025-02-20T22:35:05","guid":{"rendered":"http:\/\/olemosaic.com\/producto\/funda-de-telefono-para-iphone-11-promax-tpu-abstracto-azul-2\/"},"modified":"2025-07-25T20:26:38","modified_gmt":"2025-07-25T18:26:38","slug":"coque-de-telephone-pour-iphone-11-promax-tpu-abstrait-bleu-2","status":"publish","type":"product","link":"https:\/\/olemosaic.com\/fr\/produit\/coque-de-telephone-pour-iphone-11-promax-tpu-abstrait-bleu-2\/","title":{"rendered":"Coque de t\u00e9l\u00e9phone pour iPhone 11 Pro Max (TPU). Abstrait. Majorque. Bleu"},"content":{"rendered":"<p>Coque pour iPhone 11 Pro Max inspir\u00e9e par la beaut\u00e9 vibrante de Majorque, fabriqu\u00e9e en mat\u00e9riau TPU. Cette coque se distingue par son design abstrait qui m\u00e9lange des couleurs vives comme le bleu, le rouge, le jaune et le noir, cr\u00e9ant un effet visuel dynamique qui \u00e9voque l&rsquo;\u00e9nergie et l&rsquo;esprit de la M\u00e9diterran\u00e9e. Le mot \u00ab Majorque \u00bb est pr\u00e9sent\u00e9 dans un style graphique frappant, offrant un contraste harmonieux avec le fond color\u00e9 et artistique.<\/p>\n<p>Con\u00e7ue sp\u00e9cifiquement pour l&rsquo;iPhone 11 Pro Max, cette coque garantit non seulement une excellente protection contre les chocs et les chutes, mais ajoute \u00e9galement une touche contemporaine \u00e0 l&rsquo;appareil, id\u00e9ale pour les amateurs de design moderne. Sa finition en TPU offre une texture douce et une bonne prise en main, \u00e9vitant les glissements accidentels. De plus, le design abstrait repr\u00e9sente la diversit\u00e9 culturelle et naturelle de Majorque, transformant la coque en un authentique souvenir qui encapsule l&rsquo;essence de l&rsquo;\u00eele.<\/p>\n<p>Ol\u00e9 Mosaic se sp\u00e9cialise dans la distribution en gros de souvenirs authentiques. Cette coque est une excellente option pour les magasins de cadeaux touristiques cherchant \u00e0 proposer des produits mettant en valeur la culture locale, parfaits pour les touristes souhaitant emporter un petit morceau de l&rsquo;\u00eele. Avec cette coque pour iPhone 11 Pro Max, vous ne prot\u00e9gez pas seulement votre appareil, vous vous connectez \u00e9galement au riche h\u00e9ritage visuel de Majorque.<\/p>\n","protected":false},"excerpt":{"rendered":"<p>Coque de t\u00e9l\u00e9phone pour iPhone 11 Pro Max fabriqu\u00e9e en TPU, avec un design abstrait \u00e9voquant la beaut\u00e9 vibrante de Majorque. Elle pr\u00e9sente un m\u00e9lange de couleurs bleu, rouge, jaune et noir qui s&rsquo;\u00e9coulent en vagues, offrant une esth\u00e9tique moderne et dynamique. Le mot \u00ab Majorque \u00bb ressort dans un style graphique, compl\u00e9tant le design artistique. Cette coque est parfaite pour ceux qui cherchent \u00e0 prot\u00e9ger leur appareil avec une touche de cr\u00e9ativit\u00e9 et de style m\u00e9diterran\u00e9en.<\/p>\n","protected":false},"featured_media":13391,"template":"","meta":{"_acf_changed":false},"product_brand":[],"product_cat":[674],"product_tag":[],"class_list":{"0":"post-33250","1":"product","2":"type-product","3":"status-publish","4":"has-post-thumbnail","6":"product_cat-etuis-pour-telephones-portables","7":"pa_ciudad-mallorca","8":"pa_motivo-resume","9":"pa_pais-espana","11":"first","12":"instock","13":"shipping-taxable","14":"product-type-simple"},"acf":[],"_links":{"self":[{"href":"https:\/\/olemosaic.com\/fr\/wp-json\/wp\/v2\/product\/33250","targetHints":{"allow":["GET"]}}],"collection":[{"href":"https:\/\/olemosaic.com\/fr\/wp-json\/wp\/v2\/product"}],"about":[{"href":"https:\/\/olemosaic.com\/fr\/wp-json\/wp\/v2\/types\/product"}],"wp:featuredmedia":[{"embeddable":true,"href":"https:\/\/olemosaic.com\/fr\/wp-json\/wp\/v2\/media\/13391"}],"wp:attachment":[{"href":"https:\/\/olemosaic.com\/fr\/wp-json\/wp\/v2\/media?parent=33250"}],"wp:term":[{"taxonomy":"product_brand","embeddable":true,"href":"https:\/\/olemosaic.com\/fr\/wp-json\/wp\/v2\/product_brand?post=33250"},{"taxonomy":"product_cat","embeddable":true,"href":"https:\/\/olemosaic.com\/fr\/wp-json\/wp\/v2\/product_cat?post=33250"},{"taxonomy":"product_tag","embeddable":true,"href":"https:\/\/olemosaic.com\/fr\/wp-json\/wp\/v2\/product_tag?post=33250"}],"curies":[{"name":"wp","href":"https:\/\/api.w.org\/{rel}","templated":true}]}}