{"id":33249,"date":"2025-02-20T22:35:05","date_gmt":"2025-02-20T22:35:05","guid":{"rendered":"http:\/\/olemosaic.com\/producto\/funda-de-telefono-para-iphone-11-promax-tpu-punt-de-trobada-barcelona-blanco\/"},"modified":"2025-07-25T19:54:37","modified_gmt":"2025-07-25T17:54:37","slug":"coque-de-telephone-pour-iphone-11-promax-tpu-punt-de-trobada-barcelone-blanc","status":"publish","type":"product","link":"https:\/\/olemosaic.com\/fr\/produit\/coque-de-telephone-pour-iphone-11-promax-tpu-punt-de-trobada-barcelone-blanc\/","title":{"rendered":"Coque de t\u00e9l\u00e9phone pour iPhone 11 Pro Max (TPU). Punt de trobada. Barcelone. Blanc"},"content":{"rendered":"<p>Coque pour iPhone 11 Pro Max inspir\u00e9e de l&#8217;embl\u00e9matique \u00ab Punt de Trobada \u00bb de Barcelone. Fabriqu\u00e9e en TPU, un mat\u00e9riau flexible et r\u00e9sistant qui garantit une protection optimale pour votre appareil. Le design vibrant, avec un fond blanc et des mosa\u00efques color\u00e9es en rouge, vert, jaune et bleu, \u00e9voque la beaut\u00e9 de l&rsquo;\u0153uvre d&rsquo;Antoni Gaud\u00ed. Au centre, un motif distinctif en noir repr\u00e9sente la cr\u00e9ativit\u00e9 et l&rsquo;originalit\u00e9 de la ville.<\/p>\n<p>De plus, le texte \u00ab Barcelone \u00bb en bas ajoute une touche locale, faisant de cette coque le souvenir parfait de votre visite dans la cit\u00e9 comtale. Elle prot\u00e8ge non seulement votre t\u00e9l\u00e9phone des chocs et des rayures, mais ajoute \u00e9galement un accent artistique et culturel \u00e0 votre quotidien. Cet article est un authentique souvenir de Barcelone qui capture l&rsquo;essence de l&rsquo;art et de la culture de la ville. Chez Ol\u00e9 Mosaic, en tant que grossiste de souvenirs, nous proposons des produits comme cette coque, id\u00e9aux pour les magasins de cadeaux touristiques, offrant \u00e0 vos clients un moyen d&#8217;emporter avec eux un morceau de la vibrante culture catalane dans leur routine quotidienne.<\/p>\n","protected":false},"excerpt":{"rendered":"<p>Coque pour iPhone 11 Pro Max en TPU, avec un design vibrant inspir\u00e9 du \u00ab Punt de trobada \u00bb de Barcelone. Cette coque pr\u00e9sente un fond blanc orn\u00e9 de mosa\u00efques color\u00e9es dans les tons rouge, vert, jaune et bleu, repr\u00e9sentant un style artistique unique. Avec un motif distinctif, comprenant un design central noir et le texte \u00ab Barcelone \u00bb en bas, cette coque prot\u00e8ge non seulement votre appareil, mais ajoute \u00e9galement une touche cr\u00e9ative et culturelle \u00e0 votre quotidien.<\/p>\n","protected":false},"featured_media":12198,"template":"","meta":{"_acf_changed":false},"product_brand":[],"product_cat":[674],"product_tag":[],"class_list":{"0":"post-33249","1":"product","2":"type-product","3":"status-publish","4":"has-post-thumbnail","6":"product_cat-etuis-pour-telephones-portables","7":"pa_ciudad-barcelona","8":"pa_motivo-punt-de-trobada","9":"pa_pais-espana","11":"first","12":"instock","13":"shipping-taxable","14":"product-type-simple"},"acf":[],"_links":{"self":[{"href":"https:\/\/olemosaic.com\/fr\/wp-json\/wp\/v2\/product\/33249","targetHints":{"allow":["GET"]}}],"collection":[{"href":"https:\/\/olemosaic.com\/fr\/wp-json\/wp\/v2\/product"}],"about":[{"href":"https:\/\/olemosaic.com\/fr\/wp-json\/wp\/v2\/types\/product"}],"wp:featuredmedia":[{"embeddable":true,"href":"https:\/\/olemosaic.com\/fr\/wp-json\/wp\/v2\/media\/12198"}],"wp:attachment":[{"href":"https:\/\/olemosaic.com\/fr\/wp-json\/wp\/v2\/media?parent=33249"}],"wp:term":[{"taxonomy":"product_brand","embeddable":true,"href":"https:\/\/olemosaic.com\/fr\/wp-json\/wp\/v2\/product_brand?post=33249"},{"taxonomy":"product_cat","embeddable":true,"href":"https:\/\/olemosaic.com\/fr\/wp-json\/wp\/v2\/product_cat?post=33249"},{"taxonomy":"product_tag","embeddable":true,"href":"https:\/\/olemosaic.com\/fr\/wp-json\/wp\/v2\/product_tag?post=33249"}],"curies":[{"name":"wp","href":"https:\/\/api.w.org\/{rel}","templated":true}]}}