{"id":33248,"date":"2025-02-20T22:35:05","date_gmt":"2025-02-20T22:35:05","guid":{"rendered":"http:\/\/olemosaic.com\/producto\/funda-de-telefono-para-iphone-11-promax-tpu-mariposa-mallorca-blanco\/"},"modified":"2025-07-25T20:18:52","modified_gmt":"2025-07-25T18:18:52","slug":"coque-de-telephone-pour-iphone-11-promax-tpu-papillon-majorque-blanc","status":"publish","type":"product","link":"https:\/\/olemosaic.com\/fr\/produit\/coque-de-telephone-pour-iphone-11-promax-tpu-papillon-majorque-blanc\/","title":{"rendered":"Coque de t\u00e9l\u00e9phone pour iPhone 11 Pro Max (TPU). Papillon. Majorque. Blanc"},"content":{"rendered":"<p>Coque pour iPhone 11 Pro Max d\u00e9cor\u00e9e de papillons vibrants \u00e9voquant l&rsquo;essence de Majorque. Ce design unique pr\u00e9sente des papillons dans des tons c\u00e9rul\u00e9ens, orange et roses qui ressortent sur un fond blanc avec un effet mosa\u00efque, apportant une touche artistique et joyeuse, id\u00e9ale pour ceux qui aiment la beaut\u00e9 de cette prestigieuse \u00eele des Bal\u00e9ares. Le mot \u00ab Majorque \u00bb, \u00e9l\u00e9gamment imprim\u00e9 en bas, ajoute un d\u00e9tail de sophistication et de connexion culturelle, id\u00e9al pour ceux qui souhaitent un accessoire qui non seulement prot\u00e8ge leur appareil, mais rend \u00e9galement hommage au riche patrimoine de l&rsquo;\u00eele.<\/p>\n<p>Fabriqu\u00e9e en TPU, un mat\u00e9riau flexible et durable qui garantit une excellente protection contre les chocs et les chutes, gardant l&rsquo;iPhone 11 Pro Max en s\u00e9curit\u00e9. Le design joyeux de cette coque est le reflet de la flore et de la faune vibrantes qui caract\u00e9risent Majorque, ce qui en fait un souvenir parfait pour les touristes ou les locaux souhaitant emporter un morceau de leur culture au quotidien. Cet accessoire, en plus d&rsquo;\u00eatre fonctionnel, s&rsquo;\u00e9tablit comme un souvenir exclusif de la beaut\u00e9 majorquine, ce qui en fait une excellente option pour les magasins de cadeaux touristiques. Chez Ol\u00e9 Mosaic, nous sommes distributeurs d&rsquo;accessoires authentiques, et cette coque papillon souligne l&rsquo;authenticit\u00e9 et la valeur culturelle des souvenirs de Majorque.<\/p>\n","protected":false},"excerpt":{"rendered":"<p>Coque de t\u00e9l\u00e9phone pour iPhone 11 Pro Max en TPU, orn\u00e9e de papillons color\u00e9s \u00e9voquant la beaut\u00e9 de Majorque. Ce design pr\u00e9sente des papillons aux tons vibrants c\u00e9rul\u00e9ens, orange et roses sur un fond blanc avec un effet de mosa\u00efque, ce qui lui donne une touche artistique et joyeuse. Le mot \u00ab Majorque \u00bb est \u00e9l\u00e9gamment imprim\u00e9 en bas, faisant r\u00e9f\u00e9rence \u00e0 l&rsquo;\u00eele des Bal\u00e9ares, id\u00e9al pour ceux qui veulent prot\u00e9ger et donner du style \u00e0 leur t\u00e9l\u00e9phone avec une touche r\u00e9gionale.<\/p>\n","protected":false},"featured_media":13389,"template":"","meta":{"_acf_changed":false},"product_brand":[],"product_cat":[674],"product_tag":[530],"class_list":{"0":"post-33248","1":"product","2":"type-product","3":"status-publish","4":"has-post-thumbnail","6":"product_cat-etuis-pour-telephones-portables","7":"product_tag-animaux","8":"pa_ciudad-mallorca","9":"pa_motivo-papillons","10":"pa_pais-espana","12":"first","13":"instock","14":"shipping-taxable","15":"product-type-simple"},"acf":[],"_links":{"self":[{"href":"https:\/\/olemosaic.com\/fr\/wp-json\/wp\/v2\/product\/33248","targetHints":{"allow":["GET"]}}],"collection":[{"href":"https:\/\/olemosaic.com\/fr\/wp-json\/wp\/v2\/product"}],"about":[{"href":"https:\/\/olemosaic.com\/fr\/wp-json\/wp\/v2\/types\/product"}],"wp:featuredmedia":[{"embeddable":true,"href":"https:\/\/olemosaic.com\/fr\/wp-json\/wp\/v2\/media\/13389"}],"wp:attachment":[{"href":"https:\/\/olemosaic.com\/fr\/wp-json\/wp\/v2\/media?parent=33248"}],"wp:term":[{"taxonomy":"product_brand","embeddable":true,"href":"https:\/\/olemosaic.com\/fr\/wp-json\/wp\/v2\/product_brand?post=33248"},{"taxonomy":"product_cat","embeddable":true,"href":"https:\/\/olemosaic.com\/fr\/wp-json\/wp\/v2\/product_cat?post=33248"},{"taxonomy":"product_tag","embeddable":true,"href":"https:\/\/olemosaic.com\/fr\/wp-json\/wp\/v2\/product_tag?post=33248"}],"curies":[{"name":"wp","href":"https:\/\/api.w.org\/{rel}","templated":true}]}}