{"id":33247,"date":"2025-02-20T22:35:05","date_gmt":"2025-02-20T22:35:05","guid":{"rendered":"http:\/\/olemosaic.com\/producto\/funda-de-telefono-para-iphone-11-promax-tpu-salamandra-negro\/"},"modified":"2025-07-25T19:21:55","modified_gmt":"2025-07-25T17:21:55","slug":"coque-de-telephone-pour-iphone-11-promax-tpu-salamandre-noir","status":"publish","type":"product","link":"https:\/\/olemosaic.com\/fr\/produit\/coque-de-telephone-pour-iphone-11-promax-tpu-salamandre-noir\/","title":{"rendered":"Coque de t\u00e9l\u00e9phone pour iPhone 11 Pro Max (TPU). Salamandre. Noir"},"content":{"rendered":"<p>Coque pour iPhone 11 Pro Max d\u00e9cor\u00e9e d&rsquo;illustrations vibrantes de salamandres. Cette coque, con\u00e7ue en TPU de haute qualit\u00e9, prot\u00e8ge non seulement efficacement votre appareil, mais se distingue \u00e9galement par un design artistique qui refl\u00e8te le folklore et la nature m\u00e9diterran\u00e9enne. Les salamandres, repr\u00e9sent\u00e9es dans des tons rouges, verts et bleus, s&rsquo;entrelacent avec des fleurs aux couleurs \u00e9clatantes, cr\u00e9ant un contraste captivant sur un \u00e9l\u00e9gant fond noir. Ce design apporte non seulement une touche distinctive, mais symbolise \u00e9galement la richesse de la biodiversit\u00e9 de la M\u00e9diterran\u00e9e, o\u00f9 les salamandres sont des animaux embl\u00e9matiques \u00e9voquant la connexion avec la terre.<\/p>\n<p>La fusion de l&rsquo;art et de la fonctionnalit\u00e9 fait de cette coque un choix parfait pour ceux qui cherchent \u00e0 personnaliser leur t\u00e9l\u00e9phone avec un produit authentique et culturellement significatif. Chez Ol\u00e9 Mosaic, nous distribuons des souvenirs repr\u00e9sentatifs de la culture m\u00e9diterran\u00e9enne, et cette coque est une excellente option pour les magasins de cadeaux touristiques souhaitant proposer des produits uniques. De plus, son design color\u00e9 en fait un souvenir id\u00e9al, capturant l&rsquo;essence de la r\u00e9gion et offrant aux touristes un souvenir m\u00e9morable de leur visite. En tant que grossistes d&rsquo;accessoires, nous garantissons la qualit\u00e9 et l&rsquo;authenticit\u00e9 de chaque pi\u00e8ce, assurant la satisfaction de nos clients et de leurs acheteurs.<\/p>\n","protected":false},"excerpt":{"rendered":"<p>Coque de t\u00e9l\u00e9phone pour iPhone 11 Pro Max fabriqu\u00e9e en TPU, d\u00e9cor\u00e9e d&rsquo;illustrations vibrantes de salamandres en rouge, vert et bleu. Le design, inspir\u00e9 du folklore et de la nature m\u00e9diterran\u00e9enne, ajoute une touche artistique \u00e0 la protection de votre appareil. Les salamandres sont entour\u00e9es de fleurs aux tons brillants, sur un fond noir qui rehausse les couleurs. Un choix parfait pour ceux qui cherchent \u00e0 personnaliser leur t\u00e9l\u00e9phone avec un \u00e9l\u00e9ment distinctif et culturel.<\/p>\n","protected":false},"featured_media":12996,"template":"","meta":{"_acf_changed":false},"product_brand":[],"product_cat":[674],"product_tag":[530],"class_list":{"0":"post-33247","1":"product","2":"type-product","3":"status-publish","4":"has-post-thumbnail","6":"product_cat-etuis-pour-telephones-portables","7":"product_tag-animaux","8":"pa_motivo-salamandres","10":"first","11":"instock","12":"shipping-taxable","13":"product-type-simple"},"acf":[],"_links":{"self":[{"href":"https:\/\/olemosaic.com\/fr\/wp-json\/wp\/v2\/product\/33247","targetHints":{"allow":["GET"]}}],"collection":[{"href":"https:\/\/olemosaic.com\/fr\/wp-json\/wp\/v2\/product"}],"about":[{"href":"https:\/\/olemosaic.com\/fr\/wp-json\/wp\/v2\/types\/product"}],"wp:featuredmedia":[{"embeddable":true,"href":"https:\/\/olemosaic.com\/fr\/wp-json\/wp\/v2\/media\/12996"}],"wp:attachment":[{"href":"https:\/\/olemosaic.com\/fr\/wp-json\/wp\/v2\/media?parent=33247"}],"wp:term":[{"taxonomy":"product_brand","embeddable":true,"href":"https:\/\/olemosaic.com\/fr\/wp-json\/wp\/v2\/product_brand?post=33247"},{"taxonomy":"product_cat","embeddable":true,"href":"https:\/\/olemosaic.com\/fr\/wp-json\/wp\/v2\/product_cat?post=33247"},{"taxonomy":"product_tag","embeddable":true,"href":"https:\/\/olemosaic.com\/fr\/wp-json\/wp\/v2\/product_tag?post=33247"}],"curies":[{"name":"wp","href":"https:\/\/api.w.org\/{rel}","templated":true}]}}