{"id":33240,"date":"2025-02-20T22:35:04","date_gmt":"2025-02-20T22:35:04","guid":{"rendered":"http:\/\/olemosaic.com\/producto\/funda-de-telefono-para-iphone-11-promax-tpu-motivos-marinos-azul\/"},"modified":"2025-07-25T19:24:23","modified_gmt":"2025-07-25T17:24:23","slug":"coque-de-telephone-pour-iphone-11-pro-max-tpu-motifs-marins-bleu","status":"publish","type":"product","link":"https:\/\/olemosaic.com\/fr\/produit\/coque-de-telephone-pour-iphone-11-pro-max-tpu-motifs-marins-bleu\/","title":{"rendered":"Coque de t\u00e9l\u00e9phone pour iPhone 11 Pro Max (TPU). Motifs marins. Bleu"},"content":{"rendered":"<p>Coque pour iPhone 11 Pro Max avec des motifs marins vibrants de Majorque. Cette coque, fabriqu\u00e9e en TPU, capture l&rsquo;essence de la M\u00e9diterran\u00e9e avec une sc\u00e8ne sous-marine color\u00e9e comprenant des poissons, des tortues et des hippocampes, le tout sur un fond bleu profond captivant qui rehausse la richesse et la diversit\u00e9 de la vie marine de l&rsquo;\u00eele. Le design pr\u00e9sente une mosa\u00efque dans des tons chauds dans la partie inf\u00e9rieure, compl\u00e9t\u00e9e par l&rsquo;inscription \u00ab\u00a0Mallorca\u00a0\u00bb, ce qui en fait un choix id\u00e9al pour les amoureux de l&rsquo;oc\u00e9an et de la culture m\u00e9diterran\u00e9enne.<\/p>\n<p>La coque offre une combinaison parfaite de protection et de style, gr\u00e2ce \u00e0 son mat\u00e9riau flexible qui absorbe les impacts, garantissant que l&rsquo;appareil est prot\u00e9g\u00e9 des chutes et des rayures. Cet objet n&rsquo;est pas seulement un accessoire fonctionnel, mais aussi un souvenir exquis qui rappelle la beaut\u00e9 naturelle de Majorque, une destination r\u00eav\u00e9e par les touristes. En tant que produit repr\u00e9sentatif de la culture locale, il se positionne comme un cadeau id\u00e9al pour ceux qui souhaitent emporter avec eux un morceau de cette \u00eele merveilleuse dans leur quotidien.<\/p>\n<p>Chez Ol\u00e9 Mosaic, nous distribuons des souvenirs de Majorque dans le monde entier, rendant des produits comme cette coque d&rsquo;iPhone accessibles \u00e0 toutes les boutiques de cadeaux touristiques qui recherchent des souvenirs authentiques de la culture espagnole. De plus, en tant que grossistes d&rsquo;accessoires mobiles, nous garantissons la qualit\u00e9 et l&rsquo;originalit\u00e9 de chacune de nos pi\u00e8ces, assurant que chaque client trouve le cadeau parfait.<\/p>\n","protected":false},"excerpt":{"rendered":"<p>Coque pour iPhone 11 Pro Max, fabriqu\u00e9e en TPU, orn\u00e9e de motifs marins \u00e9voquant la beaut\u00e9 des eaux de Majorque. Le design pr\u00e9sente une sc\u00e8ne sous-marine color\u00e9e avec des poissons, des tortues et des hippocampes, le tout sur un fond bleu profond qui met en valeur la richesse de la vie marine. La partie inf\u00e9rieure comprend une mosa\u00efque dans des tons chauds avec l&rsquo;inscription \u00ab\u00a0Mallorca\u00a0\u00bb, faisant de cette coque le choix id\u00e9al pour les amoureux de la mer et de la culture m\u00e9diterran\u00e9enne.<\/p>\n","protected":false},"featured_media":13390,"template":"","meta":{"_acf_changed":false},"product_brand":[],"product_cat":[674],"product_tag":[530],"class_list":{"0":"post-33240","1":"product","2":"type-product","3":"status-publish","4":"has-post-thumbnail","6":"product_cat-etuis-pour-telephones-portables","7":"product_tag-animaux","8":"pa_ciudad-mallorca","9":"pa_motivo-animaux-marins","10":"pa_pais-espana","12":"first","13":"instock","14":"shipping-taxable","15":"product-type-simple"},"acf":[],"_links":{"self":[{"href":"https:\/\/olemosaic.com\/fr\/wp-json\/wp\/v2\/product\/33240","targetHints":{"allow":["GET"]}}],"collection":[{"href":"https:\/\/olemosaic.com\/fr\/wp-json\/wp\/v2\/product"}],"about":[{"href":"https:\/\/olemosaic.com\/fr\/wp-json\/wp\/v2\/types\/product"}],"wp:featuredmedia":[{"embeddable":true,"href":"https:\/\/olemosaic.com\/fr\/wp-json\/wp\/v2\/media\/13390"}],"wp:attachment":[{"href":"https:\/\/olemosaic.com\/fr\/wp-json\/wp\/v2\/media?parent=33240"}],"wp:term":[{"taxonomy":"product_brand","embeddable":true,"href":"https:\/\/olemosaic.com\/fr\/wp-json\/wp\/v2\/product_brand?post=33240"},{"taxonomy":"product_cat","embeddable":true,"href":"https:\/\/olemosaic.com\/fr\/wp-json\/wp\/v2\/product_cat?post=33240"},{"taxonomy":"product_tag","embeddable":true,"href":"https:\/\/olemosaic.com\/fr\/wp-json\/wp\/v2\/product_tag?post=33240"}],"curies":[{"name":"wp","href":"https:\/\/api.w.org\/{rel}","templated":true}]}}