{"id":33239,"date":"2025-02-20T22:35:04","date_gmt":"2025-02-20T22:35:04","guid":{"rendered":"http:\/\/olemosaic.com\/producto\/funda-de-telefono-para-iphone-11-promax-tpu-gato-barcelona-blanco\/"},"modified":"2025-07-25T19:19:06","modified_gmt":"2025-07-25T17:19:06","slug":"coque-de-telephone-pour-iphone-11-pro-max-tpu-chat-barcelone-blanc","status":"publish","type":"product","link":"https:\/\/olemosaic.com\/fr\/produit\/coque-de-telephone-pour-iphone-11-pro-max-tpu-chat-barcelone-blanc\/","title":{"rendered":"Coque de t\u00e9l\u00e9phone pour iPhone 11 Pro Max (TPU). Chat. Barcelone. Blanc"},"content":{"rendered":"<p>Coque pour iPhone 11 Pro Max avec un design vibrant d&rsquo;un chat en mosa\u00efque qui capture l&rsquo;essence artistique de Barcelone. Cette impressionnante coque, fabriqu\u00e9e en TPU (un mat\u00e9riau r\u00e9sistant et flexible), offre une excellente protection contre les chocs et les chutes. Le design met en valeur un chat \u00e9labor\u00e9 avec une mosa\u00efque vibrante de couleurs rouge, jaune, bleu et vert, qui souligne la cr\u00e9ativit\u00e9 caract\u00e9ristique de la ville. Sur un fond blanc, qui simule une texture de c\u00e9ramique cass\u00e9e, se trouvent des papillons multicolores, apportant une touche de vie et de mouvement qui compl\u00e8te le th\u00e8me de la mosa\u00efque.<\/p>\n<p>Le nom \u00ab\u00a0Barcelona\u00a0\u00bb est \u00e9l\u00e9gamment imprim\u00e9 dans la partie inf\u00e9rieure, ajoutant une touche personnelle qui rappelle aux utilisateurs leur lien avec cette merveilleuse ville. Cette coque n&rsquo;est pas seulement un accessoire fonctionnel, mais aussi un souvenir significatif qui refl\u00e8te le riche h\u00e9ritage culturel de Barcelone, c\u00e9l\u00e8bre pour son art et son architecture moderniste, repr\u00e9sent\u00e9e ici \u00e0 travers un design contemporain qui attire l&rsquo;attention.<\/p>\n<p>Chez Ol\u00e9 Mosaic, nous nous sp\u00e9cialisons dans la distribution de souvenirs en gros qui capturent l&rsquo;essence de chaque destination. Cette coque de t\u00e9l\u00e9phone est id\u00e9ale pour les touristes qui recherchent un souvenir distinctif de Barcelone et constitue une excellente option pour les boutiques de cadeaux touristiques qui souhaitent offrir des produits authentiques et attrayants. Avec notre vari\u00e9t\u00e9 de chapeaux et d&rsquo;accessoires en gros, nous assurons qualit\u00e9 et design dans chaque pi\u00e8ce, parfaits pour ceux qui recherchent des souvenirs m\u00e9morables.<\/p>\n","protected":false},"excerpt":{"rendered":"<p>Coque pour iPhone 11 Pro Max fabriqu\u00e9e en TPU, d\u00e9cor\u00e9e d&rsquo;un design vibrant d&rsquo;un chat en mosa\u00efque \u00e9voquant l&rsquo;art de Barcelone. La coque pr\u00e9sente des couleurs vives comme le rouge, le jaune, le bleu et le vert, ainsi que des papillons multicolores sur un fond blanc avec une texture de c\u00e9ramique cass\u00e9e. Avec le nom \u00ab\u00a0Barcelona\u00a0\u00bb imprim\u00e9, cette coque allie style et protection, refl\u00e9tant l&rsquo;essence artistique de la ville dans un accessoire pratique et attrayant.<\/p>\n","protected":false},"featured_media":12196,"template":"","meta":{"_acf_changed":false},"product_brand":[],"product_cat":[674],"product_tag":[530],"class_list":{"0":"post-33239","1":"product","2":"type-product","3":"status-publish","4":"has-post-thumbnail","6":"product_cat-etuis-pour-telephones-portables","7":"product_tag-animaux","8":"pa_ciudad-barcelona","9":"pa_motivo-chats","10":"pa_pais-espana","12":"first","13":"instock","14":"shipping-taxable","15":"product-type-simple"},"acf":[],"_links":{"self":[{"href":"https:\/\/olemosaic.com\/fr\/wp-json\/wp\/v2\/product\/33239","targetHints":{"allow":["GET"]}}],"collection":[{"href":"https:\/\/olemosaic.com\/fr\/wp-json\/wp\/v2\/product"}],"about":[{"href":"https:\/\/olemosaic.com\/fr\/wp-json\/wp\/v2\/types\/product"}],"wp:featuredmedia":[{"embeddable":true,"href":"https:\/\/olemosaic.com\/fr\/wp-json\/wp\/v2\/media\/12196"}],"wp:attachment":[{"href":"https:\/\/olemosaic.com\/fr\/wp-json\/wp\/v2\/media?parent=33239"}],"wp:term":[{"taxonomy":"product_brand","embeddable":true,"href":"https:\/\/olemosaic.com\/fr\/wp-json\/wp\/v2\/product_brand?post=33239"},{"taxonomy":"product_cat","embeddable":true,"href":"https:\/\/olemosaic.com\/fr\/wp-json\/wp\/v2\/product_cat?post=33239"},{"taxonomy":"product_tag","embeddable":true,"href":"https:\/\/olemosaic.com\/fr\/wp-json\/wp\/v2\/product_tag?post=33239"}],"curies":[{"name":"wp","href":"https:\/\/api.w.org\/{rel}","templated":true}]}}