{"id":33238,"date":"2025-02-20T22:35:04","date_gmt":"2025-02-20T22:35:04","guid":{"rendered":"http:\/\/olemosaic.com\/producto\/funda-de-telefono-para-iphone-11-promax-tpu-sagrada-familia-barcelona-azul\/"},"modified":"2025-07-25T20:01:11","modified_gmt":"2025-07-25T18:01:11","slug":"coque-de-telephone-pour-iphone-11-pro-max-tpu-sagrada-familia-barcelone-bleu","status":"publish","type":"product","link":"https:\/\/olemosaic.com\/fr\/produit\/coque-de-telephone-pour-iphone-11-pro-max-tpu-sagrada-familia-barcelone-bleu\/","title":{"rendered":"Coque de t\u00e9l\u00e9phone pour iPhone 11 Pro Max (TPU). Sagrada Familia. Barcelone. Bleu"},"content":{"rendered":"<p>Coque pour iPhone 11 Pro Max avec un design vibrant de la Sagrada Familia de Barcelone. Cette coque exquise, fabriqu\u00e9e en TPU, un mat\u00e9riau flexible et r\u00e9sistant, ne prot\u00e8ge pas seulement votre appareil mais lui ajoute \u00e9galement une touche distinctive. L&rsquo;illustration met en valeur les tours reconnaissables de la basilique, repr\u00e9sent\u00e9es avec une palette de couleurs bleues et chaudes qui \u00e9voquent l&rsquo;\u00e9clat de l&rsquo;\u0153uvre de Gaud\u00ed. Les d\u00e9tails artistiques qui simulent la mosa\u00efque caract\u00e9ristique de l&rsquo;architecte catalan apportent de la profondeur et une esth\u00e9tique unique \u00e0 cet accessoire essentiel.<\/p>\n<p>Le texte \u00ab\u00a0Barcelona\u00a0\u00bb est \u00e9l\u00e9gamment imprim\u00e9 dans la partie inf\u00e9rieure, renfor\u00e7ant le lien avec cette ville iconique, connue mondialement pour son architecture moderniste et sa riche culture. Ce design n&rsquo;est pas seulement une fa\u00e7on de prot\u00e9ger votre iPhone, mais aussi un hommage \u00e0 l&rsquo;un des monuments les plus embl\u00e9matiques d&rsquo;Espagne, devenant un souvenir authentique et repr\u00e9sentatif de Barcelone.<\/p>\n<p>Chez Ol\u00e9 Mosaic, nous nous sp\u00e9cialisons dans la distribution de souvenirs de qualit\u00e9 en gros, offrant des produits qui capturent l&rsquo;essence de chaque r\u00e9gion. Cette coque est une excellente option pour les touristes qui recherchent un souvenir pratique et beau, et pour les boutiques de cadeaux touristiques qui souhaitent proposer des articles exclusifs et culturellement pertinents.<\/p>\n","protected":false},"excerpt":{"rendered":"<p>Coque de t\u00e9l\u00e9phone pour iPhone 11 Pro Max fabriqu\u00e9e en TPU, avec une illustration vibrante de la Sagrada Familia de Barcelone. Le design, qui se distingue par ses couleurs bleues et chaudes, capture les tours iconiques de la basilique avec des d\u00e9tails artistiques \u00e9voquant les mosa\u00efques caract\u00e9ristiques de Gaud\u00ed. Le mot \u00ab\u00a0Barcelona\u00a0\u00bb est \u00e9l\u00e9gamment imprim\u00e9, ajoutant une touche distinctive \u00e0 cet accessoire essentiel qui combine style et protection.<\/p>\n","protected":false},"featured_media":12205,"template":"","meta":{"_acf_changed":false},"product_brand":[],"product_cat":[674],"product_tag":[],"class_list":{"0":"post-33238","1":"product","2":"type-product","3":"status-publish","4":"has-post-thumbnail","6":"product_cat-etuis-pour-telephones-portables","7":"pa_ciudad-barcelona","8":"pa_motivo-sagrada-familia","9":"pa_pais-espana","11":"first","12":"instock","13":"shipping-taxable","14":"product-type-simple"},"acf":[],"_links":{"self":[{"href":"https:\/\/olemosaic.com\/fr\/wp-json\/wp\/v2\/product\/33238","targetHints":{"allow":["GET"]}}],"collection":[{"href":"https:\/\/olemosaic.com\/fr\/wp-json\/wp\/v2\/product"}],"about":[{"href":"https:\/\/olemosaic.com\/fr\/wp-json\/wp\/v2\/types\/product"}],"wp:featuredmedia":[{"embeddable":true,"href":"https:\/\/olemosaic.com\/fr\/wp-json\/wp\/v2\/media\/12205"}],"wp:attachment":[{"href":"https:\/\/olemosaic.com\/fr\/wp-json\/wp\/v2\/media?parent=33238"}],"wp:term":[{"taxonomy":"product_brand","embeddable":true,"href":"https:\/\/olemosaic.com\/fr\/wp-json\/wp\/v2\/product_brand?post=33238"},{"taxonomy":"product_cat","embeddable":true,"href":"https:\/\/olemosaic.com\/fr\/wp-json\/wp\/v2\/product_cat?post=33238"},{"taxonomy":"product_tag","embeddable":true,"href":"https:\/\/olemosaic.com\/fr\/wp-json\/wp\/v2\/product_tag?post=33238"}],"curies":[{"name":"wp","href":"https:\/\/api.w.org\/{rel}","templated":true}]}}