{"id":33236,"date":"2025-02-20T22:35:04","date_gmt":"2025-02-20T22:35:04","guid":{"rendered":"http:\/\/olemosaic.com\/producto\/funda-de-telefono-para-iphone-11-promax-tpu-mosaico-azul\/"},"modified":"2025-07-25T19:24:15","modified_gmt":"2025-07-25T17:24:15","slug":"coque-de-telephone-pour-iphone-11-pro-max-tpu-mosaique-bleu","status":"publish","type":"product","link":"https:\/\/olemosaic.com\/fr\/produit\/coque-de-telephone-pour-iphone-11-pro-max-tpu-mosaique-bleu\/","title":{"rendered":"Coque de t\u00e9l\u00e9phone pour iPhone 11 Pro Max (TPU). Mosa\u00efque. Bleu"},"content":{"rendered":"<p>Coque pour iPhone 11 Pro Max avec design de mosa\u00efque bleue<\/p>\n<p>D\u00e9couvrez notre coque pour iPhone 11 Pro Max, fabriqu\u00e9e en TPU r\u00e9sistant et l\u00e9ger, qui fusionne modernit\u00e9 et tradition avec un fascinant design de mosa\u00efque dans les tons bleus. Cet accessoire ne prot\u00e8ge pas seulement efficacement votre appareil, mais transforme \u00e9galement son aspect, faisant de votre t\u00e9l\u00e9phone un objet esth\u00e9tique qui \u00e9voque le riche h\u00e9ritage culturel de l&rsquo;Espagne. Le motif attrayant de mosa\u00efque, avec des lignes blanches entrelac\u00e9es sur un fond bleu profond, rappelle les mosa\u00efques caract\u00e9ristiques des villes m\u00e9diterran\u00e9ennes, c\u00e9l\u00e8bres pour leur beaut\u00e9 architecturale et leur histoire vibrante, comme Barcelone ou S\u00e9ville.<\/p>\n<p>Chaque d\u00e9tail de cette coque exalte l&rsquo;artisanat espagnol, offrant une combinaison parfaite de style contemporain et de la riche tradition artistique qui d\u00e9finit la culture du pays. Id\u00e9ale comme souvenir, elle repr\u00e9sente un souvenir authentique que vos clients seront fiers d&rsquo;arborer. De plus, son design mince permet un acc\u00e8s facile \u00e0 tous les ports et boutons, garantissant que la fonctionnalit\u00e9 n&rsquo;est pas compromise. Chez Ol\u00e9 Mosaic, en tant que grossiste en souvenirs, nous vous fournissons des produits qui sont non seulement de haute qualit\u00e9, mais qui \u00e9voquent \u00e9galement l&rsquo;esprit de l&rsquo;Espagne, faisant de cette coque un excellent choix pour les boutiques de cadeaux touristiques \u00e0 la recherche du meilleur des produits authentiques et repr\u00e9sentatifs.<\/p>\n","protected":false},"excerpt":{"rendered":"<p>Coque pour iPhone 11 Pro Max fabriqu\u00e9e en TPU, d\u00e9cor\u00e9e d&rsquo;un design attrayant de mosa\u00efque dans les tons bleus. Cet accessoire combine modernit\u00e9 et tradition, s&rsquo;inspirant du riche h\u00e9ritage culturel espagnol. Son motif pr\u00e9sente des lignes blanches qui contrastent avec le fond bleu, \u00e9voquant les mosa\u00efques caract\u00e9ristiques des villes m\u00e9diterran\u00e9ennes. En plus de prot\u00e9ger, cette coque ajoute une touche esth\u00e9tique \u00e0 votre appareil.<\/p>\n","protected":false},"featured_media":12209,"template":"","meta":{"_acf_changed":false},"product_brand":[],"product_cat":[674],"product_tag":[],"class_list":{"0":"post-33236","1":"product","2":"type-product","3":"status-publish","4":"has-post-thumbnail","6":"product_cat-etuis-pour-telephones-portables","7":"pa_motivo-mosaique","9":"first","10":"instock","11":"shipping-taxable","12":"product-type-simple"},"acf":[],"_links":{"self":[{"href":"https:\/\/olemosaic.com\/fr\/wp-json\/wp\/v2\/product\/33236","targetHints":{"allow":["GET"]}}],"collection":[{"href":"https:\/\/olemosaic.com\/fr\/wp-json\/wp\/v2\/product"}],"about":[{"href":"https:\/\/olemosaic.com\/fr\/wp-json\/wp\/v2\/types\/product"}],"wp:featuredmedia":[{"embeddable":true,"href":"https:\/\/olemosaic.com\/fr\/wp-json\/wp\/v2\/media\/12209"}],"wp:attachment":[{"href":"https:\/\/olemosaic.com\/fr\/wp-json\/wp\/v2\/media?parent=33236"}],"wp:term":[{"taxonomy":"product_brand","embeddable":true,"href":"https:\/\/olemosaic.com\/fr\/wp-json\/wp\/v2\/product_brand?post=33236"},{"taxonomy":"product_cat","embeddable":true,"href":"https:\/\/olemosaic.com\/fr\/wp-json\/wp\/v2\/product_cat?post=33236"},{"taxonomy":"product_tag","embeddable":true,"href":"https:\/\/olemosaic.com\/fr\/wp-json\/wp\/v2\/product_tag?post=33236"}],"curies":[{"name":"wp","href":"https:\/\/api.w.org\/{rel}","templated":true}]}}