{"id":33204,"date":"2025-02-20T23:35:03","date_gmt":"2025-02-20T22:35:03","guid":{"rendered":"http:\/\/olemosaic.com\/producto\/funda-de-telefono-para-iphone-11-promax-tpu-abstracto-verde-2\/"},"modified":"2025-07-25T22:32:00","modified_gmt":"2025-07-25T20:32:00","slug":"coque-de-telephone-pour-iphone-11-pro-max-tpu-abstrait-vert","status":"publish","type":"product","link":"https:\/\/olemosaic.com\/fr\/produit\/coque-de-telephone-pour-iphone-11-pro-max-tpu-abstrait-vert\/","title":{"rendered":"Coque de t\u00e9l\u00e9phone pour iPhone 11 Pro Max (TPU). Abstrait. Style moderne. Vert"},"content":{"rendered":"<p>Coque pour iPhone 11 Pro Max avec un design abstrait de mosa\u00efque. Cette coque est fabriqu\u00e9e en TPU de haute qualit\u00e9, offrant une excellente protection \u00e0 votre appareil sans renoncer au style. Le design attrayant pr\u00e9sente un motif abstrait vibrant dans des tons verts, bleus et oranges, \u00e9voquant la beaut\u00e9 des mosa\u00efques traditionnelles, si caract\u00e9ristiques de l&rsquo;h\u00e9ritage artistique de l&rsquo;Espagne et du Portugal. Les formes g\u00e9om\u00e9triques sont parfaitement dispos\u00e9es, cr\u00e9ant un effet visuel dynamique qui ajoute une touche moderne et artistique \u00e0 votre t\u00e9l\u00e9phone.<\/p>\n<p>Cette coque ne prot\u00e8ge pas seulement votre iPhone 11 Pro Max des chocs et des rayures, mais agit \u00e9galement comme un v\u00e9ritable accessoire de mode. La connexion culturelle avec les mosa\u00efques, symbole de cr\u00e9ativit\u00e9 et d&rsquo;art dans ces r\u00e9gions, garantit qu&rsquo;\u00e0 chaque fois que vous utiliserez votre t\u00e9l\u00e9phone, vous emporterez avec vous un morceau d&rsquo;histoire et de culture. C&rsquo;est un souvenir id\u00e9al pour les touristes et les amateurs de design \u00e0 la recherche de souvenirs repr\u00e9sentatifs de leur visite.<\/p>\n<p>Chez Ol\u00e9 Mosaic, nous nous sp\u00e9cialisons dans la distribution de souvenirs uniques et authentiques en gros, et cette coque de t\u00e9l\u00e9phone est un choix parfait pour les magasins de cadeaux touristiques souhaitant offrir \u00e0 leurs clients quelque chose de vraiment sp\u00e9cial. En tant que grossiste d&rsquo;accessoires, nous garantissons la qualit\u00e9 et l&rsquo;originalit\u00e9 de chaque produit.<\/p>\n","protected":false},"excerpt":{"rendered":"<p>Coque pour iPhone 11 Pro Max en TPU avec un design abstrait dans des tons verts, bleus et oranges. Cette coque attrayante pr\u00e9sente un motif \u00e9voquant le style des mosa\u00efques traditionnelles, avec des formes g\u00e9om\u00e9triques soigneusement dispos\u00e9es qui lui donnent une touche artistique et moderne. Id\u00e9ale pour prot\u00e9ger votre appareil tout en lui donnant un caract\u00e8re distinctif et color\u00e9. La combinaison parfaite de praticit\u00e9 et de style pour les amateurs de design.<\/p>\n","protected":false},"featured_media":12202,"template":"","meta":{"_acf_changed":false},"product_brand":[],"product_cat":[674],"product_tag":[],"class_list":{"0":"post-33204","1":"product","2":"type-product","3":"status-publish","4":"has-post-thumbnail","6":"product_cat-etuis-pour-telephones-portables","7":"pa_motivo-resume","9":"first","10":"instock","11":"shipping-taxable","12":"product-type-simple"},"acf":[],"_links":{"self":[{"href":"https:\/\/olemosaic.com\/fr\/wp-json\/wp\/v2\/product\/33204","targetHints":{"allow":["GET"]}}],"collection":[{"href":"https:\/\/olemosaic.com\/fr\/wp-json\/wp\/v2\/product"}],"about":[{"href":"https:\/\/olemosaic.com\/fr\/wp-json\/wp\/v2\/types\/product"}],"wp:featuredmedia":[{"embeddable":true,"href":"https:\/\/olemosaic.com\/fr\/wp-json\/wp\/v2\/media\/12202"}],"wp:attachment":[{"href":"https:\/\/olemosaic.com\/fr\/wp-json\/wp\/v2\/media?parent=33204"}],"wp:term":[{"taxonomy":"product_brand","embeddable":true,"href":"https:\/\/olemosaic.com\/fr\/wp-json\/wp\/v2\/product_brand?post=33204"},{"taxonomy":"product_cat","embeddable":true,"href":"https:\/\/olemosaic.com\/fr\/wp-json\/wp\/v2\/product_cat?post=33204"},{"taxonomy":"product_tag","embeddable":true,"href":"https:\/\/olemosaic.com\/fr\/wp-json\/wp\/v2\/product_tag?post=33204"}],"curies":[{"name":"wp","href":"https:\/\/api.w.org\/{rel}","templated":true}]}}