{"id":33203,"date":"2025-02-20T22:35:03","date_gmt":"2025-02-20T22:35:03","guid":{"rendered":"http:\/\/olemosaic.com\/producto\/funda-de-telefono-para-iphone-11-pro-tpu-punt-de-trobada-barcelona-blanco\/"},"modified":"2025-07-25T20:07:15","modified_gmt":"2025-07-25T18:07:15","slug":"coque-de-telephone-pour-iphone-11-pro-tpu-punt-de-trobada-barcelone-blanc","status":"publish","type":"product","link":"https:\/\/olemosaic.com\/fr\/produit\/coque-de-telephone-pour-iphone-11-pro-tpu-punt-de-trobada-barcelone-blanc\/","title":{"rendered":"Coque de t\u00e9l\u00e9phone pour iPhone 11 Pro (TPU). Punt de trobada. Barcelone. Blanc"},"content":{"rendered":"<p>Coque pour iPhone 11 Pro inspir\u00e9e de l&rsquo;iconique \u00ab\u00a0Punt de trobada\u00a0\u00bb de Barcelone. Fabriqu\u00e9e en TPU de haute qualit\u00e9, cette coque prot\u00e8ge non seulement votre appareil de mani\u00e8re exceptionnelle, mais rend \u00e9galement hommage au vibrant h\u00e9ritage culturel de la cit\u00e9 comtale. Avec un design color\u00e9 pr\u00e9sentant une mosa\u00efque de formes g\u00e9om\u00e9triques dans des tons rouge, jaune, vert et bleu sur un fond blanc imitant la c\u00e9ramique, cette coque encapsule l&rsquo;essence de l&rsquo;art moderniste catalan. Les repr\u00e9sentations symboliques de la ville, entrelac\u00e9es artistiquement, \u00e9voquent la magie de Barcelone et sa riche histoire. En plus de son attrait visuel, le mat\u00e9riau TPU offre une structure flexible et durable qui s&rsquo;ajuste parfaitement \u00e0 l&rsquo;iPhone 11 Pro, garantissant s\u00e9curit\u00e9 et style. Ce souvenir est id\u00e9al pour les amateurs d&rsquo;art, de modernit\u00e9 et de culture, devenant une excellente option pour les touristes \u00e0 la recherche d&rsquo;un souvenir authentique et repr\u00e9sentatif. Chez Ol\u00e9 Mosaic, nous sommes fiers de proposer cette coque dans le cadre de notre gamme de souvenirs de Barcelone, constituant un choix exceptionnel pour les magasins de cadeaux touristiques \u00e0 la recherche de produits authentiques et pertinents.<\/p>\n","protected":false},"excerpt":{"rendered":"<p>Coque pour iPhone 11 Pro fabriqu\u00e9e en TPU, inspir\u00e9e de l&rsquo;iconique \u00ab\u00a0Punt de trobada\u00a0\u00bb de Barcelone. Ce design se distingue par sa mosa\u00efque color\u00e9e combinant des formes g\u00e9om\u00e9triques dans des tons rouges, jaunes, verts et bleus sur un fond blanc imitant la c\u00e9ramique. Avec des repr\u00e9sentations symboliques de la ville, la coque prot\u00e8ge non seulement votre appareil, mais c\u00e9l\u00e8bre \u00e9galement le riche h\u00e9ritage culturel barcelonais. Id\u00e9ale pour les amateurs d&rsquo;art et de modernit\u00e9.<\/p>\n","protected":false},"featured_media":12158,"template":"","meta":{"_acf_changed":false},"product_brand":[],"product_cat":[674],"product_tag":[],"class_list":{"0":"post-33203","1":"product","2":"type-product","3":"status-publish","4":"has-post-thumbnail","6":"product_cat-etuis-pour-telephones-portables","7":"pa_ciudad-barcelona","8":"pa_motivo-punt-de-trobada","9":"pa_pais-espana","11":"first","12":"instock","13":"shipping-taxable","14":"product-type-simple"},"acf":[],"_links":{"self":[{"href":"https:\/\/olemosaic.com\/fr\/wp-json\/wp\/v2\/product\/33203","targetHints":{"allow":["GET"]}}],"collection":[{"href":"https:\/\/olemosaic.com\/fr\/wp-json\/wp\/v2\/product"}],"about":[{"href":"https:\/\/olemosaic.com\/fr\/wp-json\/wp\/v2\/types\/product"}],"wp:featuredmedia":[{"embeddable":true,"href":"https:\/\/olemosaic.com\/fr\/wp-json\/wp\/v2\/media\/12158"}],"wp:attachment":[{"href":"https:\/\/olemosaic.com\/fr\/wp-json\/wp\/v2\/media?parent=33203"}],"wp:term":[{"taxonomy":"product_brand","embeddable":true,"href":"https:\/\/olemosaic.com\/fr\/wp-json\/wp\/v2\/product_brand?post=33203"},{"taxonomy":"product_cat","embeddable":true,"href":"https:\/\/olemosaic.com\/fr\/wp-json\/wp\/v2\/product_cat?post=33203"},{"taxonomy":"product_tag","embeddable":true,"href":"https:\/\/olemosaic.com\/fr\/wp-json\/wp\/v2\/product_tag?post=33203"}],"curies":[{"name":"wp","href":"https:\/\/api.w.org\/{rel}","templated":true}]}}