{"id":33202,"date":"2025-02-20T22:35:03","date_gmt":"2025-02-20T22:35:03","guid":{"rendered":"http:\/\/olemosaic.com\/producto\/funda-de-telefono-para-iphone-11-pro-tpu-panoramica-barcelona-blanco\/"},"modified":"2025-07-25T19:09:34","modified_gmt":"2025-07-25T17:09:34","slug":"coque-de-telephone-pour-iphone-11-pro-tpu-panoramique-barcelone-blanc","status":"publish","type":"product","link":"https:\/\/olemosaic.com\/fr\/produit\/coque-de-telephone-pour-iphone-11-pro-tpu-panoramique-barcelone-blanc\/","title":{"rendered":"Coque de t\u00e9l\u00e9phone pour iPhone 11 Pro (TPU). Panoramique. Barcelone. Blanc"},"content":{"rendered":"<p>Coque pour iPhone 11 Pro d\u00e9cor\u00e9e d&rsquo;une vue panoramique vibrante de Barcelone qui capture l&rsquo;essence de la culture catalane. Cet accessoire, fabriqu\u00e9 en TPU, offre une excellente r\u00e9sistance et protection pour votre appareil. Le design se distingue par son illustration inspir\u00e9e de la c\u00e9l\u00e8bre mosa\u00efque de Gaud\u00ed, o\u00f9 l&rsquo;iconique Sagrada Familia se dresse majestueusement aux c\u00f4t\u00e9s d&rsquo;autres \u00e9l\u00e9ments embl\u00e9matiques de la ville, tels que les dragons color\u00e9s du Park G\u00fcell et les lignes ondulantes de la Casa Batll\u00f3.<\/p>\n<p>Les couleurs intenses rouge, jaune, vert et bleu contrastent avec un fond blanc, rehaussant chaque d\u00e9tail artistique de cette \u0153uvre qui nous transporte au c\u0153ur de Barcelone. L&rsquo;inscription \u00ab\u00a0Barcelona\u00a0\u00bb est pr\u00e9sent\u00e9e de mani\u00e8re distinctive, offrant une touche personnelle et attrayante \u00e0 ce souvenir qui allie fonctionnalit\u00e9 et art. Id\u00e9ale pour les voyageurs qui souhaitent emporter avec eux un souvenir authentique et repr\u00e9sentatif de la ville, cette coque ne prot\u00e8ge pas seulement votre t\u00e9l\u00e9phone, mais c\u00e9l\u00e8bre \u00e9galement le riche h\u00e9ritage culturel catalan.<\/p>\n<p>Chez Ol\u00e9 Mosaic, nous sommes experts dans la distribution de souvenirs en gros et cette coque de t\u00e9l\u00e9phone devient une excellente option pour les magasins de cadeaux touristiques, offrant un produit qui est non seulement attrayant, mais aussi culturellement significatif. Un souvenir de Barcelone qui se distingue par son originalit\u00e9 et sa connexion avec l&rsquo;\u0153uvre de l&rsquo;un des architectes les plus influents de la ville.<\/p>\n","protected":false},"excerpt":{"rendered":"<p>Coque pour iPhone 11 Pro en TPU, orn\u00e9e d&rsquo;une vue panoramique vibrante de Barcelone. Elle pr\u00e9sente une illustration inspir\u00e9e de la c\u00e9l\u00e8bre mosa\u00efque de Gaud\u00ed, mettant en avant la Sagrada Familia et d&rsquo;autres \u00e9l\u00e9ments iconiques de la ville, avec des couleurs intenses rouge, jaune, vert et bleu. Le design sur fond blanc fait ressortir les d\u00e9tails artistiques, tandis que l&rsquo;inscription \u00ab\u00a0Barcelona\u00a0\u00bb ajoute une touche distinctive, en faisant un accessoire id\u00e9al pour les amoureux de la culture catalane.<\/p>\n","protected":false},"featured_media":12159,"template":"","meta":{"_acf_changed":false},"product_brand":[],"product_cat":[674],"product_tag":[],"class_list":{"0":"post-33202","1":"product","2":"type-product","3":"status-publish","4":"has-post-thumbnail","6":"product_cat-etuis-pour-telephones-portables","7":"pa_ciudad-barcelona","8":"pa_motivo-panoramas","9":"pa_pais-espana","11":"first","12":"instock","13":"shipping-taxable","14":"product-type-simple"},"acf":[],"_links":{"self":[{"href":"https:\/\/olemosaic.com\/fr\/wp-json\/wp\/v2\/product\/33202","targetHints":{"allow":["GET"]}}],"collection":[{"href":"https:\/\/olemosaic.com\/fr\/wp-json\/wp\/v2\/product"}],"about":[{"href":"https:\/\/olemosaic.com\/fr\/wp-json\/wp\/v2\/types\/product"}],"wp:featuredmedia":[{"embeddable":true,"href":"https:\/\/olemosaic.com\/fr\/wp-json\/wp\/v2\/media\/12159"}],"wp:attachment":[{"href":"https:\/\/olemosaic.com\/fr\/wp-json\/wp\/v2\/media?parent=33202"}],"wp:term":[{"taxonomy":"product_brand","embeddable":true,"href":"https:\/\/olemosaic.com\/fr\/wp-json\/wp\/v2\/product_brand?post=33202"},{"taxonomy":"product_cat","embeddable":true,"href":"https:\/\/olemosaic.com\/fr\/wp-json\/wp\/v2\/product_cat?post=33202"},{"taxonomy":"product_tag","embeddable":true,"href":"https:\/\/olemosaic.com\/fr\/wp-json\/wp\/v2\/product_tag?post=33202"}],"curies":[{"name":"wp","href":"https:\/\/api.w.org\/{rel}","templated":true}]}}