{"id":33195,"date":"2025-02-20T23:35:03","date_gmt":"2025-02-20T22:35:03","guid":{"rendered":"http:\/\/olemosaic.com\/producto\/funda-de-telefono-para-iphone-11-pro-tpu-panoramica-barcelona-azul-2\/"},"modified":"2025-07-25T19:16:26","modified_gmt":"2025-07-25T17:16:26","slug":"coque-de-telephone-pour-iphone-11-pro-tpu-panoramique-barcelone-bleu-2","status":"publish","type":"product","link":"https:\/\/olemosaic.com\/fr\/produit\/coque-de-telephone-pour-iphone-11-pro-tpu-panoramique-barcelone-bleu-2\/","title":{"rendered":"Coque de t\u00e9l\u00e9phone pour iPhone 11 Pro (TPU). Panoramique. Sagrada Familia. Barcelone. Bleu"},"content":{"rendered":"<p>Coque de t\u00e9l\u00e9phone pour iPhone 11 Pro avec une vue panoramique vibrante de Barcelone. Cette coque exceptionnelle, fabriqu\u00e9e en TPU, allie fonctionnalit\u00e9 et design, offrant une protection \u00e0 votre appareil tout en l&rsquo;ornant d&rsquo;une repr\u00e9sentation artistique de la ville. L&rsquo;illustration color\u00e9e met en avant des \u00e9l\u00e9ments iconiques tels que la majestueuse Sagrada Familia, aux c\u00f4t\u00e9s d&rsquo;autres symboles du patrimoine culturel de Barcelone, le tout dans une explosion de tons bleus, oranges et verts. Les d\u00e9tails sont inspir\u00e9s de la c\u00e9l\u00e8bre mosa\u00efque de Gaud\u00ed, reconnue pour son caract\u00e8re unique et sa connexion avec l&rsquo;architecture moderniste de la ville.<\/p>\n<p>Chaque aspect de cette coque refl\u00e8te l&rsquo;essence dynamique de Barcelone, en faisant un souvenir id\u00e9al pour ceux qui souhaitent emporter avec eux un morceau de cette ville embl\u00e9matique. Ce produit n&rsquo;est pas seulement un accessoire technique, mais aussi un rappel visuel de la beaut\u00e9 architecturale et culturelle que Barcelone offre \u00e0 ses visiteurs. Chez Ol\u00e9 Mosaic, nous vous proposons cette coque dans le cadre de notre s\u00e9lection de souvenirs authentiques, parfaits pour les boutiques de cadeaux touristiques \u00e0 la recherche de produits qui encapsulent l&rsquo;esprit du lieu. Avec cette coque, les touristes peuvent se souvenir de leur visite \u00e0 Barcelone chaque fois qu&rsquo;ils utilisent leur t\u00e9l\u00e9phone, fusionnant protection et art en un seul produit.<\/p>\n","protected":false},"excerpt":{"rendered":"<p>Coque de t\u00e9l\u00e9phone pour iPhone 11 Pro fabriqu\u00e9e en TPU, montrant une vue panoramique color\u00e9e de Barcelone. Son design vibrant inclut l&rsquo;iconique Sagrada Familia et des \u00e9l\u00e9ments typiques de la ville, le tout dans des tons bleus, oranges et verts, avec des d\u00e9tails \u00e9voquant la c\u00e9l\u00e8bre mosa\u00efque de Gaud\u00ed. Cette coque prot\u00e8ge non seulement votre appareil, mais l&rsquo;orne \u00e9galement d&rsquo;un attrait visuel qui refl\u00e8te l&rsquo;essence et le dynamisme de Barcelone.<\/p>\n","protected":false},"featured_media":12164,"template":"","meta":{"_acf_changed":false},"product_brand":[],"product_cat":[674],"product_tag":[],"class_list":{"0":"post-33195","1":"product","2":"type-product","3":"status-publish","4":"has-post-thumbnail","6":"product_cat-etuis-pour-telephones-portables","7":"pa_ciudad-barcelona","8":"pa_motivo-panoramas","9":"pa_pais-espana","11":"first","12":"instock","13":"shipping-taxable","14":"product-type-simple"},"acf":[],"_links":{"self":[{"href":"https:\/\/olemosaic.com\/fr\/wp-json\/wp\/v2\/product\/33195","targetHints":{"allow":["GET"]}}],"collection":[{"href":"https:\/\/olemosaic.com\/fr\/wp-json\/wp\/v2\/product"}],"about":[{"href":"https:\/\/olemosaic.com\/fr\/wp-json\/wp\/v2\/types\/product"}],"wp:featuredmedia":[{"embeddable":true,"href":"https:\/\/olemosaic.com\/fr\/wp-json\/wp\/v2\/media\/12164"}],"wp:attachment":[{"href":"https:\/\/olemosaic.com\/fr\/wp-json\/wp\/v2\/media?parent=33195"}],"wp:term":[{"taxonomy":"product_brand","embeddable":true,"href":"https:\/\/olemosaic.com\/fr\/wp-json\/wp\/v2\/product_brand?post=33195"},{"taxonomy":"product_cat","embeddable":true,"href":"https:\/\/olemosaic.com\/fr\/wp-json\/wp\/v2\/product_cat?post=33195"},{"taxonomy":"product_tag","embeddable":true,"href":"https:\/\/olemosaic.com\/fr\/wp-json\/wp\/v2\/product_tag?post=33195"}],"curies":[{"name":"wp","href":"https:\/\/api.w.org\/{rel}","templated":true}]}}