{"id":33194,"date":"2025-02-20T22:35:03","date_gmt":"2025-02-20T22:35:03","guid":{"rendered":"http:\/\/olemosaic.com\/producto\/funda-de-telefono-para-iphone-11-pro-tpu-panoramica-barcelona-azul\/"},"modified":"2025-07-25T18:59:22","modified_gmt":"2025-07-25T16:59:22","slug":"coque-de-telephone-pour-iphone-11-pro-tpu-panoramique-barcelone-bleu","status":"publish","type":"product","link":"https:\/\/olemosaic.com\/fr\/produit\/coque-de-telephone-pour-iphone-11-pro-tpu-panoramique-barcelone-bleu\/","title":{"rendered":"Coque de t\u00e9l\u00e9phone pour iPhone 11 Pro (TPU). Panoramique. Barcelone. Bleu"},"content":{"rendered":"<p>Coque pour iPhone 11 Pro avec une vue panoramique vibrante de Barcelone, con\u00e7ue en TPU pour offrir protection et style. Cet article magnifique pr\u00e9sente une illustration color\u00e9e de l&#8217;embl\u00e9matique Sagrada Familia, l&rsquo;un des monuments les plus reconnaissables de la ville, ainsi que d&rsquo;autres \u00e9l\u00e9ments iconiques de Barcelone, sur un fond bleu clair qui \u00e9voque le ciel m\u00e9diterran\u00e9en brillant. Le design inclut un soleil radieux et des d\u00e9tails aux couleurs vives, cr\u00e9ant une impression joyeuse et moderne qui refl\u00e8te l&rsquo;\u00e9nergie vibrante de la ville.<\/p>\n<p>La coque ne prot\u00e8ge pas seulement l&rsquo;appareil, mais permet \u00e9galement aux utilisateurs d&#8217;emporter avec eux un symbole culturel de Barcelone, devenant un excellent souvenir pour ceux qui cherchent un rappel de leur visite. Sa connexion avec l&rsquo;architecture unique d&rsquo;Antoni Gaud\u00ed et le riche h\u00e9ritage historique de Barcelone en fait un cadeau parfait pour les touristes et les amoureux de la ville. Chez Ol\u00e9 Mosaic, nous distribuons des articles authentiques et de qualit\u00e9 en gros, et cette coque repr\u00e9sente l&rsquo;essence des souvenirs de Barcelone, id\u00e9ale pour les boutiques de cadeaux touristiques. Avec cette coque pour iPhone 11 Pro, les clients peuvent profiter de la fonctionnalit\u00e9 et de la beaut\u00e9 d&rsquo;un design qui capture l&rsquo;essence de l&rsquo;une des villes les plus merveilleuses au monde.<\/p>\n","protected":false},"excerpt":{"rendered":"<p>Coque pour iPhone 11 Pro fabriqu\u00e9e en TPU, avec une vue panoramique vibrante de Barcelone. Le design met en avant l&rsquo;imposante Sagrada Familia et d&rsquo;autres \u00e9l\u00e9ments iconiques de la ville, le tout sur un fond bleu clair \u00e9voquant le ciel m\u00e9diterran\u00e9en. Comprend un soleil radieux et des d\u00e9tails aux couleurs vives, cr\u00e9ant une impression joyeuse et moderne. Parfaite pour ceux qui veulent emporter un morceau de Barcelone toujours avec eux, alliant protection et style.<\/p>\n","protected":false},"featured_media":12166,"template":"","meta":{"_acf_changed":false},"product_brand":[],"product_cat":[674],"product_tag":[],"class_list":{"0":"post-33194","1":"product","2":"type-product","3":"status-publish","4":"has-post-thumbnail","6":"product_cat-etuis-pour-telephones-portables","7":"pa_ciudad-barcelona","8":"pa_motivo-panoramas","9":"pa_pais-espana","11":"first","12":"instock","13":"shipping-taxable","14":"product-type-simple"},"acf":[],"_links":{"self":[{"href":"https:\/\/olemosaic.com\/fr\/wp-json\/wp\/v2\/product\/33194","targetHints":{"allow":["GET"]}}],"collection":[{"href":"https:\/\/olemosaic.com\/fr\/wp-json\/wp\/v2\/product"}],"about":[{"href":"https:\/\/olemosaic.com\/fr\/wp-json\/wp\/v2\/types\/product"}],"wp:featuredmedia":[{"embeddable":true,"href":"https:\/\/olemosaic.com\/fr\/wp-json\/wp\/v2\/media\/12166"}],"wp:attachment":[{"href":"https:\/\/olemosaic.com\/fr\/wp-json\/wp\/v2\/media?parent=33194"}],"wp:term":[{"taxonomy":"product_brand","embeddable":true,"href":"https:\/\/olemosaic.com\/fr\/wp-json\/wp\/v2\/product_brand?post=33194"},{"taxonomy":"product_cat","embeddable":true,"href":"https:\/\/olemosaic.com\/fr\/wp-json\/wp\/v2\/product_cat?post=33194"},{"taxonomy":"product_tag","embeddable":true,"href":"https:\/\/olemosaic.com\/fr\/wp-json\/wp\/v2\/product_tag?post=33194"}],"curies":[{"name":"wp","href":"https:\/\/api.w.org\/{rel}","templated":true}]}}