{"id":33192,"date":"2025-02-20T23:35:02","date_gmt":"2025-02-20T22:35:02","guid":{"rendered":"http:\/\/olemosaic.com\/producto\/funda-de-telefono-para-iphone-11-pro-tpu-abstracto-azul-2\/"},"modified":"2025-07-25T19:24:05","modified_gmt":"2025-07-25T17:24:05","slug":"coque-de-telephone-pour-iphone-11-pro-tpu-abstrait-bleu-2","status":"publish","type":"product","link":"https:\/\/olemosaic.com\/fr\/produit\/coque-de-telephone-pour-iphone-11-pro-tpu-abstrait-bleu-2\/","title":{"rendered":"Coque de t\u00e9l\u00e9phone pour iPhone 11 Pro (TPU). Abstrait. Style moderne. Bleu"},"content":{"rendered":"<p>Coque pour iPhone 11 Pro avec un design abstrait vibrant qui capture l&rsquo;essence de Majorque. Cette coque, fabriqu\u00e9e en TPU, pr\u00e9sente une explosion de couleurs dans les tons bleus, roses, jaunes et oranges, cr\u00e9ant un effet artistique moderne et original. Le design inclut le mot \u00ab\u00a0Mallorca\u00a0\u00bb en lettres blanches, un d\u00e9tail qui souligne le caract\u00e8re idiosyncrasique de l&rsquo;\u00eele des Bal\u00e9ares et permet aux utilisateurs d&#8217;emporter un morceau de sa beaut\u00e9 partout. La surface douce et flexible de la coque offre non seulement une protection efficace contre les chocs et les rayures, mais procure \u00e9galement une sensation agr\u00e9able au toucher et un ajustement pr\u00e9cis \u00e0 l&rsquo;appareil.<\/p>\n<p>Le design abstrait \u00e9voque la culture vibrante et les paysages naturels de Majorque, refl\u00e9tant la diversit\u00e9 des couleurs de sa mer et de ses paysages. Ce souvenir est l&rsquo;option parfaite pour les touristes \u00e0 la recherche d&rsquo;un souvenir authentique qui leur rappelle leur exp\u00e9rience sur l&rsquo;\u00eele. Chez Ol\u00e9 Mosaic, notre engagement en tant que distributeur de souvenirs en gros est de proposer des produits alliant style, tradition et fonctionnalit\u00e9. Cette coque de t\u00e9l\u00e9phone est un excellent ajout pour les boutiques de cadeaux touristiques, car elle attire aussi bien les amateurs de mode que ceux qui appr\u00e9cient la connexion culturelle avec Majorque. Avec son esth\u00e9tique contemporaine et sa pertinence \u00e9motionnelle, c&rsquo;est un cadeau id\u00e9al pour ceux qui souhaitent emporter avec eux un symbole de leur voyage.<\/p>\n","protected":false},"excerpt":{"rendered":"<p>Coque pour iPhone 11 Pro fabriqu\u00e9e en TPU, avec un design abstrait vibrant combinant une explosion de couleurs dans les tons bleus, roses, jaunes et oranges. Cette coque originale prot\u00e8ge non seulement votre appareil, mais se distingue par son motif distinctif, qui inclut le mot \u00ab\u00a0Mallorca\u00a0\u00bb en lettres blanches. Son style artistique et moderne \u00e9voque la beaut\u00e9 de l&rsquo;\u00eele des Bal\u00e9ares, devenant un accessoire indispensable pour ceux qui souhaitent emporter un morceau de Majorque toujours avec eux.<\/p>\n","protected":false},"featured_media":13385,"template":"","meta":{"_acf_changed":false},"product_brand":[],"product_cat":[674],"product_tag":[],"class_list":{"0":"post-33192","1":"product","2":"type-product","3":"status-publish","4":"has-post-thumbnail","6":"product_cat-etuis-pour-telephones-portables","7":"pa_ciudad-mallorca","8":"pa_motivo-resume","9":"pa_pais-espana","11":"first","12":"instock","13":"shipping-taxable","14":"product-type-simple"},"acf":[],"_links":{"self":[{"href":"https:\/\/olemosaic.com\/fr\/wp-json\/wp\/v2\/product\/33192","targetHints":{"allow":["GET"]}}],"collection":[{"href":"https:\/\/olemosaic.com\/fr\/wp-json\/wp\/v2\/product"}],"about":[{"href":"https:\/\/olemosaic.com\/fr\/wp-json\/wp\/v2\/types\/product"}],"wp:featuredmedia":[{"embeddable":true,"href":"https:\/\/olemosaic.com\/fr\/wp-json\/wp\/v2\/media\/13385"}],"wp:attachment":[{"href":"https:\/\/olemosaic.com\/fr\/wp-json\/wp\/v2\/media?parent=33192"}],"wp:term":[{"taxonomy":"product_brand","embeddable":true,"href":"https:\/\/olemosaic.com\/fr\/wp-json\/wp\/v2\/product_brand?post=33192"},{"taxonomy":"product_cat","embeddable":true,"href":"https:\/\/olemosaic.com\/fr\/wp-json\/wp\/v2\/product_cat?post=33192"},{"taxonomy":"product_tag","embeddable":true,"href":"https:\/\/olemosaic.com\/fr\/wp-json\/wp\/v2\/product_tag?post=33192"}],"curies":[{"name":"wp","href":"https:\/\/api.w.org\/{rel}","templated":true}]}}