{"id":33191,"date":"2025-02-20T22:35:02","date_gmt":"2025-02-20T22:35:02","guid":{"rendered":"http:\/\/olemosaic.com\/producto\/funda-de-telefono-para-iphone-11-pro-tpu-gato-barcelona-blanco\/"},"modified":"2025-07-25T20:00:35","modified_gmt":"2025-07-25T18:00:35","slug":"coque-de-telephone-pour-iphone-11-pro-tpu-chat-barcelone-blanc","status":"publish","type":"product","link":"https:\/\/olemosaic.com\/fr\/produit\/coque-de-telephone-pour-iphone-11-pro-tpu-chat-barcelone-blanc\/","title":{"rendered":"Coque de t\u00e9l\u00e9phone pour iPhone 11 Pro (TPU). Chat. Barcelone. Blanc"},"content":{"rendered":"<p>Coque pour iPhone 11 Pro avec un design vibrant qui incarne l&rsquo;essence artistique de Barcelone. Fabriqu\u00e9e en TPU, cette coque offre une excellente durabilit\u00e9 et protection pour votre appareil, \u00e0 l&rsquo;abri des chutes et des rayures. Elle se distingue par son chat stylis\u00e9 color\u00e9, un chef-d&rsquo;\u0153uvre dans les tons bleus, verts, rouges et jaunes qui ne passe pas inaper\u00e7u. Le chat, entour\u00e9 de papillons en plein vol, irradie de joie et de vitalit\u00e9, tandis que le fond de la coque pr\u00e9sente un motif de carreaux qui \u00e9voque l&rsquo;architecture unique de la ville de Barcelone, inspir\u00e9e de la c\u00e9l\u00e8bre mosa\u00efque de Gaud\u00ed. Ce design est non seulement visuellement attrayant, mais il refl\u00e8te \u00e9galement le riche h\u00e9ritage culturel de Barcelone, faisant de cette coque un souvenir authentique et significatif. Id\u00e9al pour les touristes qui cherchent \u00e0 emporter un petit morceau de la ville. Chez Ol\u00e9 Mosaic, nous distribuons des produits authentiques en gros, comme cette coque de t\u00e9l\u00e9phone, qui repr\u00e9sente parfaitement les souvenirs incontournables de Barcelone. Un choix id\u00e9al pour ceux qui souhaitent exprimer leur amour pour cette belle ville !<\/p>\n","protected":false},"excerpt":{"rendered":"<p>Coque de t\u00e9l\u00e9phone pour iPhone 11 Pro fabriqu\u00e9e en TPU, avec un design vibrant inspir\u00e9 de la c\u00e9l\u00e8bre mosa\u00efque de Barcelone. Cette coque blanche pr\u00e9sente un chat stylis\u00e9 color\u00e9 dans les tons bleus, verts, rouges et jaunes, entour\u00e9 de papillons qui lui donnent une touche joyeuse. Le fond affiche un motif de carreaux, repr\u00e9sentant l&rsquo;essence artistique de la ville. Un choix parfait pour ceux qui cherchent \u00e0 prot\u00e9ger leur appareil avec style.<\/p>\n","protected":false},"featured_media":12156,"template":"","meta":{"_acf_changed":false},"product_brand":[],"product_cat":[674],"product_tag":[530],"class_list":{"0":"post-33191","1":"product","2":"type-product","3":"status-publish","4":"has-post-thumbnail","6":"product_cat-etuis-pour-telephones-portables","7":"product_tag-animaux","8":"pa_ciudad-barcelona","9":"pa_motivo-chats","10":"pa_pais-espana","12":"first","13":"instock","14":"shipping-taxable","15":"product-type-simple"},"acf":[],"_links":{"self":[{"href":"https:\/\/olemosaic.com\/fr\/wp-json\/wp\/v2\/product\/33191","targetHints":{"allow":["GET"]}}],"collection":[{"href":"https:\/\/olemosaic.com\/fr\/wp-json\/wp\/v2\/product"}],"about":[{"href":"https:\/\/olemosaic.com\/fr\/wp-json\/wp\/v2\/types\/product"}],"wp:featuredmedia":[{"embeddable":true,"href":"https:\/\/olemosaic.com\/fr\/wp-json\/wp\/v2\/media\/12156"}],"wp:attachment":[{"href":"https:\/\/olemosaic.com\/fr\/wp-json\/wp\/v2\/media?parent=33191"}],"wp:term":[{"taxonomy":"product_brand","embeddable":true,"href":"https:\/\/olemosaic.com\/fr\/wp-json\/wp\/v2\/product_brand?post=33191"},{"taxonomy":"product_cat","embeddable":true,"href":"https:\/\/olemosaic.com\/fr\/wp-json\/wp\/v2\/product_cat?post=33191"},{"taxonomy":"product_tag","embeddable":true,"href":"https:\/\/olemosaic.com\/fr\/wp-json\/wp\/v2\/product_tag?post=33191"}],"curies":[{"name":"wp","href":"https:\/\/api.w.org\/{rel}","templated":true}]}}