{"id":33183,"date":"2025-02-20T22:35:02","date_gmt":"2025-02-20T22:35:02","guid":{"rendered":"http:\/\/olemosaic.com\/producto\/funda-de-telefono-para-iphone-11-pro-tpu-gato-mallorca-negro\/"},"modified":"2025-07-25T19:41:05","modified_gmt":"2025-07-25T17:41:05","slug":"coque-de-telephone-pour-iphone-11-pro-tpu-chat-majorque-noir","status":"publish","type":"product","link":"https:\/\/olemosaic.com\/fr\/produit\/coque-de-telephone-pour-iphone-11-pro-tpu-chat-majorque-noir\/","title":{"rendered":"Coque de t\u00e9l\u00e9phone pour iPhone 11 Pro (TPU). Chat. Majorque. Noir"},"content":{"rendered":"<p>Coque pour iPhone 11 Pro avec un design color\u00e9 de chat inspir\u00e9 de l&rsquo;art de Majorque. Cette coque, fabriqu\u00e9e en TPU de haute qualit\u00e9, offre une protection robuste pour votre appareil sans renoncer au style. Sur le devant, un chat vibrant se dresse dans un m\u00e9lange de teintes allant du bleu au jaune, repr\u00e9sentant une mosa\u00efque qui \u00e9voque la riche tradition artistique de l&rsquo;\u00eele. Le fond noir fait ressortir encore plus la vivacit\u00e9 des couleurs, tandis qu&rsquo;une danse de papillons multicolores ajoute une touche joyeuse et artistique au design. Le mot \u00ab\u00a0Majorque\u00a0\u00bb est \u00e9l\u00e9gamment imprim\u00e9 en bas, soulignant la connexion culturelle avec cette belle \u00eele m\u00e9diterran\u00e9enne, connue pour son art et sa nature vibrante.<\/p>\n<p>Cet accessoire n&rsquo;est pas seulement fonctionnel, offrant une couche de protection contre les chutes et les rayures, mais il agit \u00e9galement comme un authentique souvenir de Majorque, capturant l&rsquo;essence de son ambiance festive et color\u00e9e. Chez Ol\u00e9 Mosaic, nous sommes fiers de proposer des produits de haute qualit\u00e9 qui refl\u00e8tent l&rsquo;authenticit\u00e9 culturelle de leur origine. Cette coque de chat est une excellente option pour les touristes \u00e0 la recherche d&rsquo;un souvenir alliant style et praticit\u00e9, id\u00e9ale pour les boutiques de cadeaux touristiques cherchant \u00e0 attirer les amateurs d&rsquo;art et de culture. Un accessoire indispensable qui garantit de se d\u00e9marquer tout en prot\u00e9geant votre smartphone !<\/p>\n","protected":false},"excerpt":{"rendered":"<p>Coque pour iPhone 11 Pro fabriqu\u00e9e en TPU, avec un design color\u00e9 d&rsquo;un chat inspir\u00e9 de l&rsquo;art de Majorque. La coque pr\u00e9sente un chat aux tons vibrants sur un fond noir, entour\u00e9 de papillons multicolores qui lui donnent une touche joyeuse et artistique. Avec le mot \u00ab\u00a0Majorque\u00a0\u00bb \u00e9l\u00e9gamment imprim\u00e9, cet accessoire prot\u00e8ge non seulement votre t\u00e9l\u00e9phone, mais refl\u00e8te \u00e9galement le charme et la culture de cette belle \u00eele m\u00e9diterran\u00e9enne.<\/p>\n","protected":false},"featured_media":13386,"template":"","meta":{"_acf_changed":false},"product_brand":[],"product_cat":[674],"product_tag":[530],"class_list":{"0":"post-33183","1":"product","2":"type-product","3":"status-publish","4":"has-post-thumbnail","6":"product_cat-etuis-pour-telephones-portables","7":"product_tag-animaux","8":"pa_ciudad-mallorca","9":"pa_motivo-chats","10":"pa_pais-espana","12":"first","13":"instock","14":"shipping-taxable","15":"product-type-simple"},"acf":[],"_links":{"self":[{"href":"https:\/\/olemosaic.com\/fr\/wp-json\/wp\/v2\/product\/33183","targetHints":{"allow":["GET"]}}],"collection":[{"href":"https:\/\/olemosaic.com\/fr\/wp-json\/wp\/v2\/product"}],"about":[{"href":"https:\/\/olemosaic.com\/fr\/wp-json\/wp\/v2\/types\/product"}],"wp:featuredmedia":[{"embeddable":true,"href":"https:\/\/olemosaic.com\/fr\/wp-json\/wp\/v2\/media\/13386"}],"wp:attachment":[{"href":"https:\/\/olemosaic.com\/fr\/wp-json\/wp\/v2\/media?parent=33183"}],"wp:term":[{"taxonomy":"product_brand","embeddable":true,"href":"https:\/\/olemosaic.com\/fr\/wp-json\/wp\/v2\/product_brand?post=33183"},{"taxonomy":"product_cat","embeddable":true,"href":"https:\/\/olemosaic.com\/fr\/wp-json\/wp\/v2\/product_cat?post=33183"},{"taxonomy":"product_tag","embeddable":true,"href":"https:\/\/olemosaic.com\/fr\/wp-json\/wp\/v2\/product_tag?post=33183"}],"curies":[{"name":"wp","href":"https:\/\/api.w.org\/{rel}","templated":true}]}}