{"id":33182,"date":"2025-02-20T23:35:02","date_gmt":"2025-02-20T22:35:02","guid":{"rendered":"http:\/\/olemosaic.com\/producto\/funda-de-telefono-para-iphone-11-tpu-motivos-marinos-azul-2\/"},"modified":"2025-07-25T20:25:05","modified_gmt":"2025-07-25T18:25:05","slug":"coque-de-telephone-pour-iphone-11-tpu-motifs-marins-bleu-2","status":"publish","type":"product","link":"https:\/\/olemosaic.com\/fr\/produit\/coque-de-telephone-pour-iphone-11-tpu-motifs-marins-bleu-2\/","title":{"rendered":"Coque de t\u00e9l\u00e9phone pour iPhone 11 (TPU). Motifs marins. Majorque. Bleu"},"content":{"rendered":"<p>Coque pour iPhone 11 d\u00e9cor\u00e9e de motifs marins vibrants \u00e9voquant la beaut\u00e9 de Majorque. Cette coque \u00e9l\u00e9gante, \u00e9labor\u00e9e en TPU de haute qualit\u00e9, offre une protection optimale pour votre appareil, tout en ajoutant une touche artistique et estivale \u00e0 votre style quotidien. Son design captivant pr\u00e9sente des poissons color\u00e9s, des tortues et des hippocampes nageant sur un fond frais bleu intense, repr\u00e9sentant les eaux cristallines qui entourent l&rsquo;\u00eele. La finition simule une mosa\u00efque de couleurs \u00e9clatantes, insufflant de la vie \u00e0 votre t\u00e9l\u00e9phone et le transformant en un accessoire amusant et attrayant.<\/p>\n<p>Ce produit n&rsquo;est pas seulement fonctionnel, c&rsquo;est aussi un excellent souvenir qui capture l&rsquo;essence maritime de Majorque, id\u00e9al pour les touristes \u00e0 la recherche d&rsquo;un souvenir repr\u00e9sentatif de leur visite. La riche biodiversit\u00e9 marine de la r\u00e9gion se refl\u00e8te dans ce design, c\u00e9l\u00e9brant le patrimoine naturel de l&rsquo;\u00eele. Chez Ol\u00e9 Mosaic, nous connaissons l&rsquo;importance d&rsquo;offrir des souvenirs authentiques qui mettent en valeur la culture locale, et cette coque d&rsquo;iPhone est une option id\u00e9ale pour les boutiques de cadeaux touristiques souhaitant proposer des articles uniques et de qualit\u00e9. En tant que grossistes de ce type de produits, nous garantissons \u00e0 nos clients une s\u00e9lection qui allie mode, fonctionnalit\u00e9 et une connexion culturelle significative.<\/p>\n","protected":false},"excerpt":{"rendered":"<p>Coque pour iPhone 11 en TPU, d\u00e9cor\u00e9e de motifs marins vibrants \u00e9voquant la beaut\u00e9 de Majorque. Le design montre des poissons color\u00e9s, des tortues et des hippocampes nageant sur un fond bleu intense repr\u00e9sentant les eaux cristallines de l&rsquo;\u00eele. Avec une finition simulant une mosa\u00efque de couleurs, cette coque prot\u00e8ge non seulement votre appareil, mais apporte \u00e9galement une touche artistique et estivale \u00e0 votre style quotidien.<\/p>\n","protected":false},"featured_media":13378,"template":"","meta":{"_acf_changed":false},"product_brand":[],"product_cat":[674],"product_tag":[530],"class_list":{"0":"post-33182","1":"product","2":"type-product","3":"status-publish","4":"has-post-thumbnail","6":"product_cat-etuis-pour-telephones-portables","7":"product_tag-animaux","8":"pa_ciudad-mallorca","9":"pa_motivo-animaux-marins","10":"pa_pais-espana","12":"first","13":"instock","14":"shipping-taxable","15":"product-type-simple"},"acf":[],"_links":{"self":[{"href":"https:\/\/olemosaic.com\/fr\/wp-json\/wp\/v2\/product\/33182","targetHints":{"allow":["GET"]}}],"collection":[{"href":"https:\/\/olemosaic.com\/fr\/wp-json\/wp\/v2\/product"}],"about":[{"href":"https:\/\/olemosaic.com\/fr\/wp-json\/wp\/v2\/types\/product"}],"wp:featuredmedia":[{"embeddable":true,"href":"https:\/\/olemosaic.com\/fr\/wp-json\/wp\/v2\/media\/13378"}],"wp:attachment":[{"href":"https:\/\/olemosaic.com\/fr\/wp-json\/wp\/v2\/media?parent=33182"}],"wp:term":[{"taxonomy":"product_brand","embeddable":true,"href":"https:\/\/olemosaic.com\/fr\/wp-json\/wp\/v2\/product_brand?post=33182"},{"taxonomy":"product_cat","embeddable":true,"href":"https:\/\/olemosaic.com\/fr\/wp-json\/wp\/v2\/product_cat?post=33182"},{"taxonomy":"product_tag","embeddable":true,"href":"https:\/\/olemosaic.com\/fr\/wp-json\/wp\/v2\/product_tag?post=33182"}],"curies":[{"name":"wp","href":"https:\/\/api.w.org\/{rel}","templated":true}]}}