{"id":33181,"date":"2025-02-20T22:35:01","date_gmt":"2025-02-20T22:35:01","guid":{"rendered":"http:\/\/olemosaic.com\/producto\/funda-de-telefono-para-iphone-11-tpu-mariposa-mallorca-blanco\/"},"modified":"2025-07-25T20:16:09","modified_gmt":"2025-07-25T18:16:09","slug":"coque-de-telephone-pour-iphone-11-tpu-papillon-majorque-blanc","status":"publish","type":"product","link":"https:\/\/olemosaic.com\/fr\/produit\/coque-de-telephone-pour-iphone-11-tpu-papillon-majorque-blanc\/","title":{"rendered":"Coque de t\u00e9l\u00e9phone pour iPhone 11 (TPU). Papillon. Majorque. Blanc"},"content":{"rendered":"<p>Coque pour iPhone 11 d\u00e9cor\u00e9e de papillons vibrants de Majorque. Cette coque exquise est fabriqu\u00e9e en TPU, un mat\u00e9riau hautement durable et flexible qui offre une protection optimale pour votre appareil. Le design se distingue par ses papillons color\u00e9s, dans des tons bleus, oranges, roses et verts, qui donnent vie \u00e0 un fond blanc orn\u00e9 d&rsquo;un \u00e9l\u00e9gant motif de mosa\u00efque. Cette mosa\u00efque n&rsquo;\u00e9voque pas seulement la riche culture majorquine, mais symbolise \u00e9galement la flore extraordinaire de l&rsquo;\u00eele, remplissant d&rsquo;\u00e9nergie chaque recoin de cette coque.<\/p>\n<p>En bas, le nom \u00ab\u00a0Majorque\u00a0\u00bb est pr\u00e9sent\u00e9 avec une typographie moderne, renfor\u00e7ant son h\u00e9ritage m\u00e9diterran\u00e9en et son caract\u00e8re distinctif. Ce souvenir n&rsquo;offre pas seulement une excellente option de protection, mais agit \u00e9galement comme un rappel stylis\u00e9 de la beaut\u00e9 naturelle de Majorque, id\u00e9al pour ceux qui cherchent \u00e0 emporter avec eux un morceau de cette \u00eele magique. Chez Ol\u00e9 Mosaic, nous proposons cette coque dans le cadre de notre collection de souvenirs de qualit\u00e9, parfaite pour les boutiques de cadeaux touristiques souhaitant offrir des produits authentiques et fonctionnels. Attirez les touristes \u00e0 la recherche de souvenirs uniques et pleins de sens avec cette coque de papillons, un v\u00e9ritable symbole de l&rsquo;h\u00e9ritage culturel majorquin.<\/p>\n","protected":false},"excerpt":{"rendered":"<p>Coque pour iPhone 11 fabriqu\u00e9e en TPU, d\u00e9cor\u00e9e de papillons color\u00e9s \u00e9voquant la beaut\u00e9 de Majorque. Le design pr\u00e9sente des papillons aux tons vibrants bleus, oranges, roses et verts sur un fond blanc avec un motif de mosa\u00efque, symbolisant la riche culture et la flore de l&rsquo;\u00eele. En bas, le nom \u00ab\u00a0Majorque\u00a0\u00bb appara\u00eet dans une typographie moderne, soulignant son origine m\u00e9diterran\u00e9enne. Une option id\u00e9ale pour prot\u00e9ger votre appareil avec style.<\/p>\n","protected":false},"featured_media":13377,"template":"","meta":{"_acf_changed":false},"product_brand":[],"product_cat":[674],"product_tag":[530],"class_list":{"0":"post-33181","1":"product","2":"type-product","3":"status-publish","4":"has-post-thumbnail","6":"product_cat-etuis-pour-telephones-portables","7":"product_tag-animaux","8":"pa_ciudad-mallorca","9":"pa_motivo-papillons","10":"pa_pais-espana","12":"first","13":"instock","14":"shipping-taxable","15":"product-type-simple"},"acf":[],"_links":{"self":[{"href":"https:\/\/olemosaic.com\/fr\/wp-json\/wp\/v2\/product\/33181","targetHints":{"allow":["GET"]}}],"collection":[{"href":"https:\/\/olemosaic.com\/fr\/wp-json\/wp\/v2\/product"}],"about":[{"href":"https:\/\/olemosaic.com\/fr\/wp-json\/wp\/v2\/types\/product"}],"wp:featuredmedia":[{"embeddable":true,"href":"https:\/\/olemosaic.com\/fr\/wp-json\/wp\/v2\/media\/13377"}],"wp:attachment":[{"href":"https:\/\/olemosaic.com\/fr\/wp-json\/wp\/v2\/media?parent=33181"}],"wp:term":[{"taxonomy":"product_brand","embeddable":true,"href":"https:\/\/olemosaic.com\/fr\/wp-json\/wp\/v2\/product_brand?post=33181"},{"taxonomy":"product_cat","embeddable":true,"href":"https:\/\/olemosaic.com\/fr\/wp-json\/wp\/v2\/product_cat?post=33181"},{"taxonomy":"product_tag","embeddable":true,"href":"https:\/\/olemosaic.com\/fr\/wp-json\/wp\/v2\/product_tag?post=33181"}],"curies":[{"name":"wp","href":"https:\/\/api.w.org\/{rel}","templated":true}]}}