{"id":33179,"date":"2025-02-20T22:35:01","date_gmt":"2025-02-20T22:35:01","guid":{"rendered":"http:\/\/olemosaic.com\/producto\/funda-de-telefono-para-iphone-11-tpu-gato-mallorca-blanco\/"},"modified":"2025-07-25T18:49:05","modified_gmt":"2025-07-25T16:49:05","slug":"coque-de-telephone-pour-iphone-11-tpu-chat-majorque-blanc","status":"publish","type":"product","link":"https:\/\/olemosaic.com\/fr\/produit\/coque-de-telephone-pour-iphone-11-tpu-chat-majorque-blanc\/","title":{"rendered":"Coque de t\u00e9l\u00e9phone pour iPhone 11 (TPU). Chat. Majorque. Blanc"},"content":{"rendered":"<p>Coque pour iPhone 11 avec un design vibrant d&rsquo;un chat inspir\u00e9 de la culture de Majorque. Cette coque, fabriqu\u00e9e en TPU de haute qualit\u00e9, pr\u00e9sente une base blanche qui rehausse la mosa\u00efque color\u00e9e du chat, dont les formes g\u00e9om\u00e9triques dans des tons de vert, bleu, jaune et rouge se combinent dans une repr\u00e9sentation stylis\u00e9e qui capture l&rsquo;essence joyeuse de la M\u00e9diterran\u00e9e. Entour\u00e9 de papillons color\u00e9s, ce chat n&rsquo;est pas seulement un protagoniste sympathique, mais un reflet de l&rsquo;esprit accueillant et joyeux de l&rsquo;\u00eele.<\/p>\n<p>La sc\u00e8ne, soigneusement con\u00e7ue, \u00e9voque les mosa\u00efques typiques de l&rsquo;art m\u00e9diterran\u00e9en, transformant cette coque en une \u0153uvre d&rsquo;art portable. C&rsquo;est le compl\u00e9ment parfait pour les amoureux des chats et de la belle Majorque, un souvenir qui transcende sa fonction de protection du t\u00e9l\u00e9phone. L&rsquo;authenticit\u00e9 de cet article, repr\u00e9sentatif des souvenirs que les touristes emportent habituellement avec eux, en fait une excellente option pour les magasins de cadeaux touristiques. Chez Ol\u00e9 Mosaic, nous nous sp\u00e9cialisons dans la distribution en gros de produits uniques comme cette coque, garantissant qualit\u00e9 et design attrayant qui se connecte \u00e0 la culture locale. Sa pertinence culturelle fait de cette coque un incontournable pour ceux qui souhaitent emporter un morceau de Majorque dans leur quotidien.<\/p>\n","protected":false},"excerpt":{"rendered":"<p>Coque pour iPhone 11 fabriqu\u00e9e en TPU, d\u00e9cor\u00e9e d&rsquo;un design vibrant d&rsquo;un chat aux couleurs joyeuses. Inspir\u00e9e de la culture majorquine, cette coque blanche pr\u00e9sente un chat stylis\u00e9 avec une mosa\u00efque de tons verts, bleus, jaunes et rouges, entour\u00e9 de papillons color\u00e9s. La sc\u00e8ne capture l&rsquo;essence m\u00e9diterran\u00e9enne, faisant de cette coque un accessoire attrayant et amusant pour les amoureux des chats et de l&rsquo;\u00eele.<\/p>\n","protected":false},"featured_media":13376,"template":"","meta":{"_acf_changed":false},"product_brand":[],"product_cat":[674],"product_tag":[530],"class_list":{"0":"post-33179","1":"product","2":"type-product","3":"status-publish","4":"has-post-thumbnail","6":"product_cat-etuis-pour-telephones-portables","7":"product_tag-animaux","8":"pa_ciudad-mallorca","9":"pa_motivo-chats","10":"pa_pais-espana","12":"first","13":"instock","14":"shipping-taxable","15":"product-type-simple"},"acf":[],"_links":{"self":[{"href":"https:\/\/olemosaic.com\/fr\/wp-json\/wp\/v2\/product\/33179","targetHints":{"allow":["GET"]}}],"collection":[{"href":"https:\/\/olemosaic.com\/fr\/wp-json\/wp\/v2\/product"}],"about":[{"href":"https:\/\/olemosaic.com\/fr\/wp-json\/wp\/v2\/types\/product"}],"wp:featuredmedia":[{"embeddable":true,"href":"https:\/\/olemosaic.com\/fr\/wp-json\/wp\/v2\/media\/13376"}],"wp:attachment":[{"href":"https:\/\/olemosaic.com\/fr\/wp-json\/wp\/v2\/media?parent=33179"}],"wp:term":[{"taxonomy":"product_brand","embeddable":true,"href":"https:\/\/olemosaic.com\/fr\/wp-json\/wp\/v2\/product_brand?post=33179"},{"taxonomy":"product_cat","embeddable":true,"href":"https:\/\/olemosaic.com\/fr\/wp-json\/wp\/v2\/product_cat?post=33179"},{"taxonomy":"product_tag","embeddable":true,"href":"https:\/\/olemosaic.com\/fr\/wp-json\/wp\/v2\/product_tag?post=33179"}],"curies":[{"name":"wp","href":"https:\/\/api.w.org\/{rel}","templated":true}]}}