{"id":33178,"date":"2025-02-20T22:35:01","date_gmt":"2025-02-20T22:35:01","guid":{"rendered":"http:\/\/olemosaic.com\/producto\/funda-de-telefono-para-iphone-11-tpu-motivos-marinos-azul\/"},"modified":"2025-07-25T20:02:17","modified_gmt":"2025-07-25T18:02:17","slug":"coque-de-telephone-pour-iphone-11-tpu-motifs-marins-bleu","status":"publish","type":"product","link":"https:\/\/olemosaic.com\/fr\/produit\/coque-de-telephone-pour-iphone-11-tpu-motifs-marins-bleu\/","title":{"rendered":"Coque de t\u00e9l\u00e9phone pour iPhone 11 (TPU). Motifs marins. Bleu"},"content":{"rendered":"<p>Coque pour iPhone 11 avec des motifs marins vibrants. Cette coque, con\u00e7ue en TPU de haute qualit\u00e9, pr\u00e9sente un design color\u00e9 qui capture l&rsquo;essence de la vie sous-marine gr\u00e2ce \u00e0 une magnifique illustration de dauphins, de tortues et d&rsquo;hippocampes, nageant dans un oc\u00e9an d&rsquo;un bleu intense. Le fond, qui simule une mosa\u00efque dans des tons chauds, ajoute une touche artistique et originale, offrant \u00e0 cette coque une esth\u00e9tique unique qui \u00e9voque les profondeurs marines et leur biodiversit\u00e9.<\/p>\n<p>Chaque d\u00e9tail des motifs marins se distingue par sa palette de couleurs vibrantes, qui fera ressortir votre appareil tout en le prot\u00e9geant des chocs et des chutes. La base de l&rsquo;image, avec son design en mosa\u00efque, lui conf\u00e8re non seulement un caract\u00e8re distinctif, mais refl\u00e8te \u00e9galement la riche tradition artistique de la culture m\u00e9diterran\u00e9enne, o\u00f9 l&rsquo;art et la nature s&rsquo;entrelacent de mani\u00e8re harmonieuse.<\/p>\n<p>Ce produit est un excellent souvenir pour les touristes qui cherchent \u00e0 emporter un morceau de la M\u00e9diterran\u00e9e, ce qui en fait un choix parfait pour les magasins de cadeaux touristiques. Chez Ol\u00e9 Mosaic, nous sommes fiers de proposer des produits authentiques et repr\u00e9sentatifs, comme cette coque de t\u00e9l\u00e9phone, qui c\u00e9l\u00e8bre la beaut\u00e9 du monde marin et sa connexion culturelle. Id\u00e9al pour ceux qui souhaitent prot\u00e9ger leur t\u00e9l\u00e9phone avec style tout en se rem\u00e9morant leur exp\u00e9rience dans les r\u00e9gions c\u00f4ti\u00e8res.<\/p>\n","protected":false},"excerpt":{"rendered":"<p>Coque pour iPhone 11 fabriqu\u00e9e en TPU avec des motifs marins vibrants. Elle pr\u00e9sente un design color\u00e9 qui met en valeur la vie sous-marine, avec des dauphins, des tortues et des hippocampes sur un fond bleu intense \u00e9voquant l&rsquo;oc\u00e9an. La base de l&rsquo;image simule une mosa\u00efque dans des tons chauds, ajoutant une touche artistique et originale. Id\u00e9ale pour prot\u00e9ger votre appareil tout en affichant un style unique et joyeux inspir\u00e9 du monde marin.<\/p>\n","protected":false},"featured_media":12142,"template":"","meta":{"_acf_changed":false},"product_brand":[],"product_cat":[674],"product_tag":[530],"class_list":{"0":"post-33178","1":"product","2":"type-product","3":"status-publish","4":"has-post-thumbnail","6":"product_cat-etuis-pour-telephones-portables","7":"product_tag-animaux","8":"pa_motivo-animaux-marins","10":"first","11":"instock","12":"shipping-taxable","13":"product-type-simple"},"acf":[],"_links":{"self":[{"href":"https:\/\/olemosaic.com\/fr\/wp-json\/wp\/v2\/product\/33178","targetHints":{"allow":["GET"]}}],"collection":[{"href":"https:\/\/olemosaic.com\/fr\/wp-json\/wp\/v2\/product"}],"about":[{"href":"https:\/\/olemosaic.com\/fr\/wp-json\/wp\/v2\/types\/product"}],"wp:featuredmedia":[{"embeddable":true,"href":"https:\/\/olemosaic.com\/fr\/wp-json\/wp\/v2\/media\/12142"}],"wp:attachment":[{"href":"https:\/\/olemosaic.com\/fr\/wp-json\/wp\/v2\/media?parent=33178"}],"wp:term":[{"taxonomy":"product_brand","embeddable":true,"href":"https:\/\/olemosaic.com\/fr\/wp-json\/wp\/v2\/product_brand?post=33178"},{"taxonomy":"product_cat","embeddable":true,"href":"https:\/\/olemosaic.com\/fr\/wp-json\/wp\/v2\/product_cat?post=33178"},{"taxonomy":"product_tag","embeddable":true,"href":"https:\/\/olemosaic.com\/fr\/wp-json\/wp\/v2\/product_tag?post=33178"}],"curies":[{"name":"wp","href":"https:\/\/api.w.org\/{rel}","templated":true}]}}