{"id":33176,"date":"2025-02-20T22:35:00","date_gmt":"2025-02-20T22:35:00","guid":{"rendered":"http:\/\/olemosaic.com\/producto\/funda-de-telefono-para-iphone-11-tpu-salamandra-barcelona-negro\/"},"modified":"2025-07-25T19:03:56","modified_gmt":"2025-07-25T17:03:56","slug":"coque-de-telephone-pour-iphone-11-tpu-salamandre-barcelone-noir","status":"publish","type":"product","link":"https:\/\/olemosaic.com\/fr\/produit\/coque-de-telephone-pour-iphone-11-tpu-salamandre-barcelone-noir\/","title":{"rendered":"Coque de t\u00e9l\u00e9phone pour iPhone 11 (TPU). Salamandre. Barcelone. Noir"},"content":{"rendered":"<p>Coque pour iPhone 11 avec un design de salamandres, inspir\u00e9e par la culture vibrante de Barcelone. Cette coque, fabriqu\u00e9e en TPU de haute qualit\u00e9, offre une excellente protection pour votre appareil, tout en c\u00e9l\u00e9brant le riche h\u00e9ritage artistique de la ville. Les illustrations de salamandres, dans une palette de couleurs vives comprenant le bleu, le vert, le rouge et le jaune, sont entour\u00e9es de floraisons color\u00e9es qui ressortent sur un \u00e9l\u00e9gant fond noir. Chaque salamandre, avec son design d\u00e9taill\u00e9 et color\u00e9, \u00e9voque la cr\u00e9ativit\u00e9 et la nature unique qui caract\u00e9risent Barcelone, faisant de cette coque un accessoire indispensable pour les amoureux de la ville.<\/p>\n<p>De plus, le texte \u00ab\u00a0Barcelona\u00a0\u00bb est pr\u00e9sent\u00e9 avec \u00e9l\u00e9gance, ajoutant une touche distinctive qui fera que n&rsquo;importe quel touriste se sente partie int\u00e9grante de la magie locale. Ce souvenir n&rsquo;est pas seulement une option pratique, mais aussi un rappel constant des moments inoubliables v\u00e9cus dans cette m\u00e9tropole. Chez Ol\u00e9 Mosaic, nous nous consacrons \u00e0 la distribution de souvenirs de haute qualit\u00e9, et cette coque repr\u00e9sente l&rsquo;esprit authentique de Barcelone, \u00e9tant une excellente id\u00e9e pour les magasins de cadeaux touristiques \u00e0 la recherche d&rsquo;articles attrayants et culturellement pertinents. En tant que grossistes d&rsquo;accessoires, nous proposons des produits qui capturent l&rsquo;essence de chaque ville, garantissant authenticit\u00e9 et style dans chaque pi\u00e8ce.<\/p>\n","protected":false},"excerpt":{"rendered":"<p>Coque pour iPhone 11 en TPU, d\u00e9cor\u00e9e d&rsquo;illustrations vibrantes de salamandres inspir\u00e9es de l&rsquo;esprit artistique de Barcelone. Le design pr\u00e9sente des salamandres aux couleurs vives comme le bleu, le vert, le rouge et le jaune, entour\u00e9es de fleurs color\u00e9es qui se d\u00e9tachent sur un fond noir. Le texte \u00ab\u00a0Barcelona\u00a0\u00bb est imprim\u00e9 avec \u00e9l\u00e9gance, faisant de cette coque un accessoire pratique et attrayant qui c\u00e9l\u00e8bre la cr\u00e9ativit\u00e9 de la ville.<\/p>\n","protected":false},"featured_media":12150,"template":"","meta":{"_acf_changed":false},"product_brand":[],"product_cat":[674],"product_tag":[530],"class_list":{"0":"post-33176","1":"product","2":"type-product","3":"status-publish","4":"has-post-thumbnail","6":"product_cat-etuis-pour-telephones-portables","7":"product_tag-animaux","8":"pa_ciudad-barcelona","9":"pa_motivo-salamandres","10":"pa_pais-espana","12":"first","13":"instock","14":"shipping-taxable","15":"product-type-simple"},"acf":[],"_links":{"self":[{"href":"https:\/\/olemosaic.com\/fr\/wp-json\/wp\/v2\/product\/33176","targetHints":{"allow":["GET"]}}],"collection":[{"href":"https:\/\/olemosaic.com\/fr\/wp-json\/wp\/v2\/product"}],"about":[{"href":"https:\/\/olemosaic.com\/fr\/wp-json\/wp\/v2\/types\/product"}],"wp:featuredmedia":[{"embeddable":true,"href":"https:\/\/olemosaic.com\/fr\/wp-json\/wp\/v2\/media\/12150"}],"wp:attachment":[{"href":"https:\/\/olemosaic.com\/fr\/wp-json\/wp\/v2\/media?parent=33176"}],"wp:term":[{"taxonomy":"product_brand","embeddable":true,"href":"https:\/\/olemosaic.com\/fr\/wp-json\/wp\/v2\/product_brand?post=33176"},{"taxonomy":"product_cat","embeddable":true,"href":"https:\/\/olemosaic.com\/fr\/wp-json\/wp\/v2\/product_cat?post=33176"},{"taxonomy":"product_tag","embeddable":true,"href":"https:\/\/olemosaic.com\/fr\/wp-json\/wp\/v2\/product_tag?post=33176"}],"curies":[{"name":"wp","href":"https:\/\/api.w.org\/{rel}","templated":true}]}}