{"id":33174,"date":"2025-02-20T23:35:00","date_gmt":"2025-02-20T22:35:00","guid":{"rendered":"http:\/\/olemosaic.com\/producto\/funda-de-telefono-para-iphone-11-tpu-abstracto-verde-2\/"},"modified":"2025-07-25T20:27:13","modified_gmt":"2025-07-25T18:27:13","slug":"coque-de-telephone-pour-iphone-11-tpu-abstrait-vert-2","status":"publish","type":"product","link":"https:\/\/olemosaic.com\/fr\/produit\/coque-de-telephone-pour-iphone-11-tpu-abstrait-vert-2\/","title":{"rendered":"Coque de t\u00e9l\u00e9phone pour iPhone 11 (TPU). Abstrait. Style moderne. Vert"},"content":{"rendered":"<p>Coque de t\u00e9l\u00e9phone pour iPhone 11 avec un design abstrait vibrant qui fusionne fonctionnalit\u00e9 et style, parfaite pour ceux qui souhaitent exprimer leur personnalit\u00e9 \u00e0 travers un accessoire frappant. Fabriqu\u00e9e en TPU, cette coque offre une protection exceptionnelle contre les chocs et les chutes, assurant l&rsquo;int\u00e9grit\u00e9 de votre appareil tout en ajoutant une touche artistique. La surface de la coque pr\u00e9sente un m\u00e9lange impressionnant de couleurs dans des tons verts, jaunes, rouges et bleus, cr\u00e9ant un effet visuel de mouvement fluide qui \u00e9voque l&rsquo;\u00e9nergie et la cr\u00e9ativit\u00e9 des courants artistiques contemporains. Chaque d\u00e9tail de sa finition a \u00e9t\u00e9 con\u00e7u pour offrir non seulement une esth\u00e9tique, mais aussi un toucher agr\u00e9able et une grande durabilit\u00e9, en faisant un souvenir id\u00e9al pour les touristes souhaitant emporter un petit morceau d&rsquo;art dans leur quotidien.<\/p>\n<p>En tant que symbole de l&rsquo;art moderne, cette coque n&rsquo;est pas seulement un accessoire, mais une repr\u00e9sentation de l&rsquo;esprit innovant qui caract\u00e9rise de nombreuses villes espagnoles et portugaises. Chez Ol\u00e9 Mosaic, nous nous consacrons \u00e0 la distribution en gros de souvenirs de qualit\u00e9, comme cette coque de t\u00e9l\u00e9phone, qui est une excellente option pour les magasins de souvenirs touristiques. Nous proposons des produits authentiques et pertinents qui c\u00e9l\u00e8brent la riche diversit\u00e9 culturelle de la p\u00e9ninsule ib\u00e9rique. Avec notre coque pour iPhone 11, vos clients n&rsquo;acqui\u00e8rent pas seulement un objet fonctionnel, mais un v\u00e9ritable souvenir de leur voyage.<\/p>\n","protected":false},"excerpt":{"rendered":"<p>Coque pour iPhone 11 fabriqu\u00e9e en TPU avec un design abstrait et vibrant. Sa surface pr\u00e9sente un m\u00e9lange de couleurs dans des tons verts, jaunes, rouges et bleus, cr\u00e9ant un effet de mouvement fluide et artistique. Parfaite pour prot\u00e9ger votre appareil, cette coque combine fonctionnalit\u00e9 et style avec son design unique, id\u00e9al pour ceux qui cherchent \u00e0 affirmer leur personnalit\u00e9 avec un accessoire frappant et moderne.<\/p>\n","protected":false},"featured_media":12140,"template":"","meta":{"_acf_changed":false},"product_brand":[],"product_cat":[674],"product_tag":[],"class_list":{"0":"post-33174","1":"product","2":"type-product","3":"status-publish","4":"has-post-thumbnail","6":"product_cat-etuis-pour-telephones-portables","7":"pa_motivo-resume","9":"first","10":"instock","11":"shipping-taxable","12":"product-type-simple"},"acf":[],"_links":{"self":[{"href":"https:\/\/olemosaic.com\/fr\/wp-json\/wp\/v2\/product\/33174","targetHints":{"allow":["GET"]}}],"collection":[{"href":"https:\/\/olemosaic.com\/fr\/wp-json\/wp\/v2\/product"}],"about":[{"href":"https:\/\/olemosaic.com\/fr\/wp-json\/wp\/v2\/types\/product"}],"wp:featuredmedia":[{"embeddable":true,"href":"https:\/\/olemosaic.com\/fr\/wp-json\/wp\/v2\/media\/12140"}],"wp:attachment":[{"href":"https:\/\/olemosaic.com\/fr\/wp-json\/wp\/v2\/media?parent=33174"}],"wp:term":[{"taxonomy":"product_brand","embeddable":true,"href":"https:\/\/olemosaic.com\/fr\/wp-json\/wp\/v2\/product_brand?post=33174"},{"taxonomy":"product_cat","embeddable":true,"href":"https:\/\/olemosaic.com\/fr\/wp-json\/wp\/v2\/product_cat?post=33174"},{"taxonomy":"product_tag","embeddable":true,"href":"https:\/\/olemosaic.com\/fr\/wp-json\/wp\/v2\/product_tag?post=33174"}],"curies":[{"name":"wp","href":"https:\/\/api.w.org\/{rel}","templated":true}]}}