{"id":33173,"date":"2025-02-20T23:35:00","date_gmt":"2025-02-20T22:35:00","guid":{"rendered":"http:\/\/olemosaic.com\/producto\/funda-de-telefono-para-iphone-11-tpu-abstracto-negro-2\/"},"modified":"2025-07-25T18:58:32","modified_gmt":"2025-07-25T16:58:32","slug":"coque-de-telephone-pour-iphone-11-tpu-abstrait-noir-2","status":"publish","type":"product","link":"https:\/\/olemosaic.com\/fr\/produit\/coque-de-telephone-pour-iphone-11-tpu-abstrait-noir-2\/","title":{"rendered":"Coque de t\u00e9l\u00e9phone pour iPhone 11 (TPU). Abstrait. Style moderne. Noir"},"content":{"rendered":"<p>Coque pour iPhone 11 avec design abstrait moderne et vibrant. Fabriqu\u00e9e en TPU de haute qualit\u00e9, cette coque combine fonctionnalit\u00e9 et style contemporain, offrant une protection efficace contre les chocs et les rayures pour votre appareil. Son fond noir lisse sert de toile parfaite pour un design complexe de lignes ondul\u00e9es dans des tons n\u00e9on. Ces couleurs vibrantes cr\u00e9ent un effet dynamique et frappant, ajoutant une touche artistique \u00e0 votre iPhone 11, id\u00e9al pour ceux qui recherchent un accessoire refl\u00e9tant leur personnalit\u00e9 audacieuse.<\/p>\n<p>Le design abstrait n&rsquo;est pas seulement accrocheur, il symbolise \u00e9galement la modernit\u00e9 et la cr\u00e9ativit\u00e9 qui caract\u00e9risent de nombreuses villes embl\u00e9matiques d&rsquo;Espagne, o\u00f9 l&rsquo;art et la culture contemporaine fleurissent. Ce souvenir est une repr\u00e9sentation id\u00e9ale de la libert\u00e9 esth\u00e9tique et de l&rsquo;\u00e9nergie urbaine que l&rsquo;on peut trouver dans des lieux vibrants et cosmopolites.<\/p>\n<p>Chez Ol\u00e9 Mosaic, nous nous consacrons \u00e0 la distribution de souvenirs en gros, proposant des produits authentiques comme cette coque de t\u00e9l\u00e9phone, parfaite pour les magasins de souvenirs touristiques \u00e0 la recherche d&rsquo;articles uniques et de qualit\u00e9. Ce produit est une excellente option pour ceux qui souhaitent emporter un souvenir de leur voyage, alliant art et fonctionnalit\u00e9 \u00e0 chaque utilisation.<\/p>\n","protected":false},"excerpt":{"rendered":"<p>Coque pour iPhone 11 fabriqu\u00e9e en TPU avec un design abstrait vibrant. Elle pr\u00e9sente un fond noir qui fait ressortir des lignes ondul\u00e9es color\u00e9es dans des tons n\u00e9on, cr\u00e9ant un effet dynamique et moderne. Cette coque, en plus de prot\u00e9ger efficacement contre les chocs et les rayures, ajoute une touche artistique \u00e0 votre appareil. Parfaite pour ceux qui recherchent un style contemporain et audacieux.<\/p>\n","protected":false},"featured_media":12153,"template":"","meta":{"_acf_changed":false},"product_brand":[],"product_cat":[674],"product_tag":[],"class_list":{"0":"post-33173","1":"product","2":"type-product","3":"status-publish","4":"has-post-thumbnail","6":"product_cat-etuis-pour-telephones-portables","7":"pa_motivo-resume","9":"first","10":"instock","11":"shipping-taxable","12":"product-type-simple"},"acf":[],"_links":{"self":[{"href":"https:\/\/olemosaic.com\/fr\/wp-json\/wp\/v2\/product\/33173","targetHints":{"allow":["GET"]}}],"collection":[{"href":"https:\/\/olemosaic.com\/fr\/wp-json\/wp\/v2\/product"}],"about":[{"href":"https:\/\/olemosaic.com\/fr\/wp-json\/wp\/v2\/types\/product"}],"wp:featuredmedia":[{"embeddable":true,"href":"https:\/\/olemosaic.com\/fr\/wp-json\/wp\/v2\/media\/12153"}],"wp:attachment":[{"href":"https:\/\/olemosaic.com\/fr\/wp-json\/wp\/v2\/media?parent=33173"}],"wp:term":[{"taxonomy":"product_brand","embeddable":true,"href":"https:\/\/olemosaic.com\/fr\/wp-json\/wp\/v2\/product_brand?post=33173"},{"taxonomy":"product_cat","embeddable":true,"href":"https:\/\/olemosaic.com\/fr\/wp-json\/wp\/v2\/product_cat?post=33173"},{"taxonomy":"product_tag","embeddable":true,"href":"https:\/\/olemosaic.com\/fr\/wp-json\/wp\/v2\/product_tag?post=33173"}],"curies":[{"name":"wp","href":"https:\/\/api.w.org\/{rel}","templated":true}]}}