{"id":33172,"date":"2025-02-20T22:34:59","date_gmt":"2025-02-20T22:34:59","guid":{"rendered":"http:\/\/olemosaic.com\/producto\/funda-de-telefono-para-iphone-11-tpu-abstracto-verde\/"},"modified":"2025-07-25T20:22:51","modified_gmt":"2025-07-25T18:22:51","slug":"coque-de-telephone-pour-iphone-11-tpu-abstrait-vert","status":"publish","type":"product","link":"https:\/\/olemosaic.com\/fr\/produit\/coque-de-telephone-pour-iphone-11-tpu-abstrait-vert\/","title":{"rendered":"Coque de t\u00e9l\u00e9phone pour iPhone 11 (TPU). Abstrait. Vert"},"content":{"rendered":"<p>Coque pour iPhone 11 avec design abstrait inspir\u00e9 de l&rsquo;art de la mosa\u00efque. Fabriqu\u00e9e en TPU, un mat\u00e9riau flexible et r\u00e9sistant qui prot\u00e8ge votre appareil, cette coque pr\u00e9sente un design unique avec un motif organique dans des tons captivants de vert, bleu et orange. Le motif \u00e9voque les d\u00e9corations vibrantes et color\u00e9es qui ornent les b\u00e2timents embl\u00e9matiques de villes comme Barcelone, o\u00f9 l&rsquo;art de la mosa\u00efque est un \u00e9l\u00e9ment distinctif de l&rsquo;architecture moderniste.<\/p>\n<p>Visuellement, la coque montre une distribution harmonieuse de formes g\u00e9om\u00e9triques qui cr\u00e9ent un effet visuel dynamique et intrigant, attirant le regard et apportant une touche artistique. Chaque d\u00e9tail a \u00e9t\u00e9 soigneusement con\u00e7u pour que, en plus de sa fonctionnalit\u00e9, la coque transforme votre iPhone en une v\u00e9ritable pi\u00e8ce d&rsquo;art.<\/p>\n<p>Ce produit n&rsquo;offre pas seulement une protection, mais devient un brillant souvenir, id\u00e9al pour les touristes cherchant \u00e0 ramener chez eux un morceau du riche h\u00e9ritage culturel espagnol. Chez Ol\u00e9 Mosaic, nous nous sp\u00e9cialisons dans la distribution de souvenirs en gros, et cette coque en mosa\u00efque est une excellente option pour les magasins de souvenirs touristiques souhaitant proposer des produits authentiques et styl\u00e9s. En tant que grossistes d&rsquo;accessoires pour mobiles, nous garantissons la qualit\u00e9 et la cr\u00e9ativit\u00e9 de chacun de nos produits, faisant de cette coque un cadeau attrayant tant pour les locaux que pour les visiteurs.<\/p>\n","protected":false},"excerpt":{"rendered":"<p>Coque pour iPhone 11 en TPU avec un design abstrait inspir\u00e9 de l&rsquo;art de la mosa\u00efque. Elle pr\u00e9sente un motif organique dans des tons verts, bleus et orang\u00e9s \u00e9voquant les d\u00e9corations color\u00e9es des b\u00e2timents embl\u00e9matiques. Cette coque, en plus de prot\u00e9ger, apporte une touche artistique et moderne \u00e0 votre appareil, se distinguant par sa combinaison vive de couleurs et de formes g\u00e9om\u00e9triques. Id\u00e9ale pour ceux qui recherchent style et fonctionnalit\u00e9.<\/p>\n","protected":false},"featured_media":12141,"template":"","meta":{"_acf_changed":false},"product_brand":[],"product_cat":[674],"product_tag":[],"class_list":{"0":"post-33172","1":"product","2":"type-product","3":"status-publish","4":"has-post-thumbnail","6":"product_cat-etuis-pour-telephones-portables","7":"pa_motivo-resume","9":"first","10":"instock","11":"shipping-taxable","12":"product-type-simple"},"acf":[],"_links":{"self":[{"href":"https:\/\/olemosaic.com\/fr\/wp-json\/wp\/v2\/product\/33172","targetHints":{"allow":["GET"]}}],"collection":[{"href":"https:\/\/olemosaic.com\/fr\/wp-json\/wp\/v2\/product"}],"about":[{"href":"https:\/\/olemosaic.com\/fr\/wp-json\/wp\/v2\/types\/product"}],"wp:featuredmedia":[{"embeddable":true,"href":"https:\/\/olemosaic.com\/fr\/wp-json\/wp\/v2\/media\/12141"}],"wp:attachment":[{"href":"https:\/\/olemosaic.com\/fr\/wp-json\/wp\/v2\/media?parent=33172"}],"wp:term":[{"taxonomy":"product_brand","embeddable":true,"href":"https:\/\/olemosaic.com\/fr\/wp-json\/wp\/v2\/product_brand?post=33172"},{"taxonomy":"product_cat","embeddable":true,"href":"https:\/\/olemosaic.com\/fr\/wp-json\/wp\/v2\/product_cat?post=33172"},{"taxonomy":"product_tag","embeddable":true,"href":"https:\/\/olemosaic.com\/fr\/wp-json\/wp\/v2\/product_tag?post=33172"}],"curies":[{"name":"wp","href":"https:\/\/api.w.org\/{rel}","templated":true}]}}