{"id":33171,"date":"2025-02-20T22:34:59","date_gmt":"2025-02-20T22:34:59","guid":{"rendered":"http:\/\/olemosaic.com\/producto\/funda-de-telefono-para-iphone-11-tpu-abstracto-negro\/"},"modified":"2025-07-25T20:32:17","modified_gmt":"2025-07-25T18:32:17","slug":"coque-de-telephone-pour-iphone-11-tpu-abstrait-noir","status":"publish","type":"product","link":"https:\/\/olemosaic.com\/fr\/produit\/coque-de-telephone-pour-iphone-11-tpu-abstrait-noir\/","title":{"rendered":"Coque de t\u00e9l\u00e9phone pour iPhone 11 (TPU). Abstrait. Noir"},"content":{"rendered":"<p>Coque pour iPhone 11 avec design abstrait<\/p>\n<p>Cette coque pour iPhone 11 est un choix exceptionnel pour ceux qui cherchent \u00e0 prot\u00e9ger leur appareil sans renoncer au style. Fabriqu\u00e9e en TPU, elle offre une durabilit\u00e9 remarquable et une excellente flexibilit\u00e9, garantissant un ajustement parfait au contour de votre iPhone. Le design abstrait pr\u00e9sente une explosion de tons vibrants, incluant le noir, le bleu, le rose et le jaune, cr\u00e9ant une esth\u00e9tique qui \u00e9voque le dynamisme et la modernit\u00e9. Les taches de couleur qui ornent la coque semblent danser sur une mer de nuances, captant l&rsquo;attention et en faisant un accessoire indispensable.<\/p>\n<p>La finition douce au toucher offre non seulement du confort, mais \u00e9vite \u00e9galement les rayures et les dommages associ\u00e9s \u00e0 l&rsquo;utilisation quotidienne. Ce produit, en plus de souligner l&rsquo;essence contemporaine de l&rsquo;utilisateur, agit comme un reflet de la cr\u00e9ativit\u00e9 et de l&rsquo;originalit\u00e9 du design moderne. Id\u00e9ale tant pour les touristes \u00e0 la recherche d&rsquo;un souvenir unique que pour les locaux souhaitant arborer un accessoire fonctionnel et attrayant, cette coque est une option parfaite pour ceux qui souhaitent fusionner utilit\u00e9 et art.<\/p>\n<p>Chez Ol\u00e9 Mosaic, nous sommes des distributeurs d&rsquo;accessoires en gros qui privil\u00e9gient la qualit\u00e9 et la singularit\u00e9 de chaque pi\u00e8ce. Cette coque est une option id\u00e9ale pour les magasins de souvenirs touristiques cherchant \u00e0 proposer des produits authentiques au design attrayant.<\/p>\n","protected":false},"excerpt":{"rendered":"<p>Coque pour iPhone 11 fabriqu\u00e9e en TPU, avec un design abstrait aux tons vibrants de noir, bleu, rose et jaune. Ce produit se distingue par sa protection et son style, con une esth\u00e9tique de nuages de couleurs \u00e9voquant le dynamisme et la modernit\u00e9. Sa finition douce et flexible assure un ajustement parfait \u00e0 l&rsquo;appareil, tandis que son design contemporain offre une apparence unique et attrayante pour tout utilisateur.<\/p>\n","protected":false},"featured_media":12152,"template":"","meta":{"_acf_changed":false},"product_brand":[],"product_cat":[674],"product_tag":[],"class_list":{"0":"post-33171","1":"product","2":"type-product","3":"status-publish","4":"has-post-thumbnail","6":"product_cat-etuis-pour-telephones-portables","7":"pa_motivo-resume","9":"first","10":"instock","11":"shipping-taxable","12":"product-type-simple"},"acf":[],"_links":{"self":[{"href":"https:\/\/olemosaic.com\/fr\/wp-json\/wp\/v2\/product\/33171","targetHints":{"allow":["GET"]}}],"collection":[{"href":"https:\/\/olemosaic.com\/fr\/wp-json\/wp\/v2\/product"}],"about":[{"href":"https:\/\/olemosaic.com\/fr\/wp-json\/wp\/v2\/types\/product"}],"wp:featuredmedia":[{"embeddable":true,"href":"https:\/\/olemosaic.com\/fr\/wp-json\/wp\/v2\/media\/12152"}],"wp:attachment":[{"href":"https:\/\/olemosaic.com\/fr\/wp-json\/wp\/v2\/media?parent=33171"}],"wp:term":[{"taxonomy":"product_brand","embeddable":true,"href":"https:\/\/olemosaic.com\/fr\/wp-json\/wp\/v2\/product_brand?post=33171"},{"taxonomy":"product_cat","embeddable":true,"href":"https:\/\/olemosaic.com\/fr\/wp-json\/wp\/v2\/product_cat?post=33171"},{"taxonomy":"product_tag","embeddable":true,"href":"https:\/\/olemosaic.com\/fr\/wp-json\/wp\/v2\/product_tag?post=33171"}],"curies":[{"name":"wp","href":"https:\/\/api.w.org\/{rel}","templated":true}]}}