{"id":33142,"date":"2025-02-20T22:34:59","date_gmt":"2025-02-20T22:34:59","guid":{"rendered":"http:\/\/olemosaic.com\/producto\/funda-de-telefono-para-iphone-12-promax-tpu-gato-mallorca-blanco\/"},"modified":"2025-07-25T20:30:29","modified_gmt":"2025-07-25T18:30:29","slug":"coque-de-telephone-pour-iphone-12-pro-max-tpu-chat-majorque-blanc","status":"publish","type":"product","link":"https:\/\/olemosaic.com\/fr\/produit\/coque-de-telephone-pour-iphone-12-pro-max-tpu-chat-majorque-blanc\/","title":{"rendered":"Coque de t\u00e9l\u00e9phone pour iPhone 12 Pro Max (TPU). Chat. Majorque. Blanc"},"content":{"rendered":"<p>Coque d\u00e9corative de Majorque pour iPhone 12 Pro Max, fabriqu\u00e9e en TPU, fusionnant fonctionnalit\u00e9 et art dans un accessoire unique. Ce design vibrant se distingue par un chat color\u00e9, de style mosa\u00efque, avec une palette de rouges, bleus, verts et jaunes \u00e9voquant la riche tradition artistique de la c\u00e9ramique majorquine. Entour\u00e9 de papillons en plein vol, le chat semble prendre vie dans son environnement ludique, apportant une touche de joie et de fra\u00eecheur. Le fond blanc, avec des textures simulant les carreaux traditionnels de Majorque, accentue cet effet, cr\u00e9ant un magnifique contraste qui met en valeur l&rsquo;art de la mosa\u00efque. Le mot \u00ab\u00a0Mallorca\u00a0\u00bb, imprim\u00e9 dans un style \u00e9l\u00e9gant, ajoute un \u00e9l\u00e9ment culturel qui renforce le lien du produit avec sa r\u00e9gion d&rsquo;origine.<\/p>\n<p>Ce souvenir prot\u00e8ge non seulement votre appareil, mais constitue \u00e9galement un souvenir authentique et repr\u00e9sentatif de la culture majorquine, id\u00e9al pour ceux qui souhaitent ramener un morceau de cette belle \u00eele chez eux. Parfait pour les touristes \u00e0 la recherche de souvenirs originaux et fonctionnels, cet accessoire est une excellente option pour les boutiques de cadeaux touristiques. Chez Ol\u00e9 Mosaic, en tant que grossistes d&rsquo;accessoires et de souvenirs de Majorque, nous garantissons l&rsquo;authenticit\u00e9 et la qualit\u00e9 de chaque coque, offrant \u00e0 nos clients le meilleur de la tradition locale.<\/p>\n","protected":false},"excerpt":{"rendered":"<p>Coque pour iPhone 12 Pro Max fabriqu\u00e9e en TPU, orn\u00e9e d&rsquo;un chat color\u00e9 de style mosa\u00efque. Cette coque attrayante pr\u00e9sente un design vibrant dans des tons rouges, bleus, verts et jaunes, entour\u00e9 de papillons sur un fond blanc avec des textures \u00e9voquant le carreau traditionnel majorquin. Le mot \u00ab\u00a0Mallorca\u00a0\u00bb est imprim\u00e9 avec un style \u00e9l\u00e9gant, apportant une touche culturelle et originale \u00e0 votre appareil.<\/p>\n","protected":false},"featured_media":12921,"template":"","meta":{"_acf_changed":false},"product_brand":[],"product_cat":[674],"product_tag":[530],"class_list":{"0":"post-33142","1":"product","2":"type-product","3":"status-publish","4":"has-post-thumbnail","6":"product_cat-etuis-pour-telephones-portables","7":"product_tag-animaux","8":"pa_ciudad-mallorca","9":"pa_motivo-chats","10":"pa_pais-espana","12":"first","13":"instock","14":"shipping-taxable","15":"product-type-simple"},"acf":[],"_links":{"self":[{"href":"https:\/\/olemosaic.com\/fr\/wp-json\/wp\/v2\/product\/33142","targetHints":{"allow":["GET"]}}],"collection":[{"href":"https:\/\/olemosaic.com\/fr\/wp-json\/wp\/v2\/product"}],"about":[{"href":"https:\/\/olemosaic.com\/fr\/wp-json\/wp\/v2\/types\/product"}],"wp:featuredmedia":[{"embeddable":true,"href":"https:\/\/olemosaic.com\/fr\/wp-json\/wp\/v2\/media\/12921"}],"wp:attachment":[{"href":"https:\/\/olemosaic.com\/fr\/wp-json\/wp\/v2\/media?parent=33142"}],"wp:term":[{"taxonomy":"product_brand","embeddable":true,"href":"https:\/\/olemosaic.com\/fr\/wp-json\/wp\/v2\/product_brand?post=33142"},{"taxonomy":"product_cat","embeddable":true,"href":"https:\/\/olemosaic.com\/fr\/wp-json\/wp\/v2\/product_cat?post=33142"},{"taxonomy":"product_tag","embeddable":true,"href":"https:\/\/olemosaic.com\/fr\/wp-json\/wp\/v2\/product_tag?post=33142"}],"curies":[{"name":"wp","href":"https:\/\/api.w.org\/{rel}","templated":true}]}}