{"id":33120,"date":"2025-02-20T23:34:58","date_gmt":"2025-02-20T22:34:58","guid":{"rendered":"http:\/\/olemosaic.com\/producto\/funda-de-telefono-para-xiaomi-13-tpu-abstracto-negro-2\/"},"modified":"2025-07-25T20:37:23","modified_gmt":"2025-07-25T18:37:23","slug":"coque-telephone-xiaomi-13-tpu-abstrait-noir-2","status":"publish","type":"product","link":"https:\/\/olemosaic.com\/fr\/produit\/coque-telephone-xiaomi-13-tpu-abstrait-noir-2\/","title":{"rendered":"Coque de t\u00e9l\u00e9phone pour Xiaomi 13 (TPU). Abstrait. Style moderne. Noir"},"content":{"rendered":"<p>Coque abstraite pour Xiaomi 13 en TPU, une option moderne pour ceux qui cherchent \u00e0 prot\u00e9ger leur appareil sans renoncer au style. Ce produit se distingue par son design artistique, simulant une explosion de couleurs dans des tons vibrants de noir, bleu, orange et rose, cr\u00e9ant un effet visuel captivant. L&rsquo;apparence fluide et abstraite de cette coque en fait le compl\u00e9ment parfait pour tout look contemporain, tandis que sa fabrication en TPU assure une protection efficace contre les chocs et les chutes, conservant sa forme et sa couleur lors d&rsquo;une utilisation quotidienne.<\/p>\n<p>Cette coque n&rsquo;est pas seulement un accessoire pratique, mais aussi le reflet des tendances artistiques modernes, ce qui en fait un excellent souvenir pour ceux qui souhaitent emporter avec eux un morceau de cr\u00e9ativit\u00e9 et de design innovant. Sa valeur en tant que souvenir est renforc\u00e9e par son lien avec la culture jeune et vibrante, o\u00f9 l&rsquo;art et la technologie s&rsquo;entrem\u00ealent, faisant de ce produit un cadeau id\u00e9al pour les touristes \u00e0 la recherche d&rsquo;un souvenir de leur exp\u00e9rience en Espagne.<\/p>\n<p>Chez Ol\u00e9 Mosaic, nous sommes sp\u00e9cialis\u00e9s dans la distribution de produits uniques en gros, et cette coque pour Xiaomi 13 n&rsquo;est qu&rsquo;un exemple de notre large offre de souvenirs modernes alliant fonctionnalit\u00e9 et originalit\u00e9. En tant que grossistes d&rsquo;accessoires, nous garantissons la qualit\u00e9 et l&rsquo;authenticit\u00e9 de chaque pi\u00e8ce, faisant de chaque achat un investissement pr\u00e9cieux pour les boutiques de cadeaux touristiques.<\/p>\n","protected":false},"excerpt":{"rendered":"<p>Coque pour Xiaomi 13 fabriqu\u00e9e en TPU, avec un design abstrait dans des tons vibrants de noir, bleu, orange et rose. Cette coque offre une protection efficace, se distinguant par son aspect artistique qui simule une explosion de couleurs et de formes fluides. Id\u00e9ale pour ceux qui recherchent un accessoire moderne et distinctif, garantissant non seulement le style, mais aussi la durabilit\u00e9 et le confort au quotidien.<\/p>\n","protected":false},"featured_media":12687,"template":"","meta":{"_acf_changed":false},"product_brand":[],"product_cat":[674],"product_tag":[],"class_list":{"0":"post-33120","1":"product","2":"type-product","3":"status-publish","4":"has-post-thumbnail","6":"product_cat-etuis-pour-telephones-portables","7":"pa_motivo-resume","9":"first","10":"instock","11":"shipping-taxable","12":"product-type-simple"},"acf":[],"_links":{"self":[{"href":"https:\/\/olemosaic.com\/fr\/wp-json\/wp\/v2\/product\/33120","targetHints":{"allow":["GET"]}}],"collection":[{"href":"https:\/\/olemosaic.com\/fr\/wp-json\/wp\/v2\/product"}],"about":[{"href":"https:\/\/olemosaic.com\/fr\/wp-json\/wp\/v2\/types\/product"}],"wp:featuredmedia":[{"embeddable":true,"href":"https:\/\/olemosaic.com\/fr\/wp-json\/wp\/v2\/media\/12687"}],"wp:attachment":[{"href":"https:\/\/olemosaic.com\/fr\/wp-json\/wp\/v2\/media?parent=33120"}],"wp:term":[{"taxonomy":"product_brand","embeddable":true,"href":"https:\/\/olemosaic.com\/fr\/wp-json\/wp\/v2\/product_brand?post=33120"},{"taxonomy":"product_cat","embeddable":true,"href":"https:\/\/olemosaic.com\/fr\/wp-json\/wp\/v2\/product_cat?post=33120"},{"taxonomy":"product_tag","embeddable":true,"href":"https:\/\/olemosaic.com\/fr\/wp-json\/wp\/v2\/product_tag?post=33120"}],"curies":[{"name":"wp","href":"https:\/\/api.w.org\/{rel}","templated":true}]}}