{"id":33116,"date":"2025-02-20T23:34:57","date_gmt":"2025-02-20T22:34:57","guid":{"rendered":"http:\/\/olemosaic.com\/producto\/salamandra-figura-de-resina-de-135-cm-pintada-a-mano\/"},"modified":"2025-07-25T19:03:51","modified_gmt":"2025-07-25T17:03:51","slug":"salamandre-figurine-resine-13-5-cm-peinte-a-la-main","status":"publish","type":"product","link":"https:\/\/olemosaic.com\/fr\/produit\/salamandre-figurine-resine-13-5-cm-peinte-a-la-main\/","title":{"rendered":"Salamandre. Figurine en mosa\u00efque de 13,5 cm."},"content":{"rendered":"<p>Figurine de salamandre effet peint \u00e0 la main, 13,5 cm<\/p>\n<p>Cette figurine en r\u00e9sine, d&rsquo;une taille id\u00e9ale de 13,5 cm, est une \u0153uvre artisanale qui se distingue par sa peinture m\u00e9ticuleuse \u00e0 la main, reflet de la riche tradition de l&rsquo;art populaire espagnol. La salamandre, symbole de cr\u00e9ativit\u00e9 et de vie, se pr\u00e9sente dans une mosa\u00efque de couleurs vibrantes avec des tons intenses de bleu, rouge, jaune et noir. Chaque d\u00e9tail de cette figurine a \u00e9t\u00e9 soigneusement \u00e9labor\u00e9, et sa finition brillante souligne la beaut\u00e9 de ce reptile embl\u00e9matique.<\/p>\n<p>Plac\u00e9e dans n&rsquo;importe quel espace de votre maison, que ce soit \u00e0 l&rsquo;int\u00e9rieur ou \u00e0 l&rsquo;ext\u00e9rieur, cette salamandre, avec son design dynamique et color\u00e9, apporte non seulement une touche d\u00e9corative, mais enrichit \u00e9galement le lien avec la nature. Son style \u00e9vocateur rappelle les azulejos des traditions m\u00e9diterran\u00e9ennes, emportant avec lui un morceau de la culture espagnole.<\/p>\n<p>Chez Ol\u00e9 Mosaic, nous sommes sp\u00e9cialis\u00e9s dans la distribution de souvenirs artisanaux en gros, et cette figurine de salamandre est un excellent souvenir pour les touristes \u00e0 la recherche de quelque chose d&rsquo;authentique et de repr\u00e9sentatif de l&rsquo;Espagne. Son attrait visuel et sa pertinence culturelle en font un choix id\u00e9al pour les boutiques de cadeaux touristiques souhaitant proposer des produits uniques et charg\u00e9s d&rsquo;histoire.<\/p>\n","protected":false},"excerpt":{"rendered":"<p>Figurine de salamandre de 13,5 cm, au design artisanal exquis, peinte \u00e0 la main, avec une mosa\u00efque de couleurs vibrantes. Ce produit d\u00e9taill\u00e9 refl\u00e8te la richesse de l&rsquo;art populaire espagnol, pr\u00e9sentant une combinaison de bleus, rouges, jaunes et noirs qui recr\u00e9ent la beaut\u00e9 de cet ic\u00f4ne reptilien. Parfaite pour d\u00e9corer aussi bien l&rsquo;int\u00e9rieur que l&rsquo;ext\u00e9rieur, cette salamandre se distingue comme un symbole de nature et de cr\u00e9ativit\u00e9 dans n&rsquo;importe quel coin de votre maison.<\/p>\n","protected":false},"featured_media":6285,"template":"","meta":{"_acf_changed":false},"product_brand":[],"product_cat":[540],"product_tag":[530],"class_list":{"0":"post-33116","1":"product","2":"type-product","3":"status-publish","4":"has-post-thumbnail","6":"product_cat-chiffres","7":"product_tag-animaux","8":"pa_motivo-salamandres","10":"first","11":"instock","12":"shipping-taxable","13":"product-type-simple"},"acf":[],"_links":{"self":[{"href":"https:\/\/olemosaic.com\/fr\/wp-json\/wp\/v2\/product\/33116","targetHints":{"allow":["GET"]}}],"collection":[{"href":"https:\/\/olemosaic.com\/fr\/wp-json\/wp\/v2\/product"}],"about":[{"href":"https:\/\/olemosaic.com\/fr\/wp-json\/wp\/v2\/types\/product"}],"wp:featuredmedia":[{"embeddable":true,"href":"https:\/\/olemosaic.com\/fr\/wp-json\/wp\/v2\/media\/6285"}],"wp:attachment":[{"href":"https:\/\/olemosaic.com\/fr\/wp-json\/wp\/v2\/media?parent=33116"}],"wp:term":[{"taxonomy":"product_brand","embeddable":true,"href":"https:\/\/olemosaic.com\/fr\/wp-json\/wp\/v2\/product_brand?post=33116"},{"taxonomy":"product_cat","embeddable":true,"href":"https:\/\/olemosaic.com\/fr\/wp-json\/wp\/v2\/product_cat?post=33116"},{"taxonomy":"product_tag","embeddable":true,"href":"https:\/\/olemosaic.com\/fr\/wp-json\/wp\/v2\/product_tag?post=33116"}],"curies":[{"name":"wp","href":"https:\/\/api.w.org\/{rel}","templated":true}]}}