{"id":33108,"date":"2025-02-20T23:34:56","date_gmt":"2025-02-20T22:34:56","guid":{"rendered":"http:\/\/olemosaic.com\/producto\/toro-figura-de-resina-de-32-cm-pintada-a-mano-2\/"},"modified":"2025-07-25T20:38:08","modified_gmt":"2025-07-25T18:38:08","slug":"taureau-figurine-resine-32-cm-peinte-a-la-main-2","status":"publish","type":"product","link":"https:\/\/olemosaic.com\/fr\/produit\/taureau-figurine-resine-32-cm-peinte-a-la-main-2\/","title":{"rendered":"Taureau. Figurine en mosa\u00efque de 32 cm. Couleurs vari\u00e9es."},"content":{"rendered":"<p>Figurine de taureau en r\u00e9sine<\/p>\n<p>D\u00e9couvrez notre spectaculaire figurine de taureau en r\u00e9sine, une pi\u00e8ce artistique unique de 32 cm, \u00e9labor\u00e9e avec un design de mosa\u00efque vibrant. Chaque figurine a \u00e9t\u00e9 peinte \u00e0 la main, r\u00e9sultant en une repr\u00e9sentation color\u00e9e qui capture l&rsquo;essence du folklore espagnol, id\u00e9ale aussi bien comme souvenir que comme \u00e9l\u00e9ment d\u00e9coratif. Le taureau, symbole embl\u00e9matique de la tradition taurine en Espagne, est repr\u00e9sent\u00e9 dans une posture dynamique qui semble prendre vie, soulignant sa force et son \u00e9nergie.<\/p>\n<p>Le m\u00e9lange de tons brillants comme le rouge, le bleu, le jaune et le vert se combine de mani\u00e8re magistrale, mettant en valeur non seulement la forme du taureau, mais aussi son caract\u00e8re festif et joyeux. Cette \u0153uvre n&rsquo;est pas seulement un objet d\u00e9coratif, mais un reflet de l&rsquo;art et de la culture espagnole, \u00e9voquant la riche tradition des corridas et la place sp\u00e9ciale que ce noble animal occupe dans le c\u0153ur de beaucoup.<\/p>\n<p>Id\u00e9al pour les touristes \u00e0 la recherche de souvenirs authentiques et repr\u00e9sentatifs, ce taureau en r\u00e9sine est le choix parfait pour ceux qui souhaitent emporter un morceau d&rsquo;Espagne. Chez Ol\u00e9 Mosaic, notre engagement en tant que grossiste de souvenirs s&rsquo;aligne sur la qualit\u00e9 et l&rsquo;authenticit\u00e9, offrant aux boutiques de cadeaux touristiques l&rsquo;opportunit\u00e9 de pr\u00e9senter des produits qui c\u00e9l\u00e8brent la culture locale. Embellissez n&rsquo;importe quel espace avec cette pi\u00e8ce, qui n&rsquo;est pas seulement un souvenir, mais aussi une c\u00e9l\u00e9bration des traditions espagnoles.<\/p>\n","protected":false},"excerpt":{"rendered":"<p>Figurine d&rsquo;un taureau de 32 cm, design artisanal, peinte \u00e0 la main, avec un design de mosa\u00efque vibrant. Cette repr\u00e9sentation color\u00e9e capture l&rsquo;essence du folklore espagnol, id\u00e9ale comme souvenir ou \u00e9l\u00e9ment d\u00e9coratif. Le m\u00e9lange de tons brillants comme le rouge, le bleu, le jaune et le vert se combine parfaitement pour souligner la forme dynamique du taureau, symbole de la tradition taurine en Espagne. Un article unique qui apporte une touche de joie et de culture \u00e0 n&rsquo;importe quel espace.<\/p>\n","protected":false},"featured_media":8757,"template":"","meta":{"_acf_changed":false},"product_brand":[],"product_cat":[540],"product_tag":[530],"class_list":{"0":"post-33108","1":"product","2":"type-product","3":"status-publish","4":"has-post-thumbnail","6":"product_cat-chiffres","7":"product_tag-animaux","8":"pa_motivo-taureaux","10":"first","11":"instock","12":"shipping-taxable","13":"product-type-simple"},"acf":[],"_links":{"self":[{"href":"https:\/\/olemosaic.com\/fr\/wp-json\/wp\/v2\/product\/33108","targetHints":{"allow":["GET"]}}],"collection":[{"href":"https:\/\/olemosaic.com\/fr\/wp-json\/wp\/v2\/product"}],"about":[{"href":"https:\/\/olemosaic.com\/fr\/wp-json\/wp\/v2\/types\/product"}],"wp:featuredmedia":[{"embeddable":true,"href":"https:\/\/olemosaic.com\/fr\/wp-json\/wp\/v2\/media\/8757"}],"wp:attachment":[{"href":"https:\/\/olemosaic.com\/fr\/wp-json\/wp\/v2\/media?parent=33108"}],"wp:term":[{"taxonomy":"product_brand","embeddable":true,"href":"https:\/\/olemosaic.com\/fr\/wp-json\/wp\/v2\/product_brand?post=33108"},{"taxonomy":"product_cat","embeddable":true,"href":"https:\/\/olemosaic.com\/fr\/wp-json\/wp\/v2\/product_cat?post=33108"},{"taxonomy":"product_tag","embeddable":true,"href":"https:\/\/olemosaic.com\/fr\/wp-json\/wp\/v2\/product_tag?post=33108"}],"curies":[{"name":"wp","href":"https:\/\/api.w.org\/{rel}","templated":true}]}}