{"id":33107,"date":"2025-02-20T23:34:56","date_gmt":"2025-02-20T22:34:56","guid":{"rendered":"http:\/\/olemosaic.com\/producto\/toro-figura-de-resina-de-8-cm-pintada-a-mano\/"},"modified":"2025-07-25T18:39:29","modified_gmt":"2025-07-25T16:39:29","slug":"taureau-figurine-resine-8-cm-peinte-a-la-main","status":"publish","type":"product","link":"https:\/\/olemosaic.com\/fr\/produit\/taureau-figurine-resine-8-cm-peinte-a-la-main\/","title":{"rendered":"Taureau. Figurine en mosa\u00efque de 8 cm."},"content":{"rendered":"<p>Figurine de taureau en r\u00e9sine<\/p>\n<p>Cette figurine color\u00e9e en r\u00e9sine, en forme de taureau, est un souvenir exceptionnel de la riche culture espagnole. Avec ses 8 cm de hauteur, elle est parfaite pour \u00eatre expos\u00e9e dans n&rsquo;importe quel coin de la maison. Peinte \u00e0 la main avec une mosa\u00efque vibrante, elle se distingue par ses applications brillantes dans des tons de rouge, bleu, jaune et vert, qui refl\u00e8tent la passion et l&rsquo;art caract\u00e9risant la tradition espagnole. Le taureau est un symbole embl\u00e9matique de force et de courage, profond\u00e9ment enracin\u00e9 dans la culture ib\u00e9rique, particuli\u00e8rement en Andalousie, o\u00f9 les corridas font partie d&rsquo;\u00e9v\u00e9nements culturels importants.<\/p>\n<p>Chaque d\u00e9tail de ce taureau artisanal capture l&rsquo;essence du folklore hispanique, en faisant non seulement un objet d\u00e9coratif, mais un v\u00e9ritable symbole de l&rsquo;h\u00e9ritage culturel qui a perdur\u00e9 \u00e0 travers les si\u00e8cles. Le savoir-faire artisanal dans la peinture et l&rsquo;\u00e9laboration de la mosa\u00efque souligne le d\u00e9vouement et le talent pr\u00e9sents dans chaque pi\u00e8ce. Ce souvenir color\u00e9 est id\u00e9al pour les touristes cherchant \u00e0 ramener chez eux un morceau d&rsquo;Espagne, ce qui en fait un cadeau parfait ou un ajout pr\u00e9cieux \u00e0 toute collection. Chez Ol\u00e9 Mosaic, nous nous sp\u00e9cialisons dans la distribution de souvenirs en gros, garantissant des produits authentiques qui c\u00e9l\u00e8brent la tradition et la culture espagnole. Ce taureau est, sans aucun doute, une excellente option pour les boutiques de cadeaux touristiques souhaitant offrir \u00e0 leurs clients des souvenirs repr\u00e9sentant fid\u00e8lement l&rsquo;essence de l&rsquo;Espagne.<\/p>\n","protected":false},"excerpt":{"rendered":"<p>Figurine de 8 cm en forme de taureau, design artisanal, peinte \u00e0 la main. Ce souvenir color\u00e9 et vibrant repr\u00e9sente la culture espagnole, se distinguant par ses applications de mosa\u00efque dans des tons de rouge, bleu, jaune, vert et autres nuances. Le savoir-faire artisanal se refl\u00e8te dans chaque d\u00e9tail, capturant l&rsquo;essence du taureau, symbole de force et de tradition en Espagne. Parfait pour apporter un morceau de folklore hispanique dans n&rsquo;importe quel foyer.<\/p>\n","protected":false},"featured_media":11104,"template":"","meta":{"_acf_changed":false},"product_brand":[],"product_cat":[540],"product_tag":[530],"class_list":{"0":"post-33107","1":"product","2":"type-product","3":"status-publish","4":"has-post-thumbnail","6":"product_cat-chiffres","7":"product_tag-animaux","8":"pa_motivo-taureaux","10":"first","11":"instock","12":"shipping-taxable","13":"product-type-simple"},"acf":[],"_links":{"self":[{"href":"https:\/\/olemosaic.com\/fr\/wp-json\/wp\/v2\/product\/33107","targetHints":{"allow":["GET"]}}],"collection":[{"href":"https:\/\/olemosaic.com\/fr\/wp-json\/wp\/v2\/product"}],"about":[{"href":"https:\/\/olemosaic.com\/fr\/wp-json\/wp\/v2\/types\/product"}],"wp:featuredmedia":[{"embeddable":true,"href":"https:\/\/olemosaic.com\/fr\/wp-json\/wp\/v2\/media\/11104"}],"wp:attachment":[{"href":"https:\/\/olemosaic.com\/fr\/wp-json\/wp\/v2\/media?parent=33107"}],"wp:term":[{"taxonomy":"product_brand","embeddable":true,"href":"https:\/\/olemosaic.com\/fr\/wp-json\/wp\/v2\/product_brand?post=33107"},{"taxonomy":"product_cat","embeddable":true,"href":"https:\/\/olemosaic.com\/fr\/wp-json\/wp\/v2\/product_cat?post=33107"},{"taxonomy":"product_tag","embeddable":true,"href":"https:\/\/olemosaic.com\/fr\/wp-json\/wp\/v2\/product_tag?post=33107"}],"curies":[{"name":"wp","href":"https:\/\/api.w.org\/{rel}","templated":true}]}}