{"id":33103,"date":"2025-02-20T23:34:56","date_gmt":"2025-02-20T22:34:56","guid":{"rendered":"http:\/\/olemosaic.com\/producto\/bailaora-figura-de-resina-de-17-cm-rojo-blanco-pintada-a-mano\/"},"modified":"2025-07-25T19:03:07","modified_gmt":"2025-07-25T17:03:07","slug":"danseuse-flamenco-figurine-resine-17-cm-rouge-blanc-peinte-main","status":"publish","type":"product","link":"https:\/\/olemosaic.com\/fr\/produit\/danseuse-flamenco-figurine-resine-17-cm-rouge-blanc-peinte-main\/","title":{"rendered":"Danseuse de Flamenco. Figurine en mosa\u00efque de 17 cm. Rouge \/ blanc."},"content":{"rendered":"<p>Figurine en r\u00e9sine de danseuse de flamenco<\/p>\n<p>Cette charmante figurine en r\u00e9sine, de 17 cm de hauteur, rend hommage \u00e0 la vibrante culture flamenca d&rsquo;Espagne. Elle repr\u00e9sente une danseuse v\u00eatue d&rsquo;un \u00e9blouissant costume rouge orn\u00e9 de pois blancs. Peinte \u00e0 la main avec soin, la figurine capture l&rsquo;expression intense de la danseuse et sa posture \u00e9l\u00e9gante en mouvement, tout en tenant un \u00e9ventail qui \u00e9voque la tradition flamenca. La robe, avec ses volants d\u00e9licats et sa finition brillante, rehausse la gr\u00e2ce et le dynamisme de l&rsquo;art flamenco, faisant de cette pi\u00e8ce un symbole authentique de la passion andalouse.<\/p>\n<p>Les riches d\u00e9tails de la coiffure, ainsi que l&rsquo;expression charmante du visage, ajoutent une touche d&rsquo;authenticit\u00e9 \u00e0 cette figurine, en faisant un souvenir remarquable repr\u00e9sentatif des arts et traditions de l&rsquo;Andalousie. Ce produit n&rsquo;est pas seulement une belle pi\u00e8ce d\u00e9corative, mais aussi un souvenir significatif pour les touristes qui cherchent \u00e0 ramener chez eux un morceau de la culture espagnole. Chez Ol\u00e9 Mosaic, nous sommes des distributeurs de souvenirs de flamenco en gros, et cette figurine est une excellente option pour les boutiques de cadeaux touristiques souhaitant offrir \u00e0 leurs clients des produits c\u00e9l\u00e9brant la richesse et les couleurs du patrimoine culturel espagnol. Avec son attrait visuel et sa pertinence culturelle, cette figurine de danseuse de flamenco est un incontournable pour tout amateur de tradition.<\/p>\n","protected":false},"excerpt":{"rendered":"<p>Figurine de 17 cm de hauteur repr\u00e9sentant une danseuse avec un costume rouge vibrant \u00e0 pois blancs. Cette pi\u00e8ce au design artisanal, peinte \u00e0 la main, capture l&rsquo;essence du flamenco espagnol, montrant la danseuse en mouvement avec un \u00e9ventail \u00e0 la main. Sa robe arbore d&rsquo;\u00e9l\u00e9gants volants et la figurine se distingue par les riches d\u00e9tails de la coiffure et de l&rsquo;expression du visage, \u00e9voquant la passion de la culture andalouse.<\/p>\n","protected":false},"featured_media":6118,"template":"","meta":{"_acf_changed":false},"product_brand":[],"product_cat":[540],"product_tag":[],"class_list":{"0":"post-33103","1":"product","2":"type-product","3":"status-publish","4":"has-post-thumbnail","6":"product_cat-chiffres","7":"pa_motivo-danseurs","9":"first","10":"instock","11":"shipping-taxable","12":"product-type-simple"},"acf":[],"_links":{"self":[{"href":"https:\/\/olemosaic.com\/fr\/wp-json\/wp\/v2\/product\/33103","targetHints":{"allow":["GET"]}}],"collection":[{"href":"https:\/\/olemosaic.com\/fr\/wp-json\/wp\/v2\/product"}],"about":[{"href":"https:\/\/olemosaic.com\/fr\/wp-json\/wp\/v2\/types\/product"}],"wp:featuredmedia":[{"embeddable":true,"href":"https:\/\/olemosaic.com\/fr\/wp-json\/wp\/v2\/media\/6118"}],"wp:attachment":[{"href":"https:\/\/olemosaic.com\/fr\/wp-json\/wp\/v2\/media?parent=33103"}],"wp:term":[{"taxonomy":"product_brand","embeddable":true,"href":"https:\/\/olemosaic.com\/fr\/wp-json\/wp\/v2\/product_brand?post=33103"},{"taxonomy":"product_cat","embeddable":true,"href":"https:\/\/olemosaic.com\/fr\/wp-json\/wp\/v2\/product_cat?post=33103"},{"taxonomy":"product_tag","embeddable":true,"href":"https:\/\/olemosaic.com\/fr\/wp-json\/wp\/v2\/product_tag?post=33103"}],"curies":[{"name":"wp","href":"https:\/\/api.w.org\/{rel}","templated":true}]}}