{"id":33073,"date":"2025-02-20T23:34:55","date_gmt":"2025-02-20T22:34:55","guid":{"rendered":"http:\/\/olemosaic.com\/producto\/bailaora-figura-de-resina-de-12-cm-rojo-pintada-a-mano\/"},"modified":"2025-07-25T18:35:20","modified_gmt":"2025-07-25T16:35:20","slug":"danseuse-flamenco-figurine-resine-12-cm-rouge-peinte-a-la-main","status":"publish","type":"product","link":"https:\/\/olemosaic.com\/fr\/produit\/danseuse-flamenco-figurine-resine-12-cm-rouge-peinte-a-la-main\/","title":{"rendered":"Danseuse de Flamenco. Figurine en mosa\u00efque de 12 cm. Rouge."},"content":{"rendered":"<p>Figurine de danseuse de flamenco en r\u00e9sine<\/p>\n<p>Cette charmante figurine en r\u00e9sine de 12 cm repr\u00e9sente la passion et l&rsquo;art du flamenco, un symbole embl\u00e9matique de la culture espagnole. Peinte \u00e0 la main dans des tons rouges vibrants, la danseuse captive par sa pose \u00e9l\u00e9gante, tenant un \u00e9ventail color\u00e9 qui ajoute une touche dynamique \u00e0 la composition. Sa robe, orn\u00e9e de volants et de d\u00e9tails blancs contrastants, rehausse la beaut\u00e9 de sa silhouette, \u00e9voquant le mouvement et l&rsquo;\u00e9nergie de la danse flamenco. Chaque d\u00e9tail a \u00e9t\u00e9 m\u00e9ticuleusement \u00e9labor\u00e9 pour refl\u00e9ter l&rsquo;esprit ardent du folklore andalou, faisant de cette pi\u00e8ce une v\u00e9ritable \u0153uvre d&rsquo;art.<\/p>\n<p>Ce souvenir n&rsquo;est pas seulement un magnifique ornement, mais aussi un souvenir inoubliable de l&rsquo;Espagne, id\u00e9al pour ceux qui cherchent \u00e0 emporter un morceau de la riche tradition culturelle de l&rsquo;Andalousie. Cadeau parfait pour les touristes et les amateurs d&rsquo;art flamenco, cette figurine de danseuse est un excellent ajout \u00e0 toute boutique de cadeaux touristiques. Chez Ol\u00e9 Mosaic, nous proposons des souvenirs de flamenco authentiques et de qualit\u00e9, garantissant que chaque article r\u00e9pond aux normes d&rsquo;artisanat les plus \u00e9lev\u00e9es. Cette figurine de danseuse est sans aucun doute un exemple remarquable de notre collection de souvenirs, id\u00e9ale pour les distributeurs \u00e0 la recherche de produits repr\u00e9sentatifs et riches en culture.<\/p>\n","protected":false},"excerpt":{"rendered":"<p>Figurine de 12 cm repr\u00e9sentant une danseuse de flamenco, design artisanal, peinte \u00e0 la main, dans des tons rouges vibrants avec des d\u00e9tails blancs. Ce souvenir distinctif capture l&rsquo;essence du flamenco, montrant la danseuse dans une pose \u00e9l\u00e9gante tout en tenant un \u00e9ventail color\u00e9. Sa robe, orn\u00e9e de volants, souligne la passion et l&rsquo;\u00e9nergie du folklore andalou, en faisant un article parfait pour les amoureux de la culture espagnole.<\/p>\n","protected":false},"featured_media":6125,"template":"","meta":{"_acf_changed":false},"product_brand":[],"product_cat":[540],"product_tag":[],"class_list":{"0":"post-33073","1":"product","2":"type-product","3":"status-publish","4":"has-post-thumbnail","6":"product_cat-chiffres","7":"pa_motivo-danseurs","9":"first","10":"instock","11":"shipping-taxable","12":"product-type-simple"},"acf":[],"_links":{"self":[{"href":"https:\/\/olemosaic.com\/fr\/wp-json\/wp\/v2\/product\/33073","targetHints":{"allow":["GET"]}}],"collection":[{"href":"https:\/\/olemosaic.com\/fr\/wp-json\/wp\/v2\/product"}],"about":[{"href":"https:\/\/olemosaic.com\/fr\/wp-json\/wp\/v2\/types\/product"}],"wp:featuredmedia":[{"embeddable":true,"href":"https:\/\/olemosaic.com\/fr\/wp-json\/wp\/v2\/media\/6125"}],"wp:attachment":[{"href":"https:\/\/olemosaic.com\/fr\/wp-json\/wp\/v2\/media?parent=33073"}],"wp:term":[{"taxonomy":"product_brand","embeddable":true,"href":"https:\/\/olemosaic.com\/fr\/wp-json\/wp\/v2\/product_brand?post=33073"},{"taxonomy":"product_cat","embeddable":true,"href":"https:\/\/olemosaic.com\/fr\/wp-json\/wp\/v2\/product_cat?post=33073"},{"taxonomy":"product_tag","embeddable":true,"href":"https:\/\/olemosaic.com\/fr\/wp-json\/wp\/v2\/product_tag?post=33073"}],"curies":[{"name":"wp","href":"https:\/\/api.w.org\/{rel}","templated":true}]}}