{"id":33060,"date":"2025-02-20T23:34:54","date_gmt":"2025-02-20T22:34:54","guid":{"rendered":"http:\/\/olemosaic.com\/producto\/elefante-figura-de-resina-de-8-cm-pintada-a-mano\/"},"modified":"2025-07-25T20:20:39","modified_gmt":"2025-07-25T18:20:39","slug":"elephant-figurine-resine-8-cm-peinte-main","status":"publish","type":"product","link":"https:\/\/olemosaic.com\/fr\/produit\/elephant-figurine-resine-8-cm-peinte-main\/","title":{"rendered":"\u00c9l\u00e9phant. Figurine en mosa\u00efque de 8 cm."},"content":{"rendered":"<p>Figurine d&rsquo;\u00e9l\u00e9phant en r\u00e9sine<\/p>\n<p>D\u00e9couvrez la figurine unique d&rsquo;\u00e9l\u00e9phant en r\u00e9sine, un authentique souvenir qui repr\u00e9sente la riche culture m\u00e9diterran\u00e9enne. D&rsquo;une hauteur de 8 cm, cette magnifique pi\u00e8ce est m\u00e9ticuleusement peinte \u00e0 la main avec un effet mosa\u00efque, montrant un design vibrant qui combine des nuances allant du rouge intense au bleu attrayant. Chaque d\u00e9tail regorge de couleurs, avec des finitions brillantes qui illuminent sa forme, faisant de cette figurine un \u00e9l\u00e9ment d\u00e9coratif charmant pour n&rsquo;importe quel espace. Sa texture artistique et bien d\u00e9finie \u00e9voque le folklore et la joie des terres m\u00e9diterran\u00e9ennes, \u00e9tant id\u00e9ale tant pour les collectionneurs que pour ceux qui appr\u00e9cient l&rsquo;artisanat traditionnel.<\/p>\n<p>Cet \u00e9l\u00e9phant n&rsquo;ajoute pas seulement une touche festive \u00e0 la d\u00e9coration de la maison, mais il symbolise \u00e9galement la sagesse et la bonne chance, des valeurs profond\u00e9ment enracin\u00e9es dans de nombreuses cultures de la r\u00e9gion. C&rsquo;est un excellent cadeau pour ceux qui cherchent \u00e0 emporter un morceau authentique d&rsquo;Espagne ou du Portugal sous forme d&rsquo;art. Chez Ol\u00e9 Mosaic, nous sommes distributeurs de souvenirs en gros, et cette figurine d&rsquo;\u00e9l\u00e9phant en r\u00e9sine est une option parfaite pour les boutiques de cadeaux touristiques, garantissant l&rsquo;authenticit\u00e9 et la pertinence culturelle de chaque pi\u00e8ce.<\/p>\n","protected":false},"excerpt":{"rendered":"<p>Figurine d&rsquo;\u00e9l\u00e9phant, de 8 cm de hauteur, design artisanal, peinte \u00e0 la main, avec des couleurs vibrantes. Ce charmant souvenir pr\u00e9sente un design en mosa\u00efque avec des tons allant du rouge au bleu, mettant en valeur sa forme et ses d\u00e9tails. Sa finition brillante et textur\u00e9e lui donne un air artistique et joyeux, en faisant un \u00e9l\u00e9ment d\u00e9coratif attrayant qui \u00e9voque le folklore et la culture m\u00e9diterran\u00e9ens. Id\u00e9al pour les collectionneurs et les amateurs d&rsquo;artisanat.<\/p>\n","protected":false},"featured_media":9452,"template":"","meta":{"_acf_changed":false},"product_brand":[],"product_cat":[540],"product_tag":[530],"class_list":{"0":"post-33060","1":"product","2":"type-product","3":"status-publish","4":"has-post-thumbnail","6":"product_cat-chiffres","7":"product_tag-animaux","8":"pa_motivo-elephants","10":"first","11":"instock","12":"shipping-taxable","13":"product-type-simple"},"acf":[],"_links":{"self":[{"href":"https:\/\/olemosaic.com\/fr\/wp-json\/wp\/v2\/product\/33060","targetHints":{"allow":["GET"]}}],"collection":[{"href":"https:\/\/olemosaic.com\/fr\/wp-json\/wp\/v2\/product"}],"about":[{"href":"https:\/\/olemosaic.com\/fr\/wp-json\/wp\/v2\/types\/product"}],"wp:featuredmedia":[{"embeddable":true,"href":"https:\/\/olemosaic.com\/fr\/wp-json\/wp\/v2\/media\/9452"}],"wp:attachment":[{"href":"https:\/\/olemosaic.com\/fr\/wp-json\/wp\/v2\/media?parent=33060"}],"wp:term":[{"taxonomy":"product_brand","embeddable":true,"href":"https:\/\/olemosaic.com\/fr\/wp-json\/wp\/v2\/product_brand?post=33060"},{"taxonomy":"product_cat","embeddable":true,"href":"https:\/\/olemosaic.com\/fr\/wp-json\/wp\/v2\/product_cat?post=33060"},{"taxonomy":"product_tag","embeddable":true,"href":"https:\/\/olemosaic.com\/fr\/wp-json\/wp\/v2\/product_tag?post=33060"}],"curies":[{"name":"wp","href":"https:\/\/api.w.org\/{rel}","templated":true}]}}