{"id":33058,"date":"2025-02-20T23:34:54","date_gmt":"2025-02-20T22:34:54","guid":{"rendered":"http:\/\/olemosaic.com\/producto\/buho-figura-de-resina-de-8-cm-pintada-a-mano\/"},"modified":"2025-07-25T19:22:13","modified_gmt":"2025-07-25T17:22:13","slug":"hibou-figurine-resine-8-cm-peinte-main","status":"publish","type":"product","link":"https:\/\/olemosaic.com\/fr\/produit\/hibou-figurine-resine-8-cm-peinte-main\/","title":{"rendered":"Hibou. Figurine en mosa\u00efque de 8 cm."},"content":{"rendered":"<p>Figurine de hibou en r\u00e9sine<\/p>\n<p>Cette charmante figurine de hibou en r\u00e9sine, de 8 cm de hauteur, est un v\u00e9ritable joyau de l&rsquo;art populaire espagnol, id\u00e9ale pour ceux qui recherchent des souvenirs uniques repr\u00e9sentant la riche tradition artistique de l&rsquo;Espagne. Avec un design de mosa\u00efque vibrant comprenant un m\u00e9lange de couleurs vives comme le jaune, l&rsquo;orange et le bleu, ce hibou n&rsquo;est pas seulement un \u00e9l\u00e9ment d\u00e9coratif attrayant, mais aussi un symbole de sagesse et de protection dans de nombreuses cultures, y compris la culture m\u00e9diterran\u00e9enne. Les formes g\u00e9om\u00e9triques m\u00e9ticuleuses qui d\u00e9corent son corps se combinent pour cr\u00e9er une image captivante qui attire l&rsquo;attention dans n&rsquo;importe quel espace. Chaque d\u00e9tail a \u00e9t\u00e9 peint \u00e0 la main, garantissant que chaque pi\u00e8ce est unique, ce qui souligne non seulement la qualit\u00e9 artisanale, mais aussi l&rsquo;authenticit\u00e9 de ce souvenir. Ce hibou repr\u00e9sente l&rsquo;ing\u00e9niosit\u00e9 et la cr\u00e9ativit\u00e9 des artisans locaux, ce qui en fait un cadeau parfait pour les collectionneurs et les amateurs d&rsquo;art populaire. Chez Ol\u00e9 Mosaic, nous proposons cette figurine de hibou en r\u00e9sine en gros, ce qui en fait une option id\u00e9ale pour les boutiques de cadeaux touristiques \u00e0 la recherche de produits ayant une forte valeur culturelle et artistique.<\/p>\n","protected":false},"excerpt":{"rendered":"<p>Figurine de hibou de 8 cm, design artisanal, peinte \u00e0 la main, avec un design de mosa\u00efque vibrant. Cette charmante repr\u00e9sentation du hibou pr\u00e9sente un m\u00e9lange de couleurs vives comme le jaune, l&rsquo;orange et le bleu, qui lui donnent une touche artistique et joyeuse. Les motifs g\u00e9om\u00e9triques d\u00e9corent son corps de mani\u00e8re minutieuse, en faisant un \u00e9l\u00e9ment d\u00e9coratif attrayant inspir\u00e9 de la riche tradition artistique espagnole. Id\u00e9al pour les collectionneurs et les amateurs d&rsquo;art populaire.<\/p>\n","protected":false},"featured_media":6432,"template":"","meta":{"_acf_changed":false},"product_brand":[],"product_cat":[540],"product_tag":[530],"class_list":{"0":"post-33058","1":"product","2":"type-product","3":"status-publish","4":"has-post-thumbnail","6":"product_cat-chiffres","7":"product_tag-animaux","8":"pa_motivo-hiboux","10":"first","11":"instock","12":"shipping-taxable","13":"product-type-simple"},"acf":[],"_links":{"self":[{"href":"https:\/\/olemosaic.com\/fr\/wp-json\/wp\/v2\/product\/33058","targetHints":{"allow":["GET"]}}],"collection":[{"href":"https:\/\/olemosaic.com\/fr\/wp-json\/wp\/v2\/product"}],"about":[{"href":"https:\/\/olemosaic.com\/fr\/wp-json\/wp\/v2\/types\/product"}],"wp:featuredmedia":[{"embeddable":true,"href":"https:\/\/olemosaic.com\/fr\/wp-json\/wp\/v2\/media\/6432"}],"wp:attachment":[{"href":"https:\/\/olemosaic.com\/fr\/wp-json\/wp\/v2\/media?parent=33058"}],"wp:term":[{"taxonomy":"product_brand","embeddable":true,"href":"https:\/\/olemosaic.com\/fr\/wp-json\/wp\/v2\/product_brand?post=33058"},{"taxonomy":"product_cat","embeddable":true,"href":"https:\/\/olemosaic.com\/fr\/wp-json\/wp\/v2\/product_cat?post=33058"},{"taxonomy":"product_tag","embeddable":true,"href":"https:\/\/olemosaic.com\/fr\/wp-json\/wp\/v2\/product_tag?post=33058"}],"curies":[{"name":"wp","href":"https:\/\/api.w.org\/{rel}","templated":true}]}}