{"id":33057,"date":"2025-02-20T23:34:54","date_gmt":"2025-02-20T22:34:54","guid":{"rendered":"http:\/\/olemosaic.com\/producto\/buho-figura-de-resina-de-12-cm-pintada-a-mano\/"},"modified":"2025-07-25T18:40:27","modified_gmt":"2025-07-25T16:40:27","slug":"hibou-figurine-resine-12-cm-peinte-main","status":"publish","type":"product","link":"https:\/\/olemosaic.com\/fr\/produit\/hibou-figurine-resine-12-cm-peinte-main\/","title":{"rendered":"Figurine de hibou en mosa\u00efque de 8 cm."},"content":{"rendered":"<p>Figurine de hibou en r\u00e9sine<\/p>\n<p>D\u00e9couvrez notre charmante figurine de hibou en r\u00e9sine de 12 cm, un chef-d&rsquo;\u0153uvre de l&rsquo;art d\u00e9coratif espagnol. Cette pi\u00e8ce attrayante se distingue par sa mosa\u00efque vibrante, qui combine des nuances de jaune, bleu, vert et rouge dans un design captivant couvrant son corps. Chaque d\u00e9tail a \u00e9t\u00e9 m\u00e9ticuleusement peint \u00e0 la main, garantissant la singularit\u00e9 et l&rsquo;authenticit\u00e9 de chaque hibou. Ses grands yeux expressifs, associ\u00e9s \u00e0 son design d\u00e9taill\u00e9, apportent non seulement une touche de joie \u00e0 n&rsquo;importe quel espace, mais refl\u00e8tent \u00e9galement le riche h\u00e9ritage culturel de l&rsquo;Espagne, o\u00f9 l&rsquo;art de la c\u00e9ramique et de la peinture est c\u00e9l\u00e9br\u00e9 avec fiert\u00e9.<\/p>\n<p>Ce hibou n&rsquo;est pas seulement un objet d\u00e9coratif, mais un souvenir repr\u00e9sentatif qui capture l&rsquo;essence du folklore espagnol et sa connexion avec la nature. Id\u00e9al comme souvenir, cette figurine est une excellente id\u00e9e de cadeau pour ceux qui cherchent \u00e0 emporter un morceau de la culture et de l&rsquo;artisanat espagnols. Chez Ol\u00e9 Mosaic, en tant que grossistes de souvenirs artisanaux, nous proposons des produits authentiques qui mettent en valeur la culture locale et sont parfaits pour les boutiques de cadeaux touristiques. Ajoutez ce hibou en r\u00e9sine \u00e0 votre collection et laissez sa joie et sa couleur illuminer votre maison ou celle de vos proches.<\/p>\n","protected":false},"excerpt":{"rendered":"<p>Figurine de hibou de 12 cm, design artisanal, peinte \u00e0 la main. Son design se distingue par une mosa\u00efque color\u00e9e dans les tons jaunes, bleus, verts et rouges, cr\u00e9ant un motif attrayant sur tout son corps. Ce hibou, avec ses grands yeux expressifs et ses d\u00e9tails bien d\u00e9finis, est un excellent souvenir qui \u00e9voque la richesse culturelle et artisanale de l&rsquo;Espagne, parfait pour embellir n&rsquo;importe quel espace.<\/p>\n","protected":false},"featured_media":6430,"template":"","meta":{"_acf_changed":false},"product_brand":[],"product_cat":[540],"product_tag":[530],"class_list":{"0":"post-33057","1":"product","2":"type-product","3":"status-publish","4":"has-post-thumbnail","6":"product_cat-chiffres","7":"product_tag-animaux","8":"pa_motivo-hiboux","10":"first","11":"instock","12":"shipping-taxable","13":"product-type-simple"},"acf":[],"_links":{"self":[{"href":"https:\/\/olemosaic.com\/fr\/wp-json\/wp\/v2\/product\/33057","targetHints":{"allow":["GET"]}}],"collection":[{"href":"https:\/\/olemosaic.com\/fr\/wp-json\/wp\/v2\/product"}],"about":[{"href":"https:\/\/olemosaic.com\/fr\/wp-json\/wp\/v2\/types\/product"}],"wp:featuredmedia":[{"embeddable":true,"href":"https:\/\/olemosaic.com\/fr\/wp-json\/wp\/v2\/media\/6430"}],"wp:attachment":[{"href":"https:\/\/olemosaic.com\/fr\/wp-json\/wp\/v2\/media?parent=33057"}],"wp:term":[{"taxonomy":"product_brand","embeddable":true,"href":"https:\/\/olemosaic.com\/fr\/wp-json\/wp\/v2\/product_brand?post=33057"},{"taxonomy":"product_cat","embeddable":true,"href":"https:\/\/olemosaic.com\/fr\/wp-json\/wp\/v2\/product_cat?post=33057"},{"taxonomy":"product_tag","embeddable":true,"href":"https:\/\/olemosaic.com\/fr\/wp-json\/wp\/v2\/product_tag?post=33057"}],"curies":[{"name":"wp","href":"https:\/\/api.w.org\/{rel}","templated":true}]}}