{"id":33056,"date":"2025-02-20T23:34:54","date_gmt":"2025-02-20T22:34:54","guid":{"rendered":"http:\/\/olemosaic.com\/producto\/bailaora-figura-de-resina-de-12-cm-rojo-blanco-pintada-a-mano\/"},"modified":"2025-07-25T22:36:23","modified_gmt":"2025-07-25T20:36:23","slug":"danseuse-flamenco-figurine-resine-12-cm-rouge-blanc-peinte-main","status":"publish","type":"product","link":"https:\/\/olemosaic.com\/fr\/produit\/danseuse-flamenco-figurine-resine-12-cm-rouge-blanc-peinte-main\/","title":{"rendered":"Danseuse de Flamenco. Figurine en mosa\u00efque de 12 cm. Rouge \/ blanc."},"content":{"rendered":"<p>Figurine de Danseuse de Flamenco en R\u00e9sine<\/p>\n<p>D\u00e9couvrez cette charmante figurine en r\u00e9sine de 12 cm qui capture l&rsquo;essence du flamenco espagnol, repr\u00e9sentant une danseuse en pleine performance. Avec une robe rouge vibrante \u00e0 grands pois blancs et de nombreux volants sur la jupe, cette figurine refl\u00e8te la passion et le rythme de l&rsquo;Andalousie. La danseuse tient un \u00e9ventail color\u00e9, un accessoire indispensable dans l&rsquo;art flamenco, qui ajoute une touche d&rsquo;authenticit\u00e9 \u00e0 la pi\u00e8ce. Peinte \u00e0 la main, chaque d\u00e9tail a \u00e9t\u00e9 soigneusement \u00e9labor\u00e9, des traits fins du visage aux plis dynamiques de sa robe, cr\u00e9ant une sensation de mouvement et de gr\u00e2ce.<\/p>\n<p>Ce produit est le souvenir parfait pour ceux qui souhaitent emporter un morceau de la culture andalouse chez eux. La figurine de la danseuse de flamenco n&rsquo;est pas seulement un bel ornement, mais un symbole du patrimoine culturel de l&rsquo;Espagne, \u00e9voquant la musique et la danse, \u00e9l\u00e9ments essentiels de l&rsquo;identit\u00e9 andalouse. Chez Ol\u00e9 Mosaic, en tant qu&rsquo;experts de la distribution de souvenirs en gros, nous proposons cette figurine de danseuse, id\u00e9ale pour les boutiques de cadeaux touristiques souhaitant offrir \u00e0 leurs clients une repr\u00e9sentation authentique de la tradition flamenca. Avec cette pi\u00e8ce, les touristes pourront se souvenir de leur passage en Andalousie d&rsquo;une mani\u00e8re sp\u00e9ciale, emportant avec eux un fragment de sa magie culturelle.<\/p>\n","protected":false},"excerpt":{"rendered":"<p>Figurine de 12 cm repr\u00e9sentant une danseuse de flamenco. Cette charmante figurine, au design artisanal et peinte \u00e0 la main, en rouge et blanc, capture l&rsquo;essence de la danse espagnole avec sa robe \u00e0 volants et \u00e0 pois. Elle tient un \u00e9ventail color\u00e9, reflet de la culture andalouse. Avec ses d\u00e9tails fins et sa pose dynamique, c&rsquo;est un excellent souvenir qui \u00e9voque l&rsquo;art du flamenco et l&rsquo;esprit de l&rsquo;Andalousie.<\/p>\n","protected":false},"featured_media":6122,"template":"","meta":{"_acf_changed":false},"product_brand":[],"product_cat":[540],"product_tag":[],"class_list":{"0":"post-33056","1":"product","2":"type-product","3":"status-publish","4":"has-post-thumbnail","6":"product_cat-chiffres","7":"pa_motivo-danseurs","9":"first","10":"instock","11":"shipping-taxable","12":"product-type-simple"},"acf":[],"_links":{"self":[{"href":"https:\/\/olemosaic.com\/fr\/wp-json\/wp\/v2\/product\/33056","targetHints":{"allow":["GET"]}}],"collection":[{"href":"https:\/\/olemosaic.com\/fr\/wp-json\/wp\/v2\/product"}],"about":[{"href":"https:\/\/olemosaic.com\/fr\/wp-json\/wp\/v2\/types\/product"}],"wp:featuredmedia":[{"embeddable":true,"href":"https:\/\/olemosaic.com\/fr\/wp-json\/wp\/v2\/media\/6122"}],"wp:attachment":[{"href":"https:\/\/olemosaic.com\/fr\/wp-json\/wp\/v2\/media?parent=33056"}],"wp:term":[{"taxonomy":"product_brand","embeddable":true,"href":"https:\/\/olemosaic.com\/fr\/wp-json\/wp\/v2\/product_brand?post=33056"},{"taxonomy":"product_cat","embeddable":true,"href":"https:\/\/olemosaic.com\/fr\/wp-json\/wp\/v2\/product_cat?post=33056"},{"taxonomy":"product_tag","embeddable":true,"href":"https:\/\/olemosaic.com\/fr\/wp-json\/wp\/v2\/product_tag?post=33056"}],"curies":[{"name":"wp","href":"https:\/\/api.w.org\/{rel}","templated":true}]}}