{"id":33050,"date":"2025-02-20T23:34:53","date_gmt":"2025-02-20T22:34:53","guid":{"rendered":"http:\/\/olemosaic.com\/producto\/4-bols-de-coco-de-13-x-6-cm-abanico-4\/"},"modified":"2025-07-25T20:06:56","modified_gmt":"2025-07-25T18:06:56","slug":"4-bols-en-noix-de-coco-de-13-x-6-cm-eventail-4","status":"publish","type":"product","link":"https:\/\/olemosaic.com\/fr\/produit\/4-bols-en-noix-de-coco-de-13-x-6-cm-eventail-4\/","title":{"rendered":"4 Bols en noix de coco de 13 x 6 cm. \u00c9ventail. Fond sombre."},"content":{"rendered":"<p><span data-sheets-root=\"1\">Cet ensemble de 4 bols en noix de coco naturelle avec un design d&rsquo;\u00e9ventail est une proposition visuellement percutante qui fusionne l&rsquo;art populaire espagnol et l&rsquo;esth\u00e9tique contemporaine. Avec des dimensions de 13 x 6 cm, chaque bol a \u00e9t\u00e9 travaill\u00e9 \u00e0 la main et pr\u00e9sente une finition brillante qui rehausse l&rsquo;intensit\u00e9 de ses couleurs. Au centre, se d\u00e9tache un \u00e9ventail peint dans des tons vibrants \u2014 bleu, rouge, jaune et rose \u2014 qui contraste avec le fond sombre parsem\u00e9 de points, \u00e9voquant le dynamisme et l&rsquo;expressivit\u00e9 du folklore ib\u00e9rique.<\/p>\n<p>Le motif de l&rsquo;\u00e9ventail, symbole profond\u00e9ment enracin\u00e9 dans la culture espagnole et associ\u00e9 au flamenco et \u00e0 la tradition andalouse, prend vie entour\u00e9 d&rsquo;un motif d\u00e9coratif de c\u0153urs peints \u00e0 la main qui parcourent le bord int\u00e9rieur du bol, g\u00e9n\u00e9rant un effet visuel d&rsquo;un grand attrait. Ce jeu chromatique et symbolique fait de chaque pi\u00e8ce un souvenir authentique, plein de couleur et de sens.<\/p>\n<p>Ces bols en noix de coco d\u00e9coratifs sont une option parfaite pour les touristes \u00e0 la recherche de souvenirs d&rsquo;Espagne avec une identit\u00e9 culturelle et un design accrocheur. Chez Ol\u00e9 Mosaic, distributeur de souvenirs en gros, nous proposons des pi\u00e8ces originales qui c\u00e9l\u00e8brent les racines m\u00e9diterran\u00e9ennes avec une touche moderne. Un excellent choix pour les boutiques de cadeaux touristiques qui appr\u00e9cient l&rsquo;art artisanal avec un caract\u00e8re local.<\/span><\/p>\n","protected":false},"excerpt":{"rendered":"<p>Ensemble de 4 bols en noix de coco naturelle de 13 x 6 cm d\u00e9cor\u00e9s d&rsquo;un design vibrant d&rsquo;\u00e9ventail central. Chaque bol est de conception artisanale, peint \u00e0 la main, avec des couleurs intenses \u2014 bleu, rouge, jaune et rose \u2014 sur un fond sombre, et entour\u00e9 de c\u0153urs en contraste. Sa finition brillante et son style artisanal \u00e9voquent l&rsquo;art populaire espagnol, combinant symbolisme folklorique avec un design moderne et accrocheur.<\/p>\n","protected":false},"featured_media":10666,"template":"","meta":{"_acf_changed":false},"product_brand":[],"product_cat":[521],"product_tag":[],"class_list":{"0":"post-33050","1":"product","2":"type-product","3":"status-publish","4":"has-post-thumbnail","6":"product_cat-bols","8":"first","9":"instock","10":"shipping-taxable","11":"product-type-simple"},"acf":[],"_links":{"self":[{"href":"https:\/\/olemosaic.com\/fr\/wp-json\/wp\/v2\/product\/33050","targetHints":{"allow":["GET"]}}],"collection":[{"href":"https:\/\/olemosaic.com\/fr\/wp-json\/wp\/v2\/product"}],"about":[{"href":"https:\/\/olemosaic.com\/fr\/wp-json\/wp\/v2\/types\/product"}],"wp:featuredmedia":[{"embeddable":true,"href":"https:\/\/olemosaic.com\/fr\/wp-json\/wp\/v2\/media\/10666"}],"wp:attachment":[{"href":"https:\/\/olemosaic.com\/fr\/wp-json\/wp\/v2\/media?parent=33050"}],"wp:term":[{"taxonomy":"product_brand","embeddable":true,"href":"https:\/\/olemosaic.com\/fr\/wp-json\/wp\/v2\/product_brand?post=33050"},{"taxonomy":"product_cat","embeddable":true,"href":"https:\/\/olemosaic.com\/fr\/wp-json\/wp\/v2\/product_cat?post=33050"},{"taxonomy":"product_tag","embeddable":true,"href":"https:\/\/olemosaic.com\/fr\/wp-json\/wp\/v2\/product_tag?post=33050"}],"curies":[{"name":"wp","href":"https:\/\/api.w.org\/{rel}","templated":true}]}}