{"id":33049,"date":"2025-02-20T22:34:53","date_gmt":"2025-02-20T22:34:53","guid":{"rendered":"http:\/\/olemosaic.com\/producto\/bola-de-navidad-con-caja-sagrada-familia-barcelona\/"},"modified":"2025-07-25T20:08:59","modified_gmt":"2025-07-25T18:08:59","slug":"boule-de-noel-avec-boite-sagrada-familia-barcelone","status":"publish","type":"product","link":"https:\/\/olemosaic.com\/fr\/produit\/boule-de-noel-avec-boite-sagrada-familia-barcelone\/","title":{"rendered":"Boule de No\u00ebl avec bo\u00eete. Sagrada Familia. Barcelone."},"content":{"rendered":"<p>D\u00e9couvrez l&rsquo;esprit vibrant de Barcelone avec notre boule de No\u00ebl d\u00e9corative, inspir\u00e9e de l&#8217;embl\u00e9matique Sagrada Familia. Cet adorable ornement, fabriqu\u00e9 en c\u00e9ramique de haute qualit\u00e9, pr\u00e9sente une repr\u00e9sentation color\u00e9e et d\u00e9taill\u00e9e de l&rsquo;un des monuments les plus iconiques de la ville. Dans le design, la majestueuse Sagrada Familia se dresse dans toute sa splendeur, entour\u00e9e d&rsquo;un l\u00e9zard en mosa\u00efque qui \u00e9voque le style incomparable de Gaud\u00ed, tandis que les textes soulignant le nom de Barcelone ajoutent une touche locale et authentique au souvenir. Sa finition \u00e9l\u00e9gante, orn\u00e9e d&rsquo;un ruban rouge brillant, en fait une option id\u00e9ale pour d\u00e9corer le sapin de No\u00ebl, \u00e9voquant notament l&rsquo;esprit festif, mais aussi l&rsquo;art et la cr\u00e9ativit\u00e9 pr\u00e9sents dans chaque coin de la ville. Cette boule de No\u00ebl n&rsquo;est pas seulement un bel ornement, mais aussi un authentique souvenir de Barcelone qui capture l&rsquo;essence de son riche h\u00e9ritage culturel. Chez Ol\u00e9 Mosaic, nous sommes experts dans la distribution de souvenirs en gros, et cette boule de No\u00ebl est un excellent choix pour les boutiques de cadeaux touristiques qui cherchent \u00e0 offrir des produits repr\u00e9sentatifs et de qualit\u00e9. Avec cet article, vos clients emporteront un morceau de Barcelone et un souvenir inoubliable de leur visite.<\/p>\n","protected":false},"excerpt":{"rendered":"<p>Boule de No\u00ebl d\u00e9corative avec un design color\u00e9 inspir\u00e9 de l&#8217;embl\u00e9matique Sagrada Familia de Barcelone. Fabriqu\u00e9e en c\u00e9ramique, cette boule pr\u00e9sente une repr\u00e9sentation vibrante du c\u00e9l\u00e8bre \u00e9difice, accompagn\u00e9e d&rsquo;un l\u00e9zard en mosa\u00efque et de textes soulignant le nom de la ville. Sa finition \u00e9l\u00e9gante, avec un ruban rouge, en fait un ornement parfait pour le sapin de No\u00ebl, \u00e9voquant l&rsquo;esprit festif et l&rsquo;art de Gaud\u00ed.<\/p>\n","protected":false},"featured_media":9761,"template":"","meta":{"_acf_changed":false},"product_brand":[],"product_cat":[659],"product_tag":[646],"class_list":{"0":"post-33049","1":"product","2":"type-product","3":"status-publish","4":"has-post-thumbnail","6":"product_cat-boules-de-noel","7":"product_tag-noel","8":"pa_ciudad-barcelona","9":"pa_motivo-sagrada-familia","10":"pa_pais-espana","12":"first","13":"instock","14":"shipping-taxable","15":"product-type-simple"},"acf":[],"_links":{"self":[{"href":"https:\/\/olemosaic.com\/fr\/wp-json\/wp\/v2\/product\/33049","targetHints":{"allow":["GET"]}}],"collection":[{"href":"https:\/\/olemosaic.com\/fr\/wp-json\/wp\/v2\/product"}],"about":[{"href":"https:\/\/olemosaic.com\/fr\/wp-json\/wp\/v2\/types\/product"}],"wp:featuredmedia":[{"embeddable":true,"href":"https:\/\/olemosaic.com\/fr\/wp-json\/wp\/v2\/media\/9761"}],"wp:attachment":[{"href":"https:\/\/olemosaic.com\/fr\/wp-json\/wp\/v2\/media?parent=33049"}],"wp:term":[{"taxonomy":"product_brand","embeddable":true,"href":"https:\/\/olemosaic.com\/fr\/wp-json\/wp\/v2\/product_brand?post=33049"},{"taxonomy":"product_cat","embeddable":true,"href":"https:\/\/olemosaic.com\/fr\/wp-json\/wp\/v2\/product_cat?post=33049"},{"taxonomy":"product_tag","embeddable":true,"href":"https:\/\/olemosaic.com\/fr\/wp-json\/wp\/v2\/product_tag?post=33049"}],"curies":[{"name":"wp","href":"https:\/\/api.w.org\/{rel}","templated":true}]}}