{"id":33048,"date":"2025-02-20T23:34:53","date_gmt":"2025-02-20T22:34:53","guid":{"rendered":"http:\/\/olemosaic.com\/producto\/4-bols-de-coco-de-13-x-6-cm-bailaora-4\/"},"modified":"2025-07-25T20:25:27","modified_gmt":"2025-07-25T18:25:27","slug":"4-bols-en-noix-de-coco-de-13-x-6-cm-danseuse-flamenco-4","status":"publish","type":"product","link":"https:\/\/olemosaic.com\/fr\/produit\/4-bols-en-noix-de-coco-de-13-x-6-cm-danseuse-flamenco-4\/","title":{"rendered":"4 Bols en noix de coco de 13 x 6 cm. Danseuse de flamenco."},"content":{"rendered":"<p>Ces bols en noix de coco vibrants sont un magnifique hommage \u00e0 la culture flamenca d&rsquo;Andalousie, id\u00e9aux pour ajouter une touche de couleur \u00e0 n&rsquo;importe quel espace. Avec une taille parfaite de 13 x 6 cm, chacun des quatre bols \u2013 con\u00e7us dans des tons bleu, rouge, orange et fuchsia \u2013 est soigneusement fabriqu\u00e9 et peint \u00e0 la main, ce qui leur conf\u00e8re un caract\u00e8re unique et authentique. Les d\u00e9corations repr\u00e9sentent de gracieuses danseuses de flamenco en mouvement, \u00e9voquant l&rsquo;essence du flamenco, dont la passion et l&rsquo;art se refl\u00e8tent dans chaque d\u00e9tail. La finition brillante, qui compl\u00e8te les illustrations, souligne la palette de couleurs vibrantes, faisant de ces bols un \u00e9l\u00e9ment d\u00e9coratif attrayant qui captive le regard.<\/p>\n<p>Chaque bol n&rsquo;est pas seulement un objet fonctionnel, id\u00e9al pour servir des ap\u00e9ritifs ou comme \u00e9l\u00e9ment d\u00e9coratif, mais aussi un authentique souvenir qui capture la riche tradition culturelle de l&rsquo;Espagne. Le lien avec la danse flamenca rend ces bols parfaits pour les touristes \u00e0 la recherche de souvenirs repr\u00e9sentatifs et authentiques de leur exp\u00e9rience en Andalousie. Chez Ol\u00e9 Mosaic, nous nous sp\u00e9cialisons dans la distribution de souvenirs en gros, offrant des produits qui se distinguent par leur qualit\u00e9 et leur authenticit\u00e9. Ces bols sont une excellente option pour les boutiques de cadeaux touristiques qui souhaitent offrir \u00e0 leurs clients un v\u00e9ritable morceau de la culture espagnole.<\/p>\n","protected":false},"excerpt":{"rendered":"<p>Bols en noix de coco de 13 x 6 cm avec des designs attrayants de danseuses de flamenco, parfaits pour donner une touche de couleur \u00e0 n&rsquo;importe quel espace. Ces bols vibrants, disponibles en quatre couleurs (bleu, rouge, orange et fuchsia), pr\u00e9sentent des illustrations \u00e0 l&rsquo;effet peint \u00e0 la main qui capturent l&rsquo;essence du flamenco. Avec leur finition brillante et leurs d\u00e9corations \u00e9voquant l&rsquo;art et la culture andalous, ils sont id\u00e9aux comme souvenirs ou pour un usage quotidien.<\/p>\n","protected":false},"featured_media":13827,"template":"","meta":{"_acf_changed":false},"product_brand":[],"product_cat":[521],"product_tag":[],"class_list":{"0":"post-33048","1":"product","2":"type-product","3":"status-publish","4":"has-post-thumbnail","6":"product_cat-bols","7":"pa_motivo-danseurs","9":"first","10":"instock","11":"shipping-taxable","12":"product-type-simple"},"acf":[],"_links":{"self":[{"href":"https:\/\/olemosaic.com\/fr\/wp-json\/wp\/v2\/product\/33048","targetHints":{"allow":["GET"]}}],"collection":[{"href":"https:\/\/olemosaic.com\/fr\/wp-json\/wp\/v2\/product"}],"about":[{"href":"https:\/\/olemosaic.com\/fr\/wp-json\/wp\/v2\/types\/product"}],"wp:featuredmedia":[{"embeddable":true,"href":"https:\/\/olemosaic.com\/fr\/wp-json\/wp\/v2\/media\/13827"}],"wp:attachment":[{"href":"https:\/\/olemosaic.com\/fr\/wp-json\/wp\/v2\/media?parent=33048"}],"wp:term":[{"taxonomy":"product_brand","embeddable":true,"href":"https:\/\/olemosaic.com\/fr\/wp-json\/wp\/v2\/product_brand?post=33048"},{"taxonomy":"product_cat","embeddable":true,"href":"https:\/\/olemosaic.com\/fr\/wp-json\/wp\/v2\/product_cat?post=33048"},{"taxonomy":"product_tag","embeddable":true,"href":"https:\/\/olemosaic.com\/fr\/wp-json\/wp\/v2\/product_tag?post=33048"}],"curies":[{"name":"wp","href":"https:\/\/api.w.org\/{rel}","templated":true}]}}