{"id":33047,"date":"2025-02-20T23:34:53","date_gmt":"2025-02-20T22:34:53","guid":{"rendered":"http:\/\/olemosaic.com\/producto\/4-bols-de-coco-de-13-x-6-cm-delfin-3\/"},"modified":"2025-07-25T18:34:25","modified_gmt":"2025-07-25T16:34:25","slug":"4-bols-en-noix-de-coco-de-13-x-6-cm-dauphin-3","status":"publish","type":"product","link":"https:\/\/olemosaic.com\/fr\/produit\/4-bols-en-noix-de-coco-de-13-x-6-cm-dauphin-3\/","title":{"rendered":"4 Bols en noix de coco de 13 x 6 cm. Dauphin. Motif c\u0153urs."},"content":{"rendered":"<p>Ces bols en noix de coco vibrants, de 13 x 6 cm, sont un v\u00e9ritable t\u00e9moignage de la cr\u00e9ativit\u00e9 et de la culture carib\u00e9ennes. D\u00e9cor\u00e9s de charmants dauphins en quatre couleurs (bleu, rouge, orange et rose), chaque bol pr\u00e9sente un design peint \u00e0 la main o\u00f9 deux dauphins jouent sur un fond parsem\u00e9 de c\u0153urs, ce qui ajoute une touche de joie et de fra\u00eecheur. Fabriqu\u00e9s \u00e0 partir de coques de noix de coco recycl\u00e9es, ces bols pratiques sont non seulement id\u00e9aux pour servir des ap\u00e9ritifs, mais agissent \u00e9galement comme des \u00e9l\u00e9ments d\u00e9coratifs \u00e9voquant la chaleur de l&rsquo;\u00e9t\u00e9.<\/p>\n<p>Le lien culturel de ces bols en noix de coco avec l&rsquo;environnement c\u00f4tier est \u00e9vident ; le dauphin, symbole de libert\u00e9 et de joie, est aussi un hommage \u00e0 la richesse marine. Leur design vibrant et l&rsquo;utilisation de mat\u00e9riaux durables soulignent l&rsquo;importance de prendre soin de notre environnement, faisant de chaque pi\u00e8ce un rappel de la beaut\u00e9 naturelle et de la culture locale.<\/p>\n<p>Chez Ol\u00e9 Mosaic, nous nous sp\u00e9cialisons dans la distribution en gros de souvenirs authentiques, et ces bols sont une option parfaite pour les boutiques de cadeaux touristiques \u00e0 la recherche de produits color\u00e9s et significatifs. Int\u00e9grer ces bols en noix de coco \u00e0 votre offre garantira que les touristes trouvent un beau souvenir repr\u00e9sentatif de leurs vacances, en faisant un souvenir qui apportera toujours le sourire.<\/p>\n","protected":false},"excerpt":{"rendered":"<p>Bols en noix de coco de 13 x 6 cm d\u00e9cor\u00e9s de dauphins en quatre couleurs vibrantes : bleu, rouge, orange et rose. Chaque bol pr\u00e9sente un design artisanal, peint \u00e0 la main, o\u00f9 deux dauphins jouent sur un fond d\u00e9cor\u00e9 de c\u0153urs, cr\u00e9ant un effet visuel attrayant. Fabriqu\u00e9s \u00e0 partir de coques de noix de coco recycl\u00e9es, ces bols sont id\u00e9aux pour servir des ap\u00e9ritifs ou comme \u00e9l\u00e9ments d\u00e9coratifs, apportant une touche estivale et joyeuse \u00e0 n&rsquo;importe quel environnement.<\/p>\n","protected":false},"featured_media":10663,"template":"","meta":{"_acf_changed":false},"product_brand":[],"product_cat":[521],"product_tag":[530],"class_list":{"0":"post-33047","1":"product","2":"type-product","3":"status-publish","4":"has-post-thumbnail","6":"product_cat-bols","7":"product_tag-animaux","8":"pa_motivo-dauphins","10":"first","11":"instock","12":"shipping-taxable","13":"product-type-simple"},"acf":[],"_links":{"self":[{"href":"https:\/\/olemosaic.com\/fr\/wp-json\/wp\/v2\/product\/33047","targetHints":{"allow":["GET"]}}],"collection":[{"href":"https:\/\/olemosaic.com\/fr\/wp-json\/wp\/v2\/product"}],"about":[{"href":"https:\/\/olemosaic.com\/fr\/wp-json\/wp\/v2\/types\/product"}],"wp:featuredmedia":[{"embeddable":true,"href":"https:\/\/olemosaic.com\/fr\/wp-json\/wp\/v2\/media\/10663"}],"wp:attachment":[{"href":"https:\/\/olemosaic.com\/fr\/wp-json\/wp\/v2\/media?parent=33047"}],"wp:term":[{"taxonomy":"product_brand","embeddable":true,"href":"https:\/\/olemosaic.com\/fr\/wp-json\/wp\/v2\/product_brand?post=33047"},{"taxonomy":"product_cat","embeddable":true,"href":"https:\/\/olemosaic.com\/fr\/wp-json\/wp\/v2\/product_cat?post=33047"},{"taxonomy":"product_tag","embeddable":true,"href":"https:\/\/olemosaic.com\/fr\/wp-json\/wp\/v2\/product_tag?post=33047"}],"curies":[{"name":"wp","href":"https:\/\/api.w.org\/{rel}","templated":true}]}}