{"id":33046,"date":"2025-02-20T22:34:53","date_gmt":"2025-02-20T22:34:53","guid":{"rendered":"http:\/\/olemosaic.com\/producto\/saleros-de-ceramica-punt-de-trobada-barcelona-blanco\/"},"modified":"2025-07-25T18:53:13","modified_gmt":"2025-07-25T16:53:13","slug":"salieres-en-ceramique-punt-de-trobada-barcelone-blanc","status":"publish","type":"product","link":"https:\/\/olemosaic.com\/fr\/produit\/salieres-en-ceramique-punt-de-trobada-barcelone-blanc\/","title":{"rendered":"Sali\u00e8res en c\u00e9ramique. Punt de trobada. Barcelone. Blanc."},"content":{"rendered":"<p>Ces sali\u00e8res en c\u00e9ramique, inspir\u00e9es du style embl\u00e9matique de la mosa\u00efque de Barcelone, sont indispensables pour ceux qui cherchent \u00e0 ajouter une touche artistique et culturelle \u00e0 leur table. Avec un design moderne et color\u00e9, chaque sali\u00e8re pr\u00e9sente une surface blanche qui contraste \u00e9l\u00e9gamment avec des d\u00e9tails noirs, \u00e9voquant le c\u00e9l\u00e8bre \u00ab\u00a0Punt de Trobada\u00a0\u00bb, un symbole de l&rsquo;identit\u00e9 vibrante de la ville. D\u00e9cor\u00e9es d&rsquo;\u00e9l\u00e9ments graphiques comprenant des motifs en bleu, rouge et jaune, ces sali\u00e8res ne sont pas seulement fonctionnelles, mais deviennent de v\u00e9ritables \u0153uvres d&rsquo;art repr\u00e9sentant le dynamisme de la culture catalane.<\/p>\n<p>L&rsquo;artisanat derri\u00e8re ces sali\u00e8res souligne leur authenticit\u00e9 en tant que souvenirs de Barcelone, capturant l&rsquo;essence du modernisme et de la cr\u00e9ativit\u00e9 qui caract\u00e9rise la ville. Chaque pi\u00e8ce est un rappel des magnifiques mosa\u00efques qui ornent les parcs et les places, des concepts synth\u00e9tis\u00e9s dans cet \u00e9l\u00e9gant accessoire de cuisine. Chez Ol\u00e9 Mosaic, nous nous sp\u00e9cialisons dans la distribution de souvenirs en gros, offrant des produits de qualit\u00e9 qui refl\u00e8tent la valeur culturelle et artistique de leur lieu d&rsquo;origine. Ces sali\u00e8res sont une excellente option pour les boutiques de cadeaux touristiques, garantissant que chaque client emporte un morceau de Barcelone chez lui. Atrayantes et fonctionnelles, elles sont le cadeau parfait pour les amateurs de gastronomie et d&rsquo;art.<\/p>\n","protected":false},"excerpt":{"rendered":"<p>Sali\u00e8res en c\u00e9ramique inspir\u00e9es du style embl\u00e9matique de la mosa\u00efque de Barcelone, pr\u00e9sentant un design moderne et color\u00e9. D\u00e9cor\u00e9es d&rsquo;\u00e9l\u00e9ments graphiques comprenant des motifs en bleu, rouge et jaune, ces sali\u00e8res soulignent l&rsquo;identit\u00e9 vibrante de la ville. La surface blanche, contrast\u00e9e par des d\u00e9tails noirs, \u00e9voque le c\u00e9l\u00e8bre \u00ab\u00a0Punt de Trobada\u00a0\u00bb. Id\u00e9ales pour ajouter une touche artistique et culturelle \u00e0 n&rsquo;importe quelle table, elles sont une pi\u00e8ce fonctionnelle et d\u00e9corative.<\/p>\n","protected":false},"featured_media":9147,"template":"","meta":{"_acf_changed":false},"product_brand":[],"product_cat":[817],"product_tag":[585],"class_list":{"0":"post-33046","1":"product","2":"type-product","3":"status-publish","4":"has-post-thumbnail","6":"product_cat-salieres","7":"product_tag-ceramique","8":"pa_ciudad-barcelona","9":"pa_motivo-punt-de-trobada","10":"pa_pais-espana","12":"first","13":"instock","14":"shipping-taxable","15":"product-type-simple"},"acf":[],"_links":{"self":[{"href":"https:\/\/olemosaic.com\/fr\/wp-json\/wp\/v2\/product\/33046","targetHints":{"allow":["GET"]}}],"collection":[{"href":"https:\/\/olemosaic.com\/fr\/wp-json\/wp\/v2\/product"}],"about":[{"href":"https:\/\/olemosaic.com\/fr\/wp-json\/wp\/v2\/types\/product"}],"wp:featuredmedia":[{"embeddable":true,"href":"https:\/\/olemosaic.com\/fr\/wp-json\/wp\/v2\/media\/9147"}],"wp:attachment":[{"href":"https:\/\/olemosaic.com\/fr\/wp-json\/wp\/v2\/media?parent=33046"}],"wp:term":[{"taxonomy":"product_brand","embeddable":true,"href":"https:\/\/olemosaic.com\/fr\/wp-json\/wp\/v2\/product_brand?post=33046"},{"taxonomy":"product_cat","embeddable":true,"href":"https:\/\/olemosaic.com\/fr\/wp-json\/wp\/v2\/product_cat?post=33046"},{"taxonomy":"product_tag","embeddable":true,"href":"https:\/\/olemosaic.com\/fr\/wp-json\/wp\/v2\/product_tag?post=33046"}],"curies":[{"name":"wp","href":"https:\/\/api.w.org\/{rel}","templated":true}]}}