{"id":33040,"date":"2025-02-20T23:34:53","date_gmt":"2025-02-20T22:34:53","guid":{"rendered":"http:\/\/olemosaic.com\/producto\/saleros-de-ceramica-gallos-blanco\/"},"modified":"2025-07-25T18:46:58","modified_gmt":"2025-07-25T16:46:58","slug":"salieres-en-ceramique-coqs-blanc","status":"publish","type":"product","link":"https:\/\/olemosaic.com\/fr\/produit\/salieres-en-ceramique-coqs-blanc\/","title":{"rendered":"Sali\u00e8res en c\u00e9ramique. Coqs. Blanc."},"content":{"rendered":"<p>Ces sali\u00e8res en c\u00e9ramique d\u00e9cor\u00e9es de coqs sont un v\u00e9ritable joyau du folklore espagnol, id\u00e9ales pour ceux qui souhaitent ajouter une touche festive \u00e0 leur table. Sur un fond blanc vibrant, chaque sali\u00e8re affiche des illustrations complexes de coqs dans des tons noir, rouge et jaune, accompagn\u00e9es de charmants motifs de c\u0153urs et de fleurs. L&rsquo;artisanat derri\u00e8re chaque pi\u00e8ce est \u00e9vident dans les d\u00e9tails fins et la qualit\u00e9 du travail peint \u00e0 la main, ce qui apporte un caract\u00e8re unique et authentique \u00e0 ces souvenirs.<\/p>\n<p>Originaires de la riche tradition culturelle espagnole, les coqs symbolisent non seulement la vivacit\u00e9 et la joie de la vie rurale, mais aussi la passion du peuple espagnol pour ses coutumes et c\u00e9l\u00e9brations. Cet ensemble n&rsquo;est pas seulement fonctionnel, il agit \u00e9galement comme un \u00e9l\u00e9ment d\u00e9coratif qui \u00e9voque des souvenirs de r\u00e9unions familiales ou festives \u00e0 l&rsquo;espagnole.<\/p>\n<p>Parfaites comme souvenirs d&rsquo;Espagne, ces sali\u00e8res sont une option id\u00e9ale pour les touristes qui cherchent \u00e0 ramener chez eux un petit morceau de la culture espagnole. Chez Ol\u00e9 Mosaic, en tant que distributeurs de souvenirs en gros, nous proposons ces charmantes sali\u00e8res en c\u00e9ramique, garantissant authenticit\u00e9 et qualit\u00e9 dans chaque produit. Elles sont parfaites pour les boutiques de cadeaux touristiques qui appr\u00e9cient la richesse de l&rsquo;artisanat traditionnel.<\/p>\n","protected":false},"excerpt":{"rendered":"<p>Sali\u00e8res en c\u00e9ramique d\u00e9cor\u00e9es d&rsquo;un design vibrant de coqs, repr\u00e9sentatifs du folklore espagnol. Chaque sali\u00e8re pr\u00e9sente un fond blanc orn\u00e9 d&rsquo;illustrations color\u00e9es de coqs en noir, rouge et jaune, compl\u00e9t\u00e9es par des motifs de c\u0153urs et de fleurs. Cet ensemble, au design artisanal peint \u00e0 la main, se distingue par son savoir-faire et sa capacit\u00e9 \u00e0 ajouter une touche festive et traditionnelle \u00e0 n&rsquo;importe quelle table. Id\u00e9al pour ceux qui souhaitent ramener un petit morceau d&rsquo;Espagne chez eux.<\/p>\n","protected":false},"featured_media":8897,"template":"","meta":{"_acf_changed":false},"product_brand":[],"product_cat":[817],"product_tag":[530,585],"class_list":{"0":"post-33040","1":"product","2":"type-product","3":"status-publish","4":"has-post-thumbnail","6":"product_cat-salieres","7":"product_tag-animaux","8":"product_tag-ceramique","9":"pa_motivo-coqs","11":"first","12":"instock","13":"shipping-taxable","14":"product-type-simple"},"acf":[],"_links":{"self":[{"href":"https:\/\/olemosaic.com\/fr\/wp-json\/wp\/v2\/product\/33040","targetHints":{"allow":["GET"]}}],"collection":[{"href":"https:\/\/olemosaic.com\/fr\/wp-json\/wp\/v2\/product"}],"about":[{"href":"https:\/\/olemosaic.com\/fr\/wp-json\/wp\/v2\/types\/product"}],"wp:featuredmedia":[{"embeddable":true,"href":"https:\/\/olemosaic.com\/fr\/wp-json\/wp\/v2\/media\/8897"}],"wp:attachment":[{"href":"https:\/\/olemosaic.com\/fr\/wp-json\/wp\/v2\/media?parent=33040"}],"wp:term":[{"taxonomy":"product_brand","embeddable":true,"href":"https:\/\/olemosaic.com\/fr\/wp-json\/wp\/v2\/product_brand?post=33040"},{"taxonomy":"product_cat","embeddable":true,"href":"https:\/\/olemosaic.com\/fr\/wp-json\/wp\/v2\/product_cat?post=33040"},{"taxonomy":"product_tag","embeddable":true,"href":"https:\/\/olemosaic.com\/fr\/wp-json\/wp\/v2\/product_tag?post=33040"}],"curies":[{"name":"wp","href":"https:\/\/api.w.org\/{rel}","templated":true}]}}