{"id":33038,"date":"2025-02-20T23:34:52","date_gmt":"2025-02-20T22:34:52","guid":{"rendered":"http:\/\/olemosaic.com\/producto\/4-bols-de-coco-de-13-x-6-cm-isla-tenerife-5\/"},"modified":"2025-07-25T19:16:21","modified_gmt":"2025-07-25T17:16:21","slug":"4-bols-en-noix-de-coco-de-13-x-6-cm-ile-tenerife-canaries","status":"publish","type":"product","link":"https:\/\/olemosaic.com\/fr\/produit\/4-bols-en-noix-de-coco-de-13-x-6-cm-ile-tenerife-canaries\/","title":{"rendered":"4 Bols en noix de coco de 13 x 6 cm. \u00cele. Tenerife. Canaries."},"content":{"rendered":"<p>Ces bols exquis en noix de coco de 13 x 6 cm sont le reflet fid\u00e8le de la riche tradition artisanale de Tenerife. Chacun pr\u00e9sente un design unique, orn\u00e9 de motifs vibrants dans des tons de bleu, rose, jaune et plus encore, qui \u00e9voquent la diversit\u00e9 et la beaut\u00e9 du paysage canarien. Leur finition brillante rehausse les d\u00e9tails de chaque pi\u00e8ce, donnant vie aux couleurs et apportant une touche distinctive \u00e0 n&rsquo;importe quel foyer. Avec leurs formes arrondies et une \u00e9l\u00e9gante mosa\u00efque qui les orne, ces bols sont id\u00e9aux pour servir des ap\u00e9ritifs et \u00e9galement parfaits comme \u00e9l\u00e9ments d\u00e9coratifs, apportant un air de fra\u00eecheur et de joie.<\/p>\n<p>L&rsquo;utilisation de mat\u00e9riaux naturels dans leur fabrication souligne l&rsquo;engagement envers la durabilit\u00e9 et l&rsquo;authenticit\u00e9, faisant de ces bols un souvenir repr\u00e9sentatif de la culture canarienne. Chaque bol, avec son charme artisanal, devient un souvenir parfait pour ceux qui visitent Tenerife, capturant l&rsquo;essence de l&rsquo;\u00eele dans une pi\u00e8ce fonctionnelle et d\u00e9corative. Chez Ol\u00e9 Mosaic, en tant que grossiste de souvenirs de Tenerife, nous proposons ces bols en noix de coco en gros, id\u00e9aux pour les boutiques de cadeaux touristiques \u00e0 la recherche d&rsquo;articles uniques et significatifs. Ces souvenirs de l&rsquo;\u00eele de Tenerife ne sont pas seulement un plaisir visuel, mais aussi un morceau de l&rsquo;\u00e2me canarienne que les touristes voudront emporter chez eux.<\/p>\n","protected":false},"excerpt":{"rendered":"<p>Bols en noix de coco de 13 x 6 cm, parfaits comme souvenir de Tenerife. Chacun pr\u00e9sente un design unique avec des motifs color\u00e9s dans des tons de bleu, rose, jaune et plus encore, se distinguant par sa finition brillante qui rehausse les d\u00e9tails. Ces pi\u00e8ces, \u00e9labor\u00e9es \u00e0 partir de mat\u00e9riaux naturels, sont d\u00e9cor\u00e9es de formes arrondies et d&rsquo;une \u00e9l\u00e9gante mosa\u00efque qui \u00e9voque le paysage vibrant des Canaries. Id\u00e9aux pour servir des ap\u00e9ritifs ou comme \u00e9l\u00e9ment d\u00e9coratif.<\/p>\n","protected":false},"featured_media":12119,"template":"","meta":{"_acf_changed":false},"product_brand":[],"product_cat":[521],"product_tag":[],"class_list":{"0":"post-33038","1":"product","2":"type-product","3":"status-publish","4":"has-post-thumbnail","6":"product_cat-bols","7":"pa_ciudad-tenerife","8":"pa_motivo-iles","9":"pa_pais-espana","11":"first","12":"instock","13":"shipping-taxable","14":"product-type-simple"},"acf":[],"_links":{"self":[{"href":"https:\/\/olemosaic.com\/fr\/wp-json\/wp\/v2\/product\/33038","targetHints":{"allow":["GET"]}}],"collection":[{"href":"https:\/\/olemosaic.com\/fr\/wp-json\/wp\/v2\/product"}],"about":[{"href":"https:\/\/olemosaic.com\/fr\/wp-json\/wp\/v2\/types\/product"}],"wp:featuredmedia":[{"embeddable":true,"href":"https:\/\/olemosaic.com\/fr\/wp-json\/wp\/v2\/media\/12119"}],"wp:attachment":[{"href":"https:\/\/olemosaic.com\/fr\/wp-json\/wp\/v2\/media?parent=33038"}],"wp:term":[{"taxonomy":"product_brand","embeddable":true,"href":"https:\/\/olemosaic.com\/fr\/wp-json\/wp\/v2\/product_brand?post=33038"},{"taxonomy":"product_cat","embeddable":true,"href":"https:\/\/olemosaic.com\/fr\/wp-json\/wp\/v2\/product_cat?post=33038"},{"taxonomy":"product_tag","embeddable":true,"href":"https:\/\/olemosaic.com\/fr\/wp-json\/wp\/v2\/product_tag?post=33038"}],"curies":[{"name":"wp","href":"https:\/\/api.w.org\/{rel}","templated":true}]}}