{"id":33037,"date":"2025-02-20T23:34:52","date_gmt":"2025-02-20T22:34:52","guid":{"rendered":"http:\/\/olemosaic.com\/producto\/4-bols-de-coco-de-13-x-6-cm-salamandra-barcelona-3\/"},"modified":"2025-07-25T19:27:50","modified_gmt":"2025-07-25T17:27:50","slug":"4-bols-en-noix-de-coco-de-13-x-6-cm-salamandre-gaudi-barcelone","status":"publish","type":"product","link":"https:\/\/olemosaic.com\/fr\/produit\/4-bols-en-noix-de-coco-de-13-x-6-cm-salamandre-gaudi-barcelone\/","title":{"rendered":"4 Bols en noix de coco de 13 x 6 cm. Salamandre. Gaud\u00ed. Barcelone."},"content":{"rendered":"<p>Ces charmants bols d\u00e9coratifs en noix de coco, inspir\u00e9s de l&rsquo;iconographie vibrante de Barcelone, sont le compl\u00e9ment parfait pour tout foyer ou \u00e9v\u00e9nement social. Chaque bol, de 13 x 6 cm, est disponible en quatre couleurs \u00e9clatantes : bleu, rouge, orange et fuchsia. La d\u00e9coration pr\u00e9sente un design unique avec des motifs de c\u0153urs et, comme \u00e9l\u00e9ment phare, une \u00e9l\u00e9gante salamandre, symbole embl\u00e9matique de la culture catalane qui \u00e9voque la cr\u00e9ativit\u00e9 et l&rsquo;art de la ville.<\/p>\n<p>Le mot \u00ab\u00a0Barcelone\u00a0\u00bb est grav\u00e9 sur chaque pi\u00e8ce, ce qui renforce le lien culturel du produit et en fait un souvenir repr\u00e9sentatif de la ville. Fabriqu\u00e9s dans un mat\u00e9riau l\u00e9ger, ces bols sont id\u00e9aux pour servir des ap\u00e9ritifs, en plus d&rsquo;\u00eatre des \u00e9l\u00e9ments d\u00e9coratifs color\u00e9s pour n&rsquo;importe quel espace.<\/p>\n<p>En tant que distributeur de souvenirs en gros, Ol\u00e9 Mosaic propose ces bols originaux en noix de coco, parfaits pour les boutiques de cadeaux touristiques qui recherchent des produits authentiques capturant l&rsquo;essence de Barcelone. Avec leur design tr\u00e8s sp\u00e9cial et leur pertinence culturelle, ces bols sont une excellente option pour les touristes qui souhaitent ramener chez eux une touche de culture catalane et un souvenir vibrant de leur visite dans cette ville embl\u00e9matique.<\/p>\n","protected":false},"excerpt":{"rendered":"<p>Bols d\u00e9coratifs en noix de coco de 13 x 6 cm, inspir\u00e9s de l&rsquo;iconographie de Barcelone. Chaque bol pr\u00e9sente une finition vibrante en quatre couleurs : bleu, rouge, orange et fuchsia, orn\u00e9s de motifs de c\u0153urs. Leur design tr\u00e8s sp\u00e9cial inclut une \u00e9l\u00e9gante salamandre, symbole de la culture catalane, et le mot \u00ab\u00a0Barcelone\u00a0\u00bb grav\u00e9 sur chaque pi\u00e8ce. Fabriqu\u00e9s dans un mat\u00e9riau l\u00e9ger, ils sont parfaits pour servir des ap\u00e9ritifs ou comme \u00e9l\u00e9ment d\u00e9coratif dans n&rsquo;importe quel foyer.<\/p>\n","protected":false},"featured_media":10675,"template":"","meta":{"_acf_changed":false},"product_brand":[],"product_cat":[521],"product_tag":[530],"class_list":{"0":"post-33037","1":"product","2":"type-product","3":"status-publish","4":"has-post-thumbnail","6":"product_cat-bols","7":"product_tag-animaux","8":"pa_ciudad-barcelona","9":"pa_motivo-salamandres","10":"pa_pais-espana","12":"first","13":"instock","14":"shipping-taxable","15":"product-type-simple"},"acf":[],"_links":{"self":[{"href":"https:\/\/olemosaic.com\/fr\/wp-json\/wp\/v2\/product\/33037","targetHints":{"allow":["GET"]}}],"collection":[{"href":"https:\/\/olemosaic.com\/fr\/wp-json\/wp\/v2\/product"}],"about":[{"href":"https:\/\/olemosaic.com\/fr\/wp-json\/wp\/v2\/types\/product"}],"wp:featuredmedia":[{"embeddable":true,"href":"https:\/\/olemosaic.com\/fr\/wp-json\/wp\/v2\/media\/10675"}],"wp:attachment":[{"href":"https:\/\/olemosaic.com\/fr\/wp-json\/wp\/v2\/media?parent=33037"}],"wp:term":[{"taxonomy":"product_brand","embeddable":true,"href":"https:\/\/olemosaic.com\/fr\/wp-json\/wp\/v2\/product_brand?post=33037"},{"taxonomy":"product_cat","embeddable":true,"href":"https:\/\/olemosaic.com\/fr\/wp-json\/wp\/v2\/product_cat?post=33037"},{"taxonomy":"product_tag","embeddable":true,"href":"https:\/\/olemosaic.com\/fr\/wp-json\/wp\/v2\/product_tag?post=33037"}],"curies":[{"name":"wp","href":"https:\/\/api.w.org\/{rel}","templated":true}]}}