{"id":33035,"date":"2025-02-20T23:34:52","date_gmt":"2025-02-20T22:34:52","guid":{"rendered":"http:\/\/olemosaic.com\/producto\/4-bols-de-coco-de-13-x-6-cm-abanico-3\/"},"modified":"2025-07-25T18:33:26","modified_gmt":"2025-07-25T16:33:26","slug":"4-bols-en-noix-de-coco-de-13-x-6-cm-eventail-3","status":"publish","type":"product","link":"https:\/\/olemosaic.com\/fr\/produit\/4-bols-en-noix-de-coco-de-13-x-6-cm-eventail-3\/","title":{"rendered":"4 Bols en noix de coco de 13 x 6 cm. \u00c9ventail. Mosa\u00efque."},"content":{"rendered":"<p><span data-sheets-root=\"1\">Cet ensemble de 4 bols en noix de coco avec motif d&rsquo;\u00e9ventail est une proposition d\u00e9corative inspir\u00e9e du folklore espagnol et de l&rsquo;art m\u00e9diterran\u00e9en, id\u00e9ale pour les boutiques de souvenirs \u00e0 la recherche de produits authentiques et attrayants. Chaque bol, fabriqu\u00e9 \u00e0 partir d&rsquo;une coque de noix de coco naturelle et polie, mesure 13 x 6 cm et pr\u00e9sente un design int\u00e9rieur en mosa\u00efque de tesselles irr\u00e9guli\u00e8res dans des tons vifs tels que le rose, le bleu, le lilas, le rouge et le dor\u00e9, dispos\u00e9es sur un fond blanc nacr\u00e9 qui apporte \u00e9clat et \u00e9l\u00e9gance.<\/p>\n<p>Au centre de chaque bol se d\u00e9tache un \u00e9ventail sculpt\u00e9 \u00e0 la main, symbole repr\u00e9sentatif de la culture espagnole, \u00e9troitement li\u00e9 au flamenco, \u00e0 la danse traditionnelle et \u00e0 l&rsquo;esth\u00e9tique andalouse. Ce d\u00e9tail central, combin\u00e9 \u00e0 la composition vibrante de couleurs et de textures, \u00e9voque l&rsquo;essence festive et color\u00e9e de la p\u00e9ninsule ib\u00e9rique. Le travail artisanal conf\u00e8re \u00e0 chaque pi\u00e8ce une personnalit\u00e9 unique, id\u00e9ale comme souvenir visuel et \u00e9motionnel d&rsquo;un voyage en Espagne.<\/p>\n<p>Ces bols d\u00e9coratifs en noix de coco ne sont pas seulement un \u00e9l\u00e9ment fonctionnel ou d\u00e9coratif, mais aussi un souvenir artisanal parfait pour ceux qui cherchent \u00e0 emporter un morceau de l&rsquo;art local. Chez Ol\u00e9 Mosaic, grossiste en souvenirs, nous proposons des pi\u00e8ces dot\u00e9es d&rsquo;une identit\u00e9 culturelle et d&rsquo;une finition artistique, con\u00e7ues pour les distributeurs et les boutiques de cadeaux touristiques qui appr\u00e9cient l&rsquo;authenticit\u00e9 et le design.<\/span><\/p>\n","protected":false},"excerpt":{"rendered":"<p><span data-sheets-root=\"1\">Ensemble de 4 bols fabriqu\u00e9s \u00e0 partir de coques de noix de coco naturelles, de 13 x 6 cm, d\u00e9cor\u00e9s d&rsquo;un motif central d&rsquo;\u00e9ventail. L&rsquo;int\u00e9rieur pr\u00e9sente un design artisanal de mosa\u00efque avec des tesselles irr\u00e9guli\u00e8res dans des tons vifs tels que le rose, le bleu, le lilas, le rouge et le dor\u00e9, sur un fond blanc nacr\u00e9. Chaque pi\u00e8ce est finie \u00e0 la main, inspir\u00e9e de l&rsquo;art d\u00e9coratif m\u00e9diterran\u00e9en et des \u00e9l\u00e9ments traditionnels du folklore espagnol.<\/span><\/p>\n","protected":false},"featured_media":13825,"template":"","meta":{"_acf_changed":false},"product_brand":[],"product_cat":[521],"product_tag":[530],"class_list":{"0":"post-33035","1":"product","2":"type-product","3":"status-publish","4":"has-post-thumbnail","6":"product_cat-bols","7":"product_tag-animaux","9":"first","10":"instock","11":"shipping-taxable","12":"product-type-simple"},"acf":[],"_links":{"self":[{"href":"https:\/\/olemosaic.com\/fr\/wp-json\/wp\/v2\/product\/33035","targetHints":{"allow":["GET"]}}],"collection":[{"href":"https:\/\/olemosaic.com\/fr\/wp-json\/wp\/v2\/product"}],"about":[{"href":"https:\/\/olemosaic.com\/fr\/wp-json\/wp\/v2\/types\/product"}],"wp:featuredmedia":[{"embeddable":true,"href":"https:\/\/olemosaic.com\/fr\/wp-json\/wp\/v2\/media\/13825"}],"wp:attachment":[{"href":"https:\/\/olemosaic.com\/fr\/wp-json\/wp\/v2\/media?parent=33035"}],"wp:term":[{"taxonomy":"product_brand","embeddable":true,"href":"https:\/\/olemosaic.com\/fr\/wp-json\/wp\/v2\/product_brand?post=33035"},{"taxonomy":"product_cat","embeddable":true,"href":"https:\/\/olemosaic.com\/fr\/wp-json\/wp\/v2\/product_cat?post=33035"},{"taxonomy":"product_tag","embeddable":true,"href":"https:\/\/olemosaic.com\/fr\/wp-json\/wp\/v2\/product_tag?post=33035"}],"curies":[{"name":"wp","href":"https:\/\/api.w.org\/{rel}","templated":true}]}}